{"id":103,"date":"2024-02-01T15:26:01","date_gmt":"2024-02-01T14:26:01","guid":{"rendered":"https:\/\/www.stockholm-card.com\/?page_id=103"},"modified":"2025-02-07T09:31:58","modified_gmt":"2025-02-07T08:31:58","slug":"otisk","status":"publish","type":"page","link":"https:\/\/www.stockholm-card.com\/cs\/imprint\/","title":{"rendered":"Pr\u00e1vn\u00ed upozorn\u011bn\u00ed"},"content":{"rendered":"<p>Patrick K\u00fchne<br>Kolpingstr. 12<br>04416 Markkleeberg<\/p>\n\n\n\n<h2 class=\"wp-block-heading\">Kontakt<\/h2>\n\n\n\n<p>E-mail: patrick@101places.de.de<\/p>\n\n\n\n<h2 class=\"wp-block-heading\">ID pro da\u0148 z prodeje<\/h2>\n\n\n\n<p>Identifika\u010dn\u00ed \u010d\u00edslo pro da\u0148 z obratu podle \u00a7 27a z\u00e1kona o dani z obratu:<br>DE251359457<\/p>\n\n\n\n<h2 class=\"wp-block-heading\">\u0158e\u0161en\u00ed spot\u0159ebitelsk\u00fdch spor\u016f<\/h2>\n\n\n\n<p>Nejsme ochotni ani povinni \u00fa\u010dastnit se \u0159\u00edzen\u00ed o \u0159e\u0161en\u00ed spor\u016f p\u0159ed spot\u0159ebitelskou rozhod\u010d\u00ed komis\u00ed.<\/p>","protected":false},"excerpt":{"rendered":"<p>Patrick K\u00fchneKolpingstr. 1204416 Markkleeberg Kontaktn\u00ed e-mail: patrick@101places.de.de DI\u010c Identifika\u010dn\u00ed \u010d\u00edslo pro DPH podle \u00a7 27a Umsatzsteuergesetz:DE251359457 \u0158e\u0161en\u00ed spot\u0159ebitelsk\u00fdch spor\u016f Nejsme ochotni ani povinni \u00fa\u010dastnit se \u0159\u00edzen\u00ed o \u0159e\u0161en\u00ed spor\u016f p\u0159ed spot\u0159ebitelskou arbitr\u00e1\u017e\u00ed.<\/p>","protected":false},"author":1,"featured_media":0,"parent":0,"menu_order":0,"comment_status":"closed","ping_status":"closed","template":"","meta":{"footnotes":""},"class_list":["post-103","page","type-page","status-publish"],"aioseo_notices":[],"featured_image_src":null,"_links":{"self":[{"href":"https:\/\/www.stockholm-card.com\/cs\/wp-json\/wp\/v2\/pages\/103","targetHints":{"allow":["GET"]}}],"collection":[{"href":"https:\/\/www.stockholm-card.com\/cs\/wp-json\/wp\/v2\/pages"}],"about":[{"href":"https:\/\/www.stockholm-card.com\/cs\/wp-json\/wp\/v2\/types\/page"}],"author":[{"embeddable":true,"href":"https:\/\/www.stockholm-card.com\/cs\/wp-json\/wp\/v2\/users\/1"}],"replies":[{"embeddable":true,"href":"https:\/\/www.stockholm-card.com\/cs\/wp-json\/wp\/v2\/comments?post=103"}],"version-history":[{"count":3,"href":"https:\/\/www.stockholm-card.com\/cs\/wp-json\/wp\/v2\/pages\/103\/revisions"}],"predecessor-version":[{"id":272,"href":"https:\/\/www.stockholm-card.com\/cs\/wp-json\/wp\/v2\/pages\/103\/revisions\/272"}],"wp:attachment":[{"href":"https:\/\/www.stockholm-card.com\/cs\/wp-json\/wp\/v2\/media?parent=103"}],"curies":[{"name":"wp","href":"https:\/\/api.w.org\/{rel}","templated":true}]}}