{"id":322,"date":"2025-03-28T13:45:40","date_gmt":"2025-03-28T12:45:40","guid":{"rendered":"https:\/\/www.stockholm-card.com\/cookie-richtlinie\/"},"modified":"2025-03-28T13:45:40","modified_gmt":"2025-03-28T12:45:40","slug":"cookie-szabalyzat","status":"publish","type":"page","link":"https:\/\/www.stockholm-card.com\/hu\/cookie-richtlinie\/","title":{"rendered":"Cookie szab\u00e1lyzat"},"content":{"rendered":"<p>Ezzel a cookie-szab\u00e1lyzattal szeretn\u00e9nk elmagyar\u00e1zni, hogy mik azok a cookie-k \u00e9s cookie-szer\u0171 technol\u00f3gi\u00e1k, hogyan haszn\u00e1ljuk \u0151ket mi \u00e9s m\u00e1s szolg\u00e1ltat\u00f3k ezen a weboldalon, milyen inform\u00e1ci\u00f3kat gy\u0171jtenek, mennyi ideig \u00e9s milyen c\u00e9lokra haszn\u00e1ljuk \u0151ket.<\/p><h2>Tartalomjegyz\u00e9k<\/h2><ul><li><a href=\"#controller-of-the-website\">A weboldal\u00e9rt felel\u0151s szem\u00e9ly<\/a><\/li><li><a href=\"#diff-to-privacy-policy\">Az adatv\u00e9delmi politika kieg\u00e9sz\u00edt\u00e9se<\/a><\/li><li><a href=\"#cookie-technology\">Mik azok a s\u00fctik \u00e9s hasonl\u00f3 technol\u00f3gi\u00e1k?<\/a><\/li><li><a href=\"#legal-basis\">Mi a jogalapja a s\u00fctik be\u00e1ll\u00edt\u00e1s\u00e1nak\/olvas\u00e1s\u00e1nak?<\/a><\/li><li><a href=\"#rights-of-visitor\">Milyen jogokkal rendelkezik a weboldal l\u00e1togat\u00f3ja?<\/a><\/li><li><a href=\"#manage-cookies\">Hogyan kezelhetem a s\u00fctiket a b\u00f6ng\u00e9sz\u0151ben?<\/a><\/li><li><a href=\"#types-of-cookies\">Milyen t\u00edpus\u00fa s\u00fctik vannak?<\/a><\/li><li><a href=\"#cookies-origin\">Ki \u00e1ll\u00edthat be s\u00fctiket ezen a weboldalon?<\/a><\/li><li><a href=\"#list-of-services\">Milyen s\u00fctiket haszn\u00e1lunk ezen a weboldalon?<\/a><\/li><\/ul><h2 id=\"controller-of-the-website\">A weboldal\u00e9rt felel\u0151s szem\u00e9ly<\/h2><ul><li><strong>Szolg\u00e1ltat\u00f3: <\/strong>Stockholm Card, N\u00e9metorsz\u00e1g<\/li><li><strong>Email: <\/strong><a target=\"_blank\" href=\"mailto:patrick@101places.de\">patrick@101places.de<\/a><\/li><\/ul><h2 id=\"diff-to-privacy-policy\">Az adatv\u00e9delmi politika kieg\u00e9sz\u00edt\u00e9se<\/h2><p>Ez a s\u00fctikre vonatkoz\u00f3 szab\u00e1lyzat a weboldal {{Adatv\u00e9delmi szab\u00e1lyzat}}Adatv\u00e9delmi szab\u00e1lyzat{{{\/privacyPolicy}} kieg\u00e9sz\u00edt\u00e9se. A cookie-ir\u00e1nyelv meghat\u00e1rozza, hogy a weboldal hogyan haszn\u00e1lja a cookie-kat, \u00e9s milyen adatokat gy\u0171jt vel\u00fck, m\u00edg az adatv\u00e9delmi ir\u00e1nyelv \u00e1tfog\u00f3bb \u00e1ttekint\u00e9st ny\u00fajt a weboldalon \u00e9s azon t\u00fal v\u00e9gzett \u00f6sszes adatfeldolgoz\u00e1si tev\u00e9kenys\u00e9gr\u0151l.<\/p><h2 id=\"cookie-technology\">Mik azok a s\u00fctik \u00e9s hasonl\u00f3 technol\u00f3gi\u00e1k?<\/h2><p>A s\u00fctik kis inform\u00e1ci\u00f3egys\u00e9gek, amelyek a sz\u00f6vegf\u00e1jlokhoz hasonl\u00f3ak, \u00e9s a v\u00e9gberendez\u00e9sen t\u00e1rolhat\u00f3k \u00e9s olvashat\u00f3k. K\u00fcl\u00f6nb\u00f6z\u0151 c\u00e9lokat szolg\u00e1lnak, t\u00f6bbek k\u00f6z\u00f6tt a weboldal alapvet\u0151 funkci\u00f3inak fenntart\u00e1s\u00e1t, a biztons\u00e1got \u00e9s az adatv\u00e9delmet, a weboldal opcion\u00e1lis funkci\u00f3inak biztos\u00edt\u00e1s\u00e1t, a l\u00e1togat\u00f3i forgalomra vonatkoz\u00f3 statisztikai adatok gy\u0171jt\u00e9s\u00e9t \u00e9s a marketingrendszerek biztos\u00edt\u00e1s\u00e1t. Gyakorlati p\u00e9ld\u00e1k arra, hogy mit t\u00e1rolhatnak a s\u00fctik, a felhaszn\u00e1l\u00f3i fi\u00f3kok bejelentkez\u00e9si st\u00e1tusz\u00e1nak t\u00e1rol\u00e1sa, az e-kereskedelmi platformok kosarainak tartalma vagy a weboldalon val\u00f3 viselked\u00e9s nyomon k\u00f6vet\u00e9s\u00e9re szolg\u00e1l\u00f3 felhaszn\u00e1l\u00f3i azonos\u00edt\u00f3.<br \/><br \/>Az inform\u00e1ci\u00f3 technikailag t\u00f6bbf\u00e9lek\u00e9ppen t\u00e1rolhat\u00f3. A legismertebb p\u00e9ld\u00e1k erre a HTTP-s\u00fctik \u00e9s a s\u00fcti-szer\u0171 technol\u00f3gi\u00e1k, mint p\u00e9ld\u00e1ul a helyi t\u00e1rol\u00e1s, a munkamenet-t\u00e1rol\u00e1s vagy az IndexedDB. Minden t\u00e1rol\u00e1si t\u00edpusnak m\u00e1s-m\u00e1s jellemz\u0151i vannak, amelyek meghat\u00e1rozz\u00e1k a technikai kezel\u00e9st, a hozz\u00e1f\u00e9rhet\u0151s\u00e9get \u00e9s az inform\u00e1ci\u00f3khoz val\u00f3 hozz\u00e1f\u00e9r\u00e9s\u00e9rt felel\u0151s, felhatalmazott szem\u00e9lyeket. A t\u00e1rol\u00e1s ezen t\u00edpusait \u00e1ltal\u00e1ban a \"cookie-k\" kifejez\u00e9s alatt foglalj\u00e1k \u00f6ssze, ez\u00e9rt a jelen cookie-szab\u00e1lyzatban is \u00edgy hivatkozunk r\u00e1juk.<\/p><h2 id=\"legal-basis\">Mi a jogalapja a s\u00fctik be\u00e1ll\u00edt\u00e1s\u00e1nak\/olvas\u00e1s\u00e1nak?<\/h2><p>A s\u00fctik be\u00e1ll\u00edt\u00e1sa \u00e9s olvas\u00e1sa csak akkor enged\u00e9lyezett az Eur\u00f3pai Uni\u00f3ban (EU) \u00e9s az Eur\u00f3pai Gazdas\u00e1gi T\u00e9rs\u00e9gben (EGT) a Az elektronikus kereskedelmi szolg\u00e1ltat\u00e1sokr\u00f3l, valamint az inform\u00e1ci\u00f3s t\u00e1rsadalommal \u00f6sszef\u00fcgg\u0151 szolg\u00e1ltat\u00e1sok egyes k\u00e9rd\u00e9seir\u0151l sz\u00f3l\u00f3 t\u00f6rv\u00e9ny (T\u00f6rv\u00e9ny az elektronikus kereskedelmi szolg\u00e1ltat\u00e1sok, valamint az inform\u00e1ci\u00f3s t\u00e1rsadalommal \u00f6sszef\u00fcgg\u0151 szolg\u00e1ltat\u00e1sok egyes k\u00e9rd\u00e9seir\u0151l) szerint, ha a felhaszn\u00e1l\u00f3 a feldolgoz\u00e1s c\u00e9ljair\u00f3l sz\u00f3l\u00f3 \u00e1tfog\u00f3 t\u00e1j\u00e9koztat\u00e1s alapj\u00e1n beleegyez\u00e9s\u00e9t adta. A weboldal \u00fczemeltet\u0151je cookie-kat is elhelyezhet, ha azok felt\u00e9tlen\u00fcl sz\u00fcks\u00e9gesek ahhoz, hogy \u00d6nnek mint felhaszn\u00e1l\u00f3nak a kifejezetten k\u00e9rt szolg\u00e1ltat\u00e1st ny\u00fajthassa, pl. a weboldal alapvet\u0151 tartalma vagy a weboldal alapvet\u0151 funkci\u00f3ihoz felt\u00e9tlen\u00fcl sz\u00fcks\u00e9ges egy\u00e9b cookie-k, amelyek az \u00d6n hozz\u00e1j\u00e1rul\u00e1sa n\u00e9lk\u00fcl jelennek meg az \u00d6n sz\u00e1m\u00e1ra.<\/p><h2 id=\"rights-of-visitor\">Milyen jogokkal rendelkezik a weboldal l\u00e1togat\u00f3ja?<\/h2><p>A szolg\u00e1ltat\u00e1sok \u00e9s a hozz\u00e1juk tartoz\u00f3 cookie-k az \u00d6n hozz\u00e1j\u00e1rul\u00e1sa vagy jogos \u00e9rdeke alapj\u00e1n \u00e1ll\u00edthat\u00f3k be \u00e9s olvashat\u00f3k. Amikor \u00d6n el\u0151sz\u00f6r l\u00e1togatta meg ezt a weboldalt, \u00d6nt\u0151l k\u00e9rt\u00fck a hozz\u00e1j\u00e1rul\u00e1s\u00e1t, \u00e9s lehet\u0151s\u00e9ge volt arra, hogy tiltakozzon bizonyos szolg\u00e1ltat\u00e1sok ig\u00e9nybev\u00e9tele ellen. A hozz\u00e1j\u00e1rul\u00e1sr\u00f3l sz\u00f3l\u00f3 p\u00e1rbesz\u00e9dben elmagyar\u00e1ztuk, hogy melyik szolg\u00e1ltat\u00e1s eset\u00e9ben melyik jogalapot haszn\u00e1ljuk.<br \/><br \/>\u00d6n jogosult arra, hogy megtekinthesse a d\u00f6nt\u00e9sei el\u0151zm\u00e9nyeit, megv\u00e1ltoztathassa adatv\u00e9delmi be\u00e1ll\u00edt\u00e1sait, tiltakozhasson a szolg\u00e1ltat\u00e1sok haszn\u00e1lata ellen, \u00e9s b\u00e1rmikor visszavonhassa hozz\u00e1j\u00e1rul\u00e1s\u00e1t. Az al\u00e1bbiakban megtal\u00e1lja a jogai gyakorl\u00e1s\u00e1nak m\u00f3dj\u00e1t:<br \/><ul><li><a  href=\"#consent-change\" role=\"button\" id=\"rcb-sc-link-change\" data-success-message=\"\" class=\"rcb-sc-link rcb-sc-link-change\">Adatv\u00e9delmi be\u00e1ll\u00edt\u00e1sok m\u00f3dos\u00edt\u00e1sa<\/a><\/li><li><a  href=\"#consent-history\" role=\"button\" id=\"rcb-sc-link-history\" data-success-message=\"\" class=\"rcb-sc-link rcb-sc-link-history\">Az adatv\u00e9delmi be\u00e1ll\u00edt\u00e1sok t\u00f6rt\u00e9nete<\/a><\/li><li><a  href=\"#consent-revoke\" role=\"button\" id=\"rcb-sc-link-revoke\" data-success-message=\"\u00d6n sikeresen visszavonta a cookie-kat tartalmaz\u00f3 szolg\u00e1ltat\u00e1sokra \u00e9s a szem\u00e9lyes adatok feldolgoz\u00e1s\u00e1ra vonatkoz\u00f3 hozz\u00e1j\u00e1rul\u00e1s\u00e1t. Az oldal most \u00fajra bet\u00f6lt\u0151dik!\" class=\"rcb-sc-link rcb-sc-link-revoke\">Hozz\u00e1j\u00e1rul\u00e1sok visszavon\u00e1sa<\/a><\/li><\/ul><\/p><h2 id=\"manage-cookies\">Hogyan kezelhetem a s\u00fctiket a b\u00f6ng\u00e9sz\u0151ben?<\/h2><p><ul><li><strong>Hogyan lehet elt\u00e1vol\u00edtani a s\u00fctiket a b\u00f6ng\u00e9sz\u0151ben:<\/strong> A s\u00fctik elt\u00e1vol\u00edt\u00e1s\u00e1hoz az eszk\u00f6z\u00e9r\u0151l t\u00f6r\u00f6lheti a b\u00f6ng\u00e9sz\u0151 adatait a b\u00f6ng\u00e9sz\u0151 be\u00e1ll\u00edt\u00e1saiban. Ez az \u00f6sszes megl\u00e1togatott webhely \u00f6sszes cookie-j\u00e1t t\u00f6rli, bele\u00e9rtve a mentett bejelentkez\u00e9si adatokat \u00e9s a webhelybe\u00e1ll\u00edt\u00e1sokat is. Egyes b\u00f6ng\u00e9sz\u0151kben csak a cookie-kat \u00e9s hasonl\u00f3 adatokat t\u00f6r\u00f6lheti an\u00e9lk\u00fcl, hogy a teljes b\u00f6ng\u00e9sz\u00e9si el\u0151zm\u00e9nyeket t\u00f6r\u00f6ln\u00e9.<\/li><li><strong>Hogyan szab\u00e1lyozhatja a s\u00fctiket a b\u00f6ng\u00e9sz\u0151ben:<\/strong> Ha pontosabban szeretn\u00e9 ellen\u0151rizni bizonyos weboldalak cookie-jait, l\u00e9pjen be a b\u00f6ng\u00e9sz\u0151je adatv\u00e9delmi \u00e9s cookie-be\u00e1ll\u00edt\u00e1saiba. Itt m\u00f3dos\u00edthatja az egyes webhelyek cookie-haszn\u00e1lat\u00e1nak be\u00e1ll\u00edt\u00e1sait.<\/li><li><strong>Hogyan lehet blokkolni a s\u00fctiket a b\u00f6ng\u00e9sz\u0151ben:<\/strong> A legt\u00f6bb modern b\u00f6ng\u00e9sz\u0151n\u00e9l a be\u00e1ll\u00edt\u00e1sokban megadhatja, hogy ne t\u00e1roljanak s\u00fctiket az eszk\u00f6z\u00e9n. A s\u00fctik letilt\u00e1sa azonban azt eredm\u00e9nyezheti, hogy bizonyos szolg\u00e1ltat\u00e1sok \u00e9s funkci\u00f3k nem m\u0171k\u00f6dnek megfelel\u0151en, p\u00e9ld\u00e1ul a felhaszn\u00e1l\u00f3k\u00e9nt val\u00f3 bejelentkez\u00e9s. Sz\u00e1mos b\u00f6ng\u00e9sz\u0151h\u00f6z l\u00e9teznek olyan b\u0151v\u00edtm\u00e9nyek is, amelyek blokkolni tudj\u00e1k a cookie-k be\u00e1ll\u00edt\u00e1s\u00e1t a webhelyeken.<\/li><li><strong>Hogyan kezelheti a s\u00fctiket ezen a weboldalon:<\/strong> A weboldalon tal\u00e1lhat\u00f3 cookie-kkal kapcsolatos be\u00e1ll\u00edt\u00e1sait b\u00e1rmikor m\u00f3dos\u00edthatja, ha a \"Weboldal l\u00e1togat\u00f3i jogok\" szakaszban tal\u00e1lhat\u00f3 linkre kattintva m\u00f3dos\u00edthatja a be\u00e1ll\u00edt\u00e1sokat.<\/li><\/li><\/ul><p>A s\u00fctik kezel\u00e9s\u00e9vel kapcsolatban tov\u00e1bbi inform\u00e1ci\u00f3kat tal\u00e1l a k\u00f6vetkez\u0151 weboldalon <a href=\"https:\/\/devowl.io\/de\/rcb\/cookie-handhabung\/\" target=\"_blank\">devowl.io\/en\/rcb\/cookie-handling\/<\/a>.<\/p><\/p><h2 id=\"types-of-cookies\">Milyen t\u00edpus\u00fa s\u00fctik vannak?<\/h2><p><ul><li><strong>L\u00e9nyeges s\u00fctik<\/strong> elengedhetetlenek a weboldal alapvet\u0151 m\u0171k\u00f6d\u00e9s\u00e9hez, \u00e9s olyan funkci\u00f3kat tesznek lehet\u0151v\u00e9, mint a bejelentkez\u00e9si adatok t\u00e1rol\u00e1sa vagy a weboldal biztons\u00e1gos ter\u00fcleteinek el\u00e9r\u00e9se. Ide tartoznak p\u00e9ld\u00e1ul a biztons\u00e1gi cookie-k, amelyek egy hiteles\u00edt\u00e9si kulcs cookie-ban t\u00f6rt\u00e9n\u0151 t\u00e1rol\u00e1s\u00e1val k\u00e9pesek azonos\u00edtani a weboldalon nem k\u00edv\u00e1nt botokat.<\/li><li><strong>Funkcion\u00e1lis s\u00fctik<\/strong> a felhaszn\u00e1l\u00f3i \u00e9lm\u00e9ny jav\u00edt\u00e1sa olyan inform\u00e1ci\u00f3k \u00e9s preferenci\u00e1k t\u00e1rol\u00e1s\u00e1val, mint p\u00e9ld\u00e1ul a nyelvi be\u00e1ll\u00edt\u00e1sok vagy a weboldal megjelen\u00e9s\u00e9re vonatkoz\u00f3 be\u00e1ll\u00edt\u00e1sok, a szem\u00e9lyre szabott megjelen\u00edt\u00e9s lehet\u0151v\u00e9 t\u00e9tele \u00e9rdek\u00e9ben. Ide tartoznak p\u00e9ld\u00e1ul a preferencias\u00fctik, amelyek a felhaszn\u00e1l\u00f3 \u00e1ltal a weboldalon prefer\u00e1lt vide\u00f3min\u0151s\u00e9get t\u00e1rolj\u00e1k.<\/li><li><strong>Statisztikai s\u00fctik<\/strong> adatokat gy\u0171jtenek a weboldal haszn\u00e1lat\u00e1r\u00f3l, hogy betekint\u00e9st nyerjenek a felhaszn\u00e1l\u00f3i magatart\u00e1sba, \u00e9s optimaliz\u00e1lj\u00e1k a weboldal teljes\u00edtm\u00e9ny\u00e9t. Ide tartozik p\u00e9ld\u00e1ul egy v\u00e9letlenszer\u0171en hozz\u00e1rendelt felhaszn\u00e1l\u00f3i azonos\u00edt\u00f3, amely alapj\u00e1n meg\u00e1llap\u00edthat\u00f3, hogy \u00d6n megl\u00e1togatta-e a weboldal egy aloldal\u00e1t.<\/li><li><strong>Marketing \u00e9des<\/strong> arra haszn\u00e1lj\u00e1k, hogy nyomon k\u00f6vess\u00e9k a felhaszn\u00e1l\u00f3k viselked\u00e9s\u00e9t a k\u00fcl\u00f6nb\u00f6z\u0151 weboldalakon, \u00e9s hogy a felhaszn\u00e1l\u00f3k \u00e9rdekl\u0151d\u00e9si k\u00f6r\u00e9n \u00e9s b\u00f6ng\u00e9sz\u00e9si szok\u00e1sain alapul\u00f3 szem\u00e9lyre szabott hirdet\u00e9seket jelen\u00edtsenek meg. Ide tartoznak p\u00e9ld\u00e1ul a hirdet\u00e9si s\u00fctik, amelyek t\u00e1rolj\u00e1k a weboldalon egy hirdet\u00e9ssel val\u00f3 interakci\u00f3t, \u00e9s tov\u00e1bb\u00edtj\u00e1k azt a hirdet\u0151knek, vagy a v\u00e1s\u00e1rl\u00e1s el\u0151tti k\u00e9rd\u00e9sek \u00e9s az \u00fcgyf\u00e9lszolg\u00e1lat chat-rendszere.<\/li><\/li><\/ul><\/p><h2 id=\"cookies-origin\">Ki \u00e1ll\u00edthat be s\u00fctiket ezen a weboldalon?<\/h2><p>Ezen a weboldalon mind a weboldal \u00fczemeltet\u0151je, mind a weboldalon haszn\u00e1lt harmadik f\u00e9l szolg\u00e1ltat\u00e1sok cookie-kat \u00e1ll\u00edthatnak be, \u00e9s hozz\u00e1f\u00e9rhetnek azok tartalm\u00e1hoz. Megk\u00fcl\u00f6nb\u00f6ztetj\u00fck az els\u0151 f\u00e9lt\u0151l \u00e9s a harmadik f\u00e9lt\u0151l sz\u00e1rmaz\u00f3 s\u00fctiket a tekintetben, hogy ki milyen s\u00fctikhez \u00e9s azok tartalm\u00e1hoz f\u00e9rhet hozz\u00e1. Az els\u0151 f\u00e9lt\u0151l sz\u00e1rmaz\u00f3 cookie-kat a megl\u00e1togatott weboldal hozza l\u00e9tre, \u00e9s azokat csak a weboldal \u00fczemeltet\u0151je \u00e9s a weboldalon integr\u00e1lt harmadik f\u00e9lt\u0151l sz\u00e1rmaz\u00f3 szolg\u00e1ltat\u00e1sok olvashatj\u00e1k. A harmadik f\u00e9lt\u0151l sz\u00e1rmaz\u00f3 cookie-kat \u00e1ltal\u00e1ban harmadik f\u00e9l szolg\u00e1ltat\u00e1sai hozz\u00e1k l\u00e9tre m\u00e1s domaineken, \u00e9s minden olyan weboldalon olvashat\u00f3k, amelyen a domain ir\u00e1ny\u00edt\u00e1s\u00e1t v\u00e9gz\u0151 szolg\u00e1ltat\u00e1s be van \u00e1gyazva, \u00e9s p\u00e9ld\u00e1ul a hirdet\u00e9si h\u00e1l\u00f3zatok arra haszn\u00e1lj\u00e1k \u0151ket, hogy nyomon k\u00f6vess\u00e9k a felhaszn\u00e1l\u00f3k viselked\u00e9s\u00e9t a k\u00fcl\u00f6nb\u00f6z\u0151 weboldalakon, \u00e9s szem\u00e9lyre szabott hirdet\u00e9seket k\u00edn\u00e1ljanak.<\/p><h2 id=\"list-of-services\">Milyen s\u00fctiket haszn\u00e1lunk ezen a weboldalon?<\/h2><script type=\"application\/json\">{\"search\":{\"placeholder\":\"Keres\\u00e9s...\"},\"sort\":{\"sortAsc\":\"Oszlop rendez\\u00e9se felfel\\u00e9 haladva\",\"sortDesc\":\"Oszlop rendez\\u00e9se lefel\\u00e9 haladva\"},\"pagination\":{\"previous\":\"El\\u0151z\\u0151\",\"next\":\"K\\u00f6vetkez\\u0151\",\"navigate\":\"%1$d oldal %2$d-b\\u00f3l\\\/b\\u0151l\",\"page\":\"%d oldal\",\"showing\":\"Megmutatja\",\"of\":\"a\",\"to\":\"c\\u00edmre\",\"results\":\"eredm\\u00e9nyek\"},\"noRecordsFound\":\"Nem tal\\u00e1ltunk megfelel\\u0151 tal\\u00e1latokat\"}<\/script><table  class=\"devowl-wp-react-cookie-banner-cookie-policy\"><thead><tr><th width=\"200px\" scope=\"col\">Kateg\u00f3ria<\/th><th width=\"400px\" scope=\"col\">Technikai s\u00fcti neve<\/th><th width=\"400px\" scope=\"col\">Technikai cookie-gazda<\/th><th width=\"400px\" scope=\"col\">Szolg\u00e1ltat\u00e1s<\/th><th width=\"250px\" scope=\"col\">Id\u0151tartam<\/th><th width=\"200px\" scope=\"col\">T\u00edpus<\/th><th width=\"550px\" scope=\"col\">C\u00e9l<\/th><\/tr><\/thead><tbody><tr><td>L\u00e9nyeges<\/td><td>trp_language<\/td><td>www.stockholm-card.com<\/td><td>TranslatePress<\/td><td>30 napok<\/td><td>HTTP-s\u00fcti<\/td><td>-<\/td><\/tr><tr><td>L\u00e9nyeges<\/td><td>real_cookie_banner*<\/td><td>.stockholm-card.com<\/td><td>Val\u00f3di s\u00fcti banner<\/td><td>365 napok<\/td><td>HTTP-s\u00fcti<\/td><td>Egyedi azonos\u00edt\u00f3 a hozz\u00e1j\u00e1rul\u00e1shoz, de nem a weboldal l\u00e1togat\u00f3j\u00e1hoz. A cookie-banner be\u00e1ll\u00edt\u00e1sainak (sz\u00f6vegek, sz\u00ednek, funkci\u00f3k, szolg\u00e1ltat\u00e1scsoportok, szolg\u00e1ltat\u00e1sok, tartalomblokkol\u00f3k stb.) fel\u00fclvizsg\u00e1lati hash-ja. A hozz\u00e1j\u00e1rul\u00e1ssal rendelkez\u0151 szolg\u00e1ltat\u00e1sok \u00e9s szolg\u00e1ltat\u00e1scsoportok azonos\u00edt\u00f3i.<\/td><\/tr><tr><td>L\u00e9nyeges<\/td><td>real_cookie_banner*-tcf<\/td><td>.stockholm-card.com<\/td><td>Val\u00f3di s\u00fcti banner<\/td><td>365 napok<\/td><td>HTTP-s\u00fcti<\/td><td>A TCF r\u00e9szek\u00e9nt gy\u0171jt\u00f6tt \u00e9s TC String form\u00e1tumban t\u00e1rolt hozz\u00e1j\u00e1rul\u00e1sok, bele\u00e9rtve a TCF-szolg\u00e1ltat\u00f3kat, c\u00e9lokat, k\u00fcl\u00f6nleges c\u00e9lokat, funkci\u00f3kat \u00e9s k\u00fcl\u00f6nleges funkci\u00f3kat.<\/td><\/tr><tr><td>L\u00e9nyeges<\/td><td>real_cookie_banner*-gcm<\/td><td>.stockholm-card.com<\/td><td>Val\u00f3di s\u00fcti banner<\/td><td>365 napok<\/td><td>HTTP-s\u00fcti<\/td><td>A Google Hozz\u00e1j\u00e1rul\u00e1si m\u00f3dban a k\u00fcl\u00f6nb\u00f6z\u0151 hozz\u00e1j\u00e1rul\u00e1si t\u00edpusokhoz (c\u00e9lokhoz) gy\u0171jt\u00f6tt hozz\u00e1j\u00e1rul\u00e1sok a Google Hozz\u00e1j\u00e1rul\u00e1si m\u00f3ddal kompatibilis valamennyi szolg\u00e1ltat\u00e1s eset\u00e9ben t\u00e1rol\u00e1sra ker\u00fclnek.<\/td><\/tr><tr><td>L\u00e9nyeges<\/td><td>real_cookie_banner-test<\/td><td>.stockholm-card.com<\/td><td>Val\u00f3di s\u00fcti banner<\/td><td>365 napok<\/td><td>HTTP-s\u00fcti<\/td><td>A HTTP-s\u00fctik m\u0171k\u00f6d\u00e9s\u00e9nek tesztel\u00e9s\u00e9re be\u00e1ll\u00edtott s\u00fcti. A teszt ut\u00e1n azonnal t\u00f6rl\u0151dik.<\/td><\/tr><tr><td>L\u00e9nyeges<\/td><td>real_cookie_banner*<\/td><td>https:\/\/www.stockholm-card.com<\/td><td>Val\u00f3di s\u00fcti banner<\/td><td>-<\/td><td>Helyi t\u00e1rol\u00e1s<\/td><td>Egyedi azonos\u00edt\u00f3 a hozz\u00e1j\u00e1rul\u00e1shoz, de nem a weboldal l\u00e1togat\u00f3j\u00e1hoz. A cookie-banner be\u00e1ll\u00edt\u00e1sainak (sz\u00f6vegek, sz\u00ednek, funkci\u00f3k, szolg\u00e1ltat\u00e1scsoportok, szolg\u00e1ltat\u00e1sok, tartalomblokkol\u00f3k stb.) fel\u00fclvizsg\u00e1lati hash-ja. A hozz\u00e1j\u00e1rul\u00e1ssal rendelkez\u0151 szolg\u00e1ltat\u00e1sok \u00e9s szolg\u00e1ltat\u00e1scsoportok azonos\u00edt\u00f3i. Csak addig t\u00e1rolj\u00e1k, am\u00edg a weboldal szerver\u00e9n nem dokument\u00e1lj\u00e1k a hozz\u00e1j\u00e1rul\u00e1st.<\/td><\/tr><tr><td>L\u00e9nyeges<\/td><td>real_cookie_banner*-tcf<\/td><td>https:\/\/www.stockholm-card.com<\/td><td>Val\u00f3di s\u00fcti banner<\/td><td>-<\/td><td>Helyi t\u00e1rol\u00e1s<\/td><td>A TCF r\u00e9szek\u00e9nt gy\u0171jt\u00f6tt hozz\u00e1j\u00e1rul\u00e1sok TC string form\u00e1tumban ker\u00fclnek t\u00e1rol\u00e1sra, bele\u00e9rtve a TCF forgalmaz\u00f3kat, c\u00e9lokat, k\u00fcl\u00f6nleges c\u00e9lokat, funkci\u00f3kat \u00e9s k\u00fcl\u00f6nleges funkci\u00f3kat. Csak addig t\u00e1rolj\u00e1k, am\u00edg a hozz\u00e1j\u00e1rul\u00e1st a weboldal szerver\u00e9n dokument\u00e1lj\u00e1k.<\/td><\/tr><tr><td>L\u00e9nyeges<\/td><td>real_cookie_banner*-gcm<\/td><td>https:\/\/www.stockholm-card.com<\/td><td>Val\u00f3di s\u00fcti banner<\/td><td>-<\/td><td>Helyi t\u00e1rol\u00e1s<\/td><td>A Google Hozz\u00e1j\u00e1rul\u00e1si m\u00f3d r\u00e9szek\u00e9nt r\u00f6gz\u00edtett hozz\u00e1j\u00e1rul\u00e1sok a Google Hozz\u00e1j\u00e1rul\u00e1si m\u00f3ddal kompatibilis valamennyi szolg\u00e1ltat\u00e1s eset\u00e9ben a hozz\u00e1j\u00e1rul\u00e1si t\u00edpusok (c\u00e9lok) k\u00f6z\u00f6tt ker\u00fclnek t\u00e1rol\u00e1sra. A t\u00e1rol\u00e1s csak addig t\u00f6rt\u00e9nik, am\u00edg a hozz\u00e1j\u00e1rul\u00e1s dokument\u00e1l\u00e1sra nem ker\u00fcl a weboldal szerver\u00e9n.<\/td><\/tr><tr><td>L\u00e9nyeges<\/td><td>real_cookie_banner-konzekvencia-v\u00e1r\u00f3lista*<\/td><td>https:\/\/www.stockholm-card.com<\/td><td>Val\u00f3di s\u00fcti banner<\/td><td>-<\/td><td>Helyi t\u00e1rol\u00e1s<\/td><td>A kiv\u00e1laszt\u00e1s helyi gyors\u00edt\u00f3t\u00e1raz\u00e1sa a cookie-bannerben, am\u00edg a kiszolg\u00e1l\u00f3 nem dokument\u00e1lja a hozz\u00e1j\u00e1rul\u00e1st; a dokument\u00e1l\u00e1st id\u0151szakonk\u00e9nt vagy oldalv\u00e1lt\u00e1skor megk\u00eds\u00e9rlik, ha a kiszolg\u00e1l\u00f3 nem el\u00e9rhet\u0151 vagy t\u00falterhelt.<\/td><\/tr><tr><td>Funkcion\u00e1lis<\/td><td>wpEmojiSettingsSupports<\/td><td>https:\/\/www.stockholm-card.com<\/td><td>WordPress Emojik<\/td><td>\u00dcL\u00c9S<\/td><td>Munkamenet t\u00e1rol\u00e1sa<\/td><td>Id\u0151b\u00e9lyegek \u00e9s az emojik be\u00e1ll\u00edt\u00e1s\u00e1nak lehet\u0151s\u00e9ge<\/td><\/tr><tr><td>Marketing<\/td><td>visitor_id<\/td><td>.getyourguide.com<\/td><td>GetYourGuide<\/td><td>14 h\u00f3napok<\/td><td>HTTP-s\u00fcti<\/td><td>Felhaszn\u00e1l\u00f3i azonos\u00edt\u00f3<\/td><\/tr><tr><td>Marketing<\/td><td>__ssid<\/td><td>.getyourguide.com<\/td><td>GetYourGuide<\/td><td>14 h\u00f3napok<\/td><td>HTTP-s\u00fcti<\/td><td>Felhaszn\u00e1l\u00f3i azonos\u00edt\u00f3<\/td><\/tr><tr><td>Marketing<\/td><td>__cf_bm<\/td><td>.getyourguide.com<\/td><td>GetYourGuide<\/td><td>10 \u00f3r\u00e1k<\/td><td>HTTP-s\u00fcti<\/td><td>Azonos\u00edtja \u00e9s cs\u00f6kkenti az automatiz\u00e1lt forgalmat, hogy megv\u00e9dje a webhelyet a rosszindulat\u00fa botokt\u00f3l.<\/td><\/tr><\/tbody><\/table><p>A s\u00fctikre vonatkoz\u00f3 szab\u00e1lyzatot utolj\u00e1ra 19. m\u00e1jus 2025 friss\u00edtett\u00e9k.<\/p>","protected":false},"excerpt":{"rendered":"","protected":false},"author":1,"featured_media":0,"parent":0,"menu_order":0,"comment_status":"closed","ping_status":"closed","template":"","meta":{"footnotes":""},"class_list":["post-322","page","type-page","status-publish"],"aioseo_notices":[],"featured_image_src":null,"_links":{"self":[{"href":"https:\/\/www.stockholm-card.com\/hu\/wp-json\/wp\/v2\/pages\/322","targetHints":{"allow":["GET"]}}],"collection":[{"href":"https:\/\/www.stockholm-card.com\/hu\/wp-json\/wp\/v2\/pages"}],"about":[{"href":"https:\/\/www.stockholm-card.com\/hu\/wp-json\/wp\/v2\/types\/page"}],"author":[{"embeddable":true,"href":"https:\/\/www.stockholm-card.com\/hu\/wp-json\/wp\/v2\/users\/1"}],"replies":[{"embeddable":true,"href":"https:\/\/www.stockholm-card.com\/hu\/wp-json\/wp\/v2\/comments?post=322"}],"version-history":[{"count":0,"href":"https:\/\/www.stockholm-card.com\/hu\/wp-json\/wp\/v2\/pages\/322\/revisions"}],"wp:attachment":[{"href":"https:\/\/www.stockholm-card.com\/hu\/wp-json\/wp\/v2\/media?parent=322"}],"curies":[{"name":"wp","href":"https:\/\/api.w.org\/{rel}","templated":true}]}}