{"id":83,"date":"2024-02-01T13:53:20","date_gmt":"2024-02-01T12:53:20","guid":{"rendered":"https:\/\/www.stockholm-card.com\/?page_id=83"},"modified":"2026-02-17T10:24:41","modified_gmt":"2026-02-17T09:24:41","slug":"faq","status":"publish","type":"page","link":"https:\/\/www.stockholm-card.com\/it\/faq\/","title":{"rendered":"Stockholm Card: domande e risposte"},"content":{"rendered":"<div class=\"wp-block-ub-content-toggle wp-block-ub-content-toggle-block\" id=\"ub-content-toggle-block-871686f8-cae5-4039-98b7-be1fa0773e1d\" data-mobilecollapse=\"false\" data-desktopcollapse=\"true\" data-preventcollapse=\"false\" data-showonlyone=\"false\">\n<div class=\"wp-block-ub-content-toggle-accordion\" style=\"border-color: #f1f1f1; \" id=\"ub-content-toggle-panel-block-\">\n\t\t\t<div class=\"wp-block-ub-content-toggle-accordion-title-wrap\" style=\"background-color: #f1f1f1;\" aria-controls=\"ub-content-toggle-panel-0-871686f8-cae5-4039-98b7-be1fa0773e1d\" tabindex=\"0\">\n\t\t\t<p class=\"wp-block-ub-content-toggle-accordion-title ub-content-toggle-title-871686f8-cae5-4039-98b7-be1fa0773e1d\" style=\"color: #000000; \">Come funziona la Stockholm Card?<\/p>\n\t\t\t<div class=\"wp-block-ub-content-toggle-accordion-toggle-wrap right\" style=\"color: #000000;\"><span class=\"wp-block-ub-content-toggle-accordion-state-indicator wp-block-ub-chevron-down\"><\/span><\/div>\n\t\t<\/div>\n\t\t\t<div role=\"region\" aria-expanded=\"false\" class=\"wp-block-ub-content-toggle-accordion-content-wrap ub-hide\" id=\"ub-content-toggle-panel-0-871686f8-cae5-4039-98b7-be1fa0773e1d\">\n\n<p>La Stockholm Card \u00e8 una tessera turistica della capitale svedese. I titolari di questa carta hanno accesso gratuito a oltre 65 musei e attrazioni. Con un periodo di validit\u00e0 da 1 a 5 giorni, \u00e8 possibile utilizzare tutti i servizi che si desidera. \u00c8 inoltre possibile utilizzare gli autobus hop-on hop-off e partecipare a numerose gite in barca. Acquistate la Stockholm Card online e scaricatela direttamente sul vostro cellulare. La carta \u00e8 subito pronta all'uso.<\/p>\n\n<\/div>\n\t\t<\/div>\n\n<div class=\"wp-block-ub-content-toggle-accordion\" style=\"border-color: #f1f1f1; \" id=\"ub-content-toggle-panel-block-\">\n\t\t\t<div class=\"wp-block-ub-content-toggle-accordion-title-wrap\" style=\"background-color: #f1f1f1;\" aria-controls=\"ub-content-toggle-panel-1-871686f8-cae5-4039-98b7-be1fa0773e1d\" tabindex=\"0\">\n\t\t\t<p class=\"wp-block-ub-content-toggle-accordion-title ub-content-toggle-title-871686f8-cae5-4039-98b7-be1fa0773e1d\" style=\"color: #000000; \">I trasporti pubblici sono inclusi nella Stockholm Card?<\/p>\n\t\t\t<div class=\"wp-block-ub-content-toggle-accordion-toggle-wrap right\" style=\"color: #000000;\"><span class=\"wp-block-ub-content-toggle-accordion-state-indicator wp-block-ub-chevron-down\"><\/span><\/div>\n\t\t<\/div>\n\t\t\t<div role=\"region\" aria-expanded=\"false\" class=\"wp-block-ub-content-toggle-accordion-content-wrap ub-hide\" id=\"ub-content-toggle-panel-1-871686f8-cae5-4039-98b7-be1fa0773e1d\">\n\n<p>No, purtroppo i trasporti pubblici non possono essere utilizzati con la Stockholm Card. Tuttavia, \u00e8 possibile utilizzare gli autobus e i battelli hop-on hop-off di Str\u00f8mma finch\u00e9 la Stockholm Card \u00e8 valida.<\/p>\n\n<\/div>\n\t\t<\/div>\n\n<div class=\"wp-block-ub-content-toggle-accordion\" style=\"border-color: #f1f1f1; \" id=\"ub-content-toggle-panel-block-\">\n\t\t\t<div class=\"wp-block-ub-content-toggle-accordion-title-wrap\" style=\"background-color: #f1f1f1;\" aria-controls=\"ub-content-toggle-panel-2-871686f8-cae5-4039-98b7-be1fa0773e1d\" tabindex=\"0\">\n\t\t\t<p class=\"wp-block-ub-content-toggle-accordion-title ub-content-toggle-title-871686f8-cae5-4039-98b7-be1fa0773e1d\" style=\"color: #000000; \">Dove posso acquistare la Stockholm Card?<\/p>\n\t\t\t<div class=\"wp-block-ub-content-toggle-accordion-toggle-wrap right\" style=\"color: #000000;\"><span class=\"wp-block-ub-content-toggle-accordion-state-indicator wp-block-ub-chevron-down\"><\/span><\/div>\n\t\t<\/div>\n\t\t\t<div role=\"region\" aria-expanded=\"false\" class=\"wp-block-ub-content-toggle-accordion-content-wrap ub-hide\" id=\"ub-content-toggle-panel-2-871686f8-cae5-4039-98b7-be1fa0773e1d\">\n\n<p>La Stockholm Card \u00e8 disponibile sul sito ufficiale dell'Go City: <a href=\"https:\/\/prf.hn\/l\/de4OwAw\" target=\"_blank\" rel=\"noopener nofollow sponsored\" title=\"\">gocity.com<\/a>.<\/p>\n\n<\/div>\n\t\t<\/div>\n\n<div class=\"wp-block-ub-content-toggle-accordion\" style=\"border-color: #f1f1f1; \" id=\"ub-content-toggle-panel-block-\">\n\t\t\t<div class=\"wp-block-ub-content-toggle-accordion-title-wrap\" style=\"background-color: #f1f1f1;\" aria-controls=\"ub-content-toggle-panel-3-871686f8-cae5-4039-98b7-be1fa0773e1d\" tabindex=\"0\">\n\t\t\t<p class=\"wp-block-ub-content-toggle-accordion-title ub-content-toggle-title-871686f8-cae5-4039-98b7-be1fa0773e1d\" style=\"color: #000000; \">Quando devo acquistare la Stockholm Card?<\/p>\n\t\t\t<div class=\"wp-block-ub-content-toggle-accordion-toggle-wrap right\" style=\"color: #000000;\"><span class=\"wp-block-ub-content-toggle-accordion-state-indicator wp-block-ub-chevron-down\"><\/span><\/div>\n\t\t<\/div>\n\t\t\t<div role=\"region\" aria-expanded=\"false\" class=\"wp-block-ub-content-toggle-accordion-content-wrap ub-hide\" id=\"ub-content-toggle-panel-3-871686f8-cae5-4039-98b7-be1fa0773e1d\">\n\n<p>\u00c8 possibile acquistare la Stockholm Card fino a 12 mesi prima del viaggio. Potete anche acquistarla spontaneamente online quando siete gi\u00e0 a Stoccolma.<\/p>\n\n<\/div>\n\t\t<\/div>\n\n<div class=\"wp-block-ub-content-toggle-accordion\" style=\"border-color: #f1f1f1; \" id=\"ub-content-toggle-panel-block-\">\n\t\t\t<div class=\"wp-block-ub-content-toggle-accordion-title-wrap\" style=\"background-color: #f1f1f1;\" aria-controls=\"ub-content-toggle-panel-4-871686f8-cae5-4039-98b7-be1fa0773e1d\" tabindex=\"0\">\n\t\t\t<p class=\"wp-block-ub-content-toggle-accordion-title ub-content-toggle-title-871686f8-cae5-4039-98b7-be1fa0773e1d\" style=\"color: #000000; \">Qual \u00e8 la differenza tra la Stockholm Card e la Stockholm Pass?<\/p>\n\t\t\t<div class=\"wp-block-ub-content-toggle-accordion-toggle-wrap right\" style=\"color: #000000;\"><span class=\"wp-block-ub-content-toggle-accordion-state-indicator wp-block-ub-chevron-down\"><\/span><\/div>\n\t\t<\/div>\n\t\t\t<div role=\"region\" aria-expanded=\"false\" class=\"wp-block-ub-content-toggle-accordion-content-wrap ub-hide\" id=\"ub-content-toggle-panel-4-871686f8-cae5-4039-98b7-be1fa0773e1d\">\n\n<p>Non c'\u00e8 differenza: Stockholm Card = Stockholm Pass.<\/p>\n\n<\/div>\n\t\t<\/div>\n\n<div class=\"wp-block-ub-content-toggle-accordion\" style=\"border-color: #f1f1f1; \" id=\"ub-content-toggle-panel-block-\">\n\t\t\t<div class=\"wp-block-ub-content-toggle-accordion-title-wrap\" style=\"background-color: #f1f1f1;\" aria-controls=\"ub-content-toggle-panel-5-871686f8-cae5-4039-98b7-be1fa0773e1d\" tabindex=\"0\">\n\t\t\t<p class=\"wp-block-ub-content-toggle-accordion-title ub-content-toggle-title-871686f8-cae5-4039-98b7-be1fa0773e1d\" style=\"color: #000000; \">Esiste una Stockholm Card per i bambini?<\/p>\n\t\t\t<div class=\"wp-block-ub-content-toggle-accordion-toggle-wrap right\" style=\"color: #000000;\"><span class=\"wp-block-ub-content-toggle-accordion-state-indicator wp-block-ub-chevron-down\"><\/span><\/div>\n\t\t<\/div>\n\t\t\t<div role=\"region\" aria-expanded=\"false\" class=\"wp-block-ub-content-toggle-accordion-content-wrap ub-hide\" id=\"ub-content-toggle-panel-5-871686f8-cae5-4039-98b7-be1fa0773e1d\">\n\n<p>S\u00ec, esiste una Stockholm Card scontata per i bambini di et\u00e0 compresa tra i 6 e i 15 anni. I bambini pi\u00f9 piccoli non hanno bisogno di una carta propria, poich\u00e9 la maggior parte delle attrazioni sono comunque gratuite per loro.<\/p>\n\n<\/div>\n\t\t<\/div>\n\n<div class=\"wp-block-ub-content-toggle-accordion\" style=\"border-color: #f1f1f1; \" id=\"ub-content-toggle-panel-block-\">\n\t\t\t<div class=\"wp-block-ub-content-toggle-accordion-title-wrap\" style=\"background-color: #f1f1f1;\" aria-controls=\"ub-content-toggle-panel-6-871686f8-cae5-4039-98b7-be1fa0773e1d\" tabindex=\"0\">\n\t\t\t<p class=\"wp-block-ub-content-toggle-accordion-title ub-content-toggle-title-871686f8-cae5-4039-98b7-be1fa0773e1d\" style=\"color: #000000; \">L'acquisto pu\u00f2 essere annullato gratuitamente?<\/p>\n\t\t\t<div class=\"wp-block-ub-content-toggle-accordion-toggle-wrap right\" style=\"color: #000000;\"><span class=\"wp-block-ub-content-toggle-accordion-state-indicator wp-block-ub-chevron-down\"><\/span><\/div>\n\t\t<\/div>\n\t\t\t<div role=\"region\" aria-expanded=\"false\" class=\"wp-block-ub-content-toggle-accordion-content-wrap ub-hide\" id=\"ub-content-toggle-panel-6-871686f8-cae5-4039-98b7-be1fa0773e1d\">\n\n<p>S\u00ec, l'acquisto della Stockholm Card pu\u00f2 essere annullato gratuitamente presso l'Go City entro 30 giorni dalla data di acquisto. Tuttavia, questo vale solo se non avete ancora attivato la City Card.<\/p>\n\n<\/div>\n\t\t<\/div>\n\n<div class=\"wp-block-ub-content-toggle-accordion\" style=\"border-color: #f1f1f1; \" id=\"ub-content-toggle-panel-block-\">\n\t\t\t<div class=\"wp-block-ub-content-toggle-accordion-title-wrap\" style=\"background-color: #f1f1f1;\" aria-controls=\"ub-content-toggle-panel-7-871686f8-cae5-4039-98b7-be1fa0773e1d\" tabindex=\"0\">\n\t\t\t<p class=\"wp-block-ub-content-toggle-accordion-title ub-content-toggle-title-871686f8-cae5-4039-98b7-be1fa0773e1d\" style=\"color: #000000; \">Come posso contattare il servizio clienti di Go City?<\/p>\n\t\t\t<div class=\"wp-block-ub-content-toggle-accordion-toggle-wrap right\" style=\"color: #000000;\"><span class=\"wp-block-ub-content-toggle-accordion-state-indicator wp-block-ub-chevron-down\"><\/span><\/div>\n\t\t<\/div>\n\t\t\t<div role=\"region\" aria-expanded=\"false\" class=\"wp-block-ub-content-toggle-accordion-content-wrap ub-hide\" id=\"ub-content-toggle-panel-7-871686f8-cae5-4039-98b7-be1fa0773e1d\">\n\n<p>Nella pagina seguente di Go City troverete un modulo di contatto e i numeri di telefono: <a href=\"https:\/\/prf.hn\/l\/aWLNnnX\" target=\"_blank\" rel=\"noopener nofollow sponsored\" title=\"\">FAQ e contatti<\/a><\/p>\n\n<\/div>\n\t\t<\/div>\n\n<div class=\"wp-block-ub-content-toggle-accordion\" style=\"border-color: #f1f1f1; \" id=\"ub-content-toggle-panel-block-\">\n\t\t\t<div class=\"wp-block-ub-content-toggle-accordion-title-wrap\" style=\"background-color: #f1f1f1;\" aria-controls=\"ub-content-toggle-panel-8-871686f8-cae5-4039-98b7-be1fa0773e1d\" tabindex=\"0\">\n\t\t\t<p class=\"wp-block-ub-content-toggle-accordion-title ub-content-toggle-title-871686f8-cae5-4039-98b7-be1fa0773e1d\" style=\"color: #000000; \">La Stockholm Card consente un accesso rapido?<\/p>\n\t\t\t<div class=\"wp-block-ub-content-toggle-accordion-toggle-wrap right\" style=\"color: #000000;\"><span class=\"wp-block-ub-content-toggle-accordion-state-indicator wp-block-ub-chevron-down\"><\/span><\/div>\n\t\t<\/div>\n\t\t\t<div role=\"region\" aria-expanded=\"false\" class=\"wp-block-ub-content-toggle-accordion-content-wrap ub-hide\" id=\"ub-content-toggle-panel-8-871686f8-cae5-4039-98b7-be1fa0773e1d\">\n\n<p>No, non \u00e8 previsto un accesso rapido per i titolari della Stockholm Card.<\/p>\n\n<\/div>\n\t\t<\/div>\n\n<div class=\"wp-block-ub-content-toggle-accordion\" style=\"border-color: #f1f1f1; \" id=\"ub-content-toggle-panel-block-\">\n\t\t\t<div class=\"wp-block-ub-content-toggle-accordion-title-wrap\" style=\"background-color: #f1f1f1;\" aria-controls=\"ub-content-toggle-panel-9-871686f8-cae5-4039-98b7-be1fa0773e1d\" tabindex=\"0\">\n\t\t\t<p class=\"wp-block-ub-content-toggle-accordion-title ub-content-toggle-title-871686f8-cae5-4039-98b7-be1fa0773e1d\" style=\"color: #000000; \">Le attrazioni devono essere prenotate?<\/p>\n\t\t\t<div class=\"wp-block-ub-content-toggle-accordion-toggle-wrap right\" style=\"color: #000000;\"><span class=\"wp-block-ub-content-toggle-accordion-state-indicator wp-block-ub-chevron-down\"><\/span><\/div>\n\t\t<\/div>\n\t\t\t<div role=\"region\" aria-expanded=\"false\" class=\"wp-block-ub-content-toggle-accordion-content-wrap ub-hide\" id=\"ub-content-toggle-panel-9-871686f8-cae5-4039-98b7-be1fa0773e1d\">\n\n<p>No, per la maggior parte delle attrazioni non \u00e8 necessario prenotare. Ci sono solo alcune eccezioni. <a href=\"https:\/\/prf.hn\/l\/eOoAZGm\" target=\"_blank\" rel=\"noopener nofollow sponsored\" title=\"\">Li trovate qui.<\/a> Tuttavia, la maggior parte delle gite in barca deve essere prenotata in loco presso un chiosco di Str\u00f8mma.<\/p>\n\n<\/div>\n\t\t<\/div>\n<\/div>","protected":false},"excerpt":{"rendered":"","protected":false},"author":1,"featured_media":0,"parent":0,"menu_order":0,"comment_status":"closed","ping_status":"closed","template":"","meta":{"footnotes":""},"class_list":["post-83","page","type-page","status-publish"],"aioseo_notices":[],"featured_image_src":null,"_links":{"self":[{"href":"https:\/\/www.stockholm-card.com\/it\/wp-json\/wp\/v2\/pages\/83","targetHints":{"allow":["GET"]}}],"collection":[{"href":"https:\/\/www.stockholm-card.com\/it\/wp-json\/wp\/v2\/pages"}],"about":[{"href":"https:\/\/www.stockholm-card.com\/it\/wp-json\/wp\/v2\/types\/page"}],"author":[{"embeddable":true,"href":"https:\/\/www.stockholm-card.com\/it\/wp-json\/wp\/v2\/users\/1"}],"replies":[{"embeddable":true,"href":"https:\/\/www.stockholm-card.com\/it\/wp-json\/wp\/v2\/comments?post=83"}],"version-history":[{"count":11,"href":"https:\/\/www.stockholm-card.com\/it\/wp-json\/wp\/v2\/pages\/83\/revisions"}],"predecessor-version":[{"id":463,"href":"https:\/\/www.stockholm-card.com\/it\/wp-json\/wp\/v2\/pages\/83\/revisions\/463"}],"wp:attachment":[{"href":"https:\/\/www.stockholm-card.com\/it\/wp-json\/wp\/v2\/media?parent=83"}],"curies":[{"name":"wp","href":"https:\/\/api.w.org\/{rel}","templated":true}]}}