{"id":322,"date":"2025-03-28T13:45:40","date_gmt":"2025-03-28T12:45:40","guid":{"rendered":"https:\/\/www.stockholm-card.com\/cookie-richtlinie\/"},"modified":"2025-03-28T13:45:40","modified_gmt":"2025-03-28T12:45:40","slug":"retningslinjer-for-informasjonskapsler","status":"publish","type":"page","link":"https:\/\/www.stockholm-card.com\/nb\/cookie-richtlinie\/","title":{"rendered":"Retningslinjer for informasjonskapsler"},"content":{"rendered":"<p>Med denne personvernerkl\u00e6ringen for leverand\u00f8rer av informasjonsteknologi \u00f8nsker vi \u00e5 klargj\u00f8re hvilke leverand\u00f8rer av informasjonsteknologi og teknologier som brukes, hvor mye informasjon de samler inn, hvor lenge og i hvilken form de bruker den.<\/p><h2>Innholdsfortegnelse<\/h2><ul><li><a href=\"#controller-of-the-website\">Ansvarlig person for nettstedet<\/a><\/li><li><a href=\"#diff-to-privacy-policy\">Tillegg til personvernerkl\u00e6ringen<\/a><\/li><li><a href=\"#cookie-technology\">Hva er informasjonskapsler og lignende teknologier?<\/a><\/li><li><a href=\"#legal-basis\">Hva er det juridiske grunnlaget for \u00e5 sette\/lese informasjonskapsler?<\/a><\/li><li><a href=\"#rights-of-visitor\">Hvor mange r\u00e5dgivere har det beste p\u00e5 nettet?<\/a><\/li><li><a href=\"#manage-cookies\">Hvordan administrerer jeg informasjonskapsler i en nettleser?<\/a><\/li><li><a href=\"#types-of-cookies\">Hvilke typer informasjonskapsler finnes det?<\/a><\/li><li><a href=\"#cookies-origin\">Hvem kan sette informasjonskapsler p\u00e5 dette nettstedet?<\/a><\/li><li><a href=\"#list-of-services\">Hvilke informasjonskapsler brukes p\u00e5 dette nettstedet?<\/a><\/li><\/ul><h2 id=\"controller-of-the-website\">Ansvarlig person for nettstedet<\/h2><ul><li><strong>Leverand\u00f8r: <\/strong>Stockholm Card, Germany<\/li><li><strong>E-post: <\/strong><a target=\"_blank\" href=\"mailto:patrick@101places.de\">patrick@101places.de<\/a><\/li><\/ul><h2 id=\"diff-to-privacy-policy\">Tillegg til personvernerkl\u00e6ringen<\/h2><p>Denne erkl\u00e6ringen om informasjonssikkerhet er et supplement til personopplysningserkl\u00e6ringen for dette nettverket. Retningslinjene for informasjonsdeling beskriver hvordan et nettverk bruker informasjonsdeling og hvilke data det samler inn, mens personvernerkl\u00e6ringen gir en mer omfattende oversikt over alle databehandlingsaktiviteter i og utenfor nettverket.<\/p><h2 id=\"cookie-technology\">Hva er informasjonskapsler og lignende teknologier?<\/h2><p>Informasjonskapselen er en liten informasjonstjener som er knyttet til en datafil som kan lagres og leses p\u00e5 serveren. Dette gj\u00f8res p\u00e5 samme m\u00e5te, blant annet ved \u00e5 samle inn grunnleggende nettverksinformasjon, sikkerhets- og databaseinformasjon, s\u00f8rge for gyldig nettverksinformasjon, samle inn statistiske data om antall brukere og s\u00f8rge for merkesystemer. Praktiske eksempler p\u00e5 hva som kan lagres i informasjonssystemet, er lagring av loggstatus i brukerkontoer, inkludering av handelsautorisasjon p\u00e5 e-handelsplattformer eller en bruker-ID for lagring av data i nettverket.<br \/><br \/>Teknologien kan brukes til \u00e5 lagre informasjon p\u00e5 et annet medium. De vanligste eksemplene p\u00e5 dette er HTTP-informasjonskapsler og informasjonskapsel-ligentier teknologier som lokal lagring, \u00f8ktlagring eller IndexedDB. Hver type lagringsring har sine egne egenskaper som bestemmer de tekniske kravene, prosedyrereglene og hvem som er autorisert til \u00e5 f\u00e5 tilgang til informasjonen. Alle disse lagringstypene er sammenfattet under begrepet \"informasjonssikkerhet\" og omtales derfor ogs\u00e5 som det i denne informasjonssikkerhetspolicyen.<\/p><h2 id=\"legal-basis\">Hva er det juridiske grunnlaget for \u00e5 sette\/lese informasjonskapsler?<\/h2><p>Innstilling og lesing av informasjonskapsler er kun tillatt i Den europeiske union (EU) og Det europeiske \u00f8konomiske samarbeidsomr\u00e5det (E\u00d8S) i samsvar med Art. 5 nr. 3 ePersonverndirektivet og betraktning 66 ePersonverndirektivet hvis en bruker har gitt sitt samtykke p\u00e5 grunnlag av omfattende informasjon om form\u00e5let med behandlingen. Nettstedsoperat\u00f8ren kan ogs\u00e5 sette informasjonskapsler hvis de er absolutt n\u00f8dvendige for \u00e5 gi deg som bruker den uttrykkelig forespurte tjenesten, f.eks. det grunnleggende innholdet p\u00e5 dette nettstedet eller andre strengt n\u00f8dvendige informasjonskapsler for grunnleggende funksjoner p\u00e5 nettstedet som vises til deg uten ditt samtykke.<\/p><h2 id=\"rights-of-visitor\">Hvor mange r\u00e5dgivere har det beste p\u00e5 nettet?<\/h2><p>Du kan sette opp og lese test- og tilleggsinformasjonskapslene p\u00e5 grunnlag av innsamlingen din eller en legitim interesse. Ettersom du har bes\u00f8kt dette nettstedet for f\u00f8rste gang, er du fortsatt ansvarlig for innholdet og har rett til \u00e5 reservere det for bruk av tredjeparter. Vi har forklart hvordan \u00e5rsaken til bruken av denne testen i utgangspunktet.<br \/><br \/>Du har f\u00e5tt muligheten til \u00e5 lese historien om ditt eget liv, historien om ditt eget personlige liv, til \u00e5 gj\u00f8re bruk av dine egne tester og til \u00e5 samle inn den informasjonen du trenger. N\u00e5 kan du finne ut hvordan du kan bruke lisensen din:<br \/><ul><li><a  href=\"#consent-change\" role=\"button\" id=\"rcb-sc-link-change\" data-success-message=\"\" class=\"rcb-sc-link rcb-sc-link-change\">Endre personverninnstillinger<\/a><\/li><li><a  href=\"#consent-history\" role=\"button\" id=\"rcb-sc-link-history\" data-success-message=\"\" class=\"rcb-sc-link rcb-sc-link-history\">Historikk over personverninnstillinger<\/a><\/li><li><a  href=\"#consent-revoke\" role=\"button\" id=\"rcb-sc-link-revoke\" data-success-message=\"Du har trukket tilbake ditt samtykke til tjenester med tilh\u00f8rende informasjonskapsler og behandling av personopplysninger. Siden vil n\u00e5 lastes inn p\u00e5 nytt!\" class=\"rcb-sc-link rcb-sc-link-revoke\">Tilbakekalle samtykker<\/a><\/li><\/ul><\/p><h2 id=\"manage-cookies\">Hvordan administrerer jeg informasjonskapsler i en nettleser?<\/h2><p><ul><li><strong>Slik fjerner du informasjonskapsler i en nettleser:<\/strong> Hvis du vil finne ut mer om informasjonen du har mottatt, kan du sende informasjonen til nettverksserveren. Dette inkluderer alle informasjonskapslene fra alle nettverkene du har bes\u00f8kt, inkludert dine egne lagrede loggdata og informasjon om nettverket. I no net reader kan du bare lagre informasjonskapsler og lagrede data for \u00e5 lagre alle nettleserloggene.<\/li><li><strong>Slik kontrollerer du informasjonskapsler i en nettleser:<\/strong> Hvis du vil ha mer kontroll over informasjonskapslene p\u00e5 ditt eget nettverk, kan du g\u00e5 til personverninnstillingene for informasjonskapslene i nettleseren din. Her kan du justere innstillingene for bruk av informasjonskapsler p\u00e5 de enkelte nettstedene.<\/li><li><strong>Slik blokkerer du informasjonskapsler i en nettleser:<\/strong> I de mest moderne nettverkene kan du n\u00e5r som helst finne ut at noen informasjonskapsler befinner seg p\u00e5 enheten din. Blokkering av informasjonskapslene kan vanligvis f\u00f8re til at terminaler og tr\u00e5dl\u00f8se enheter ikke kan visualiseres, f.eks. ved innlogging etter behov. Det finnes imidlertid ogs\u00e5 noen nettlesere som kan blokkere informasjon fra \u00e5 bli lagret p\u00e5 nettverket.<\/li><li><strong>Slik administrerer du informasjonskapsler p\u00e5 dette nettstedet:<\/strong> Du kan bare bruke denne informasjonen til informasjonsform\u00e5l p\u00e5 dette nettstedet ved \u00e5 klikke p\u00e5 lenken i avsnittet \"Informasjon til brukere p\u00e5 nettstedet\".<\/li><\/li> <\/li>. <\/li> <\/li>..<\/ul><p>Du finner mer informasjon om h\u00e5ndtering av informasjonskapsler p\u00e5 <a href=\"https:\/\/devowl.io\/de\/rcb\/cookie-handhabung\/\" target=\"_blank\">devowl.io\/en\/rcb\/cookie-handling\/<\/a>.<\/p><\/p><h2 id=\"types-of-cookies\">Hvilke typer informasjonskapsler finnes det?<\/h2><p><ul><li><strong>Vktige informasjonskapsler<\/strong> er beregnet p\u00e5 grunnleggende radiokommunikasjon til et nettverk og er beregnet p\u00e5 radiokommunikasjon som lagring av loggingsinformasjon eller tilgang til andre steder p\u00e5 nettverket. Dette omfatter for eksempel sikkerhetscookies som kan identifisere en bot som ikke er lagret p\u00e5 nettverket, f\u00f8r det lagres et autentiseringsnummer i en cookie.<\/li><li><strong>Funksjonelle informasjonskapsler<\/strong> forbedre brukeropplevelsen ved \u00e5 lagre informasjon og preferanser, for eksempel spr\u00e5kinnstillinger eller innstillinger for utseendet p\u00e5 nettstedet for \u00e5 muliggj\u00f8re en personlig tilpasset visning. Dette inkluderer for eksempel informasjonskapsler for brukere som er interessert i \u00e5 bruke videoinnhold p\u00e5 et nettverk.<\/li><li><strong>Informasjonskapsler for statistikk<\/strong> samle inn data om bruken av et nettverk for \u00e5 innsikt i brukeratferd og for \u00e5 optimalisere nettstedets ytelse. Dette inkluderer for eksempel en bruker-ID med to felt som kan brukes til \u00e5 finne ut om du har en underside p\u00e5 nettverket.<\/li><li><strong>Informasjonskapsler for markedsf\u00f8ring<\/strong> brukes til \u00e5 generere reklame p\u00e5 andre nettsteder og til \u00e5 lage personlig tilpassede klager basert p\u00e5 brukerens interesser og surfeatferd. Dette omfatter for eksempel informasjonskapsler for varsler som inneholder en interaksjon med et varsel p\u00e5 nettstedet og sender varselet til den som varsler, eller et chattesystem for meldinger om brukerens og kundens atferd.<\/li><\/li> <\/li>. <\/li> <\/li>..<\/ul><\/p><h2 id=\"cookies-origin\">Hvem kan sette informasjonskapsler p\u00e5 dette nettstedet?<\/h2><p>P\u00e5 dette nettstedet kan du sette opp en nettverksoperat\u00f8r og en tredjepartstjeneste som bruker dette nettstedet, sette opp informasjonskapsler og f\u00e5 tilgang til informasjonen som finnes der. Dette gj\u00f8res for det meste ved hjelp av en front-end og tredjeparts informasjonskapsel, s\u00e5 lenge informasjonen har tilgang til informasjonskapselen og innholdet i den. Informasjonen i informasjonsdelen av nettstedet er ikke tilgjengelig p\u00e5 det aktuelle nettstedet og kan bare leses fra driften av nettstedet og de integrerte datatjenestene p\u00e5 dette nettstedet. Informasjonen som finnes i avtalens informasjonskapsel, skal settes av avtalepartnerne p\u00e5 andre data, kan leses p\u00e5 alle data fra den behandlingsansvarlige som er integrert i dataene, og skal for eksempel brukes til \u00e5 sende inn klager p\u00e5 vegne av den samme behandlingsansvarlige og til persontilpassede klager.<\/p><h2 id=\"list-of-services\">Hvilke informasjonskapsler brukes p\u00e5 dette nettstedet?<\/h2><script type=\"application\/json\">{\"search\":{\"placeholder\":\"S\\u00f8k...\"},\"sort\":{\"sortAsc\":\"Sorter kolonnen stigende\",\"sortDesc\":\"Sorter kolonnen synkende\"},\"pagination\":{\"previous\":\"Forrige\",\"next\":\"Neste\",\"navigate\":\"Side %1$d av %2$d\",\"page\":\"Side %d\",\"showing\":\"Viser\",\"of\":\"av\",\"to\":\"til\",\"results\":\"resultater\"},\"noRecordsFound\":\"Ingen matchende poster funnet\"}<\/script><table  class=\"devowl-wp-react-cookie-banner-cookie-policy\"><thead><tr><th width=\"200px\" scope=\"col\">Kategori<\/th><th width=\"400px\" scope=\"col\">Navn p\u00e5 teknisk informasjonskapsel<\/th><th width=\"400px\" scope=\"col\">Teknisk informasjonskapselvert<\/th><th width=\"400px\" scope=\"col\">Tjeneste<\/th><th width=\"250px\" scope=\"col\">Varighet<\/th><th width=\"200px\" scope=\"col\">Typ<\/th><th width=\"550px\" scope=\"col\">Form\u00e5l<\/th><\/tr><\/thead><tbody><tr><td>Viktig<\/td><td>trp_language<\/td><td>www.stockholm-card.com<\/td><td>TranslatePress<\/td><td>30 dager<\/td><td>HTTP-informasjonskapsel<\/td><td>-<\/td><\/tr><tr><td>Viktig<\/td><td>real_cookie_banner*<\/td><td>.stockholm-card.com<\/td><td>Banner for ekte kaker<\/td><td>365 dager<\/td><td>HTTP-informasjonskapsel<\/td><td>Unik identifikator for samtykke, men ikke for den bes\u00f8kende p\u00e5 nettstedet. Revisjonshash for innstillingene for cookie-banneret (tekster, farger, funksjoner, tjenestegrupper, tjenester, innholdsblokkere osv.) ID-er for samtykkede tjenester og tjenestegrupper.<\/td><\/tr><tr><td>Viktig<\/td><td>real_cookie_banner*-tcf<\/td><td>.stockholm-card.com<\/td><td>Banner for ekte kaker<\/td><td>365 dager<\/td><td>HTTP-informasjonskapsel<\/td><td>Samtykker som samles inn som en del av TCF og lagres i TC String-format, inkludert TCF-leverand\u00f8rer, form\u00e5l, spesielle form\u00e5l, funksjoner og spesialfunksjoner.<\/td><\/tr><tr><td>Viktig<\/td><td>real_cookie_banner*-gcm<\/td><td>.stockholm-card.com<\/td><td>Banner for ekte kaker<\/td><td>365 dager<\/td><td>HTTP-informasjonskapsel<\/td><td>Samtykkene som samles inn i Google Consent Mode for de ulike samtykketypene (form\u00e5lene), lagres for alle tjenester som er kompatible med Google Consent Mode.<\/td><\/tr><tr><td>Viktig<\/td><td>real_cookie_banner-test<\/td><td>.stockholm-card.com<\/td><td>Banner for ekte kaker<\/td><td>365 dager<\/td><td>HTTP-informasjonskapsel<\/td><td>Informasjonskapsel som ble satt for \u00e5 teste funksjonaliteten til HTTP-informasjonskapsler. Slettes umiddelbart etter testen.<\/td><\/tr><tr><td>Viktig<\/td><td>real_cookie_banner*<\/td><td>https:\/\/www.stockholm-card.com<\/td><td>Banner for ekte kaker<\/td><td>-<\/td><td>Lokal lagring<\/td><td>Unik identifikator for samtykket, men ikke for den bes\u00f8kende p\u00e5 nettstedet. Revisjonshash for innstillingene for cookie-banneret (tekster, farger, funksjoner, tjenestegrupper, tjenester, innholdsblokkere osv.) ID-er for samtykkede tjenester og tjenestegrupper. Lagres kun til samtykket er dokumentert p\u00e5 nettsidens server.<\/td><\/tr><tr><td>Viktig<\/td><td>real_cookie_banner*-tcf<\/td><td>https:\/\/www.stockholm-card.com<\/td><td>Banner for ekte kaker<\/td><td>-<\/td><td>Lokal lagring<\/td><td>Samtykker som samles inn som en del av TCF lagres i TC-strengformat, inkludert TCF-leverand\u00f8rer, form\u00e5l, spesielle form\u00e5l, funksjoner og spesialfunksjoner. Lagres kun frem til samtykket er dokumentert p\u00e5 nettserveren.<\/td><\/tr><tr><td>Viktig<\/td><td>real_cookie_banner*-gcm<\/td><td>https:\/\/www.stockholm-card.com<\/td><td>Banner for ekte kaker<\/td><td>-<\/td><td>Lokal lagring<\/td><td>Samtykker som registreres som en del av Google Consent Mode, lagres i samtykketyper (form\u00e5l) for alle tjenester som er kompatible med Google Consent Mode. Det lagres kun frem til samtykket er dokumentert p\u00e5 nettsidens server.<\/td><\/tr><tr><td>Viktig<\/td><td>real_cookie_banner-samtykkek\u00f8*<\/td><td>https:\/\/www.stockholm-card.com<\/td><td>Banner for ekte kaker<\/td><td>-<\/td><td>Lokal lagring<\/td><td>Lokal caching av valget i cookie-banneret inntil serveren dokumenterer samtykke; dokumentasjon fors\u00f8kes med jevne mellomrom eller ved sideskift hvis serveren er utilgjengelig eller overbelastet.<\/td><\/tr><tr><td>Funksjonell<\/td><td>wpEmojiSettingsSupports<\/td><td>https:\/\/www.stockholm-card.com<\/td><td>WordPress-emojier<\/td><td>SESSION<\/td><td>Lagring av \u00f8kter<\/td><td>Tidsstempler og om det er mulig \u00e5 angi emojis<\/td><\/tr><tr><td>Markedsf\u00f8ring<\/td><td>visitor_id<\/td><td>.getyourguide.com<\/td><td>GetYourGuide<\/td><td>14 m\u00e5neder<\/td><td>HTTP-informasjonskapsel<\/td><td>Bruker-ID<\/td><\/tr><tr><td>Markedsf\u00f8ring<\/td><td>__ssid<\/td><td>.getyourguide.com<\/td><td>GetYourGuide<\/td><td>14 m\u00e5neder<\/td><td>HTTP-informasjonskapsel<\/td><td>Bruker-ID<\/td><\/tr><tr><td>Markedsf\u00f8ring<\/td><td>__cf_bm<\/td><td>.getyourguide.com<\/td><td>GetYourGuide<\/td><td>10 timer<\/td><td>HTTP-informasjonskapsel<\/td><td>Identifiserer og reduserer automatisert trafikk for \u00e5 beskytte nettstedet mot ondsinnede roboter<\/td><\/tr><\/tbody><\/table><p>Retningslinjene for informasjonskapsler ble sist oppdatert den 19. mai 2025.<\/p>","protected":false},"excerpt":{"rendered":"","protected":false},"author":1,"featured_media":0,"parent":0,"menu_order":0,"comment_status":"closed","ping_status":"closed","template":"","meta":{"footnotes":""},"class_list":["post-322","page","type-page","status-publish"],"aioseo_notices":[],"featured_image_src":null,"_links":{"self":[{"href":"https:\/\/www.stockholm-card.com\/nb\/wp-json\/wp\/v2\/pages\/322","targetHints":{"allow":["GET"]}}],"collection":[{"href":"https:\/\/www.stockholm-card.com\/nb\/wp-json\/wp\/v2\/pages"}],"about":[{"href":"https:\/\/www.stockholm-card.com\/nb\/wp-json\/wp\/v2\/types\/page"}],"author":[{"embeddable":true,"href":"https:\/\/www.stockholm-card.com\/nb\/wp-json\/wp\/v2\/users\/1"}],"replies":[{"embeddable":true,"href":"https:\/\/www.stockholm-card.com\/nb\/wp-json\/wp\/v2\/comments?post=322"}],"version-history":[{"count":0,"href":"https:\/\/www.stockholm-card.com\/nb\/wp-json\/wp\/v2\/pages\/322\/revisions"}],"wp:attachment":[{"href":"https:\/\/www.stockholm-card.com\/nb\/wp-json\/wp\/v2\/media?parent=322"}],"curies":[{"name":"wp","href":"https:\/\/api.w.org\/{rel}","templated":true}]}}