{"id":83,"date":"2024-02-01T13:53:20","date_gmt":"2024-02-01T12:53:20","guid":{"rendered":"https:\/\/www.stockholm-card.com\/?page_id=83"},"modified":"2026-02-17T10:24:41","modified_gmt":"2026-02-17T09:24:41","slug":"faq","status":"publish","type":"page","link":"https:\/\/www.stockholm-card.com\/nb\/faq\/","title":{"rendered":"Stockholmskortet: Sp\u00f8rsm\u00e5l og svar"},"content":{"rendered":"<div class=\"wp-block-ub-content-toggle wp-block-ub-content-toggle-block\" id=\"ub-content-toggle-block-871686f8-cae5-4039-98b7-be1fa0773e1d\" data-mobilecollapse=\"false\" data-desktopcollapse=\"true\" data-preventcollapse=\"false\" data-showonlyone=\"false\">\n<div class=\"wp-block-ub-content-toggle-accordion\" style=\"border-color: #f1f1f1; \" id=\"ub-content-toggle-panel-block-\">\n\t\t\t<div class=\"wp-block-ub-content-toggle-accordion-title-wrap\" style=\"background-color: #f1f1f1;\" aria-controls=\"ub-content-toggle-panel-0-871686f8-cae5-4039-98b7-be1fa0773e1d\" tabindex=\"0\">\n\t\t\t<p class=\"wp-block-ub-content-toggle-accordion-title ub-content-toggle-title-871686f8-cae5-4039-98b7-be1fa0773e1d\" style=\"color: #000000; \">Hvordan fungerer Stockholm Card?<\/p>\n\t\t\t<div class=\"wp-block-ub-content-toggle-accordion-toggle-wrap right\" style=\"color: #000000;\"><span class=\"wp-block-ub-content-toggle-accordion-state-indicator wp-block-ub-chevron-down\"><\/span><\/div>\n\t\t<\/div>\n\t\t\t<div role=\"region\" aria-expanded=\"false\" class=\"wp-block-ub-content-toggle-accordion-content-wrap ub-hide\" id=\"ub-content-toggle-panel-0-871686f8-cae5-4039-98b7-be1fa0773e1d\">\n\n<p>Stockholmskortet er et turistkort for den svenske hovedstaden. Innehavere av dette kortet har gratis adgang til over 65 museer og severdigheter. Med en gyldighetsperiode p\u00e5 1 til 5 dager kan du bruke s\u00e5 mange tjenester du vil. Du kan ogs\u00e5 bruke hop-on-hop-off-bussene og delta i en rekke b\u00e5tturer. Kj\u00f8p Stockholm Card p\u00e5 nettet og last det ned direkte til mobiltelefonen din. Kortet er klart til bruk umiddelbart.<\/p>\n\n<\/div>\n\t\t<\/div>\n\n<div class=\"wp-block-ub-content-toggle-accordion\" style=\"border-color: #f1f1f1; \" id=\"ub-content-toggle-panel-block-\">\n\t\t\t<div class=\"wp-block-ub-content-toggle-accordion-title-wrap\" style=\"background-color: #f1f1f1;\" aria-controls=\"ub-content-toggle-panel-1-871686f8-cae5-4039-98b7-be1fa0773e1d\" tabindex=\"0\">\n\t\t\t<p class=\"wp-block-ub-content-toggle-accordion-title ub-content-toggle-title-871686f8-cae5-4039-98b7-be1fa0773e1d\" style=\"color: #000000; \">Er kollektivtransport inkludert i Stockholm Card?<\/p>\n\t\t\t<div class=\"wp-block-ub-content-toggle-accordion-toggle-wrap right\" style=\"color: #000000;\"><span class=\"wp-block-ub-content-toggle-accordion-state-indicator wp-block-ub-chevron-down\"><\/span><\/div>\n\t\t<\/div>\n\t\t\t<div role=\"region\" aria-expanded=\"false\" class=\"wp-block-ub-content-toggle-accordion-content-wrap ub-hide\" id=\"ub-content-toggle-panel-1-871686f8-cae5-4039-98b7-be1fa0773e1d\">\n\n<p>Nei, dessverre kan du ikke bruke kollektivtransport med Stockholm Card. Du kan imidlertid bruke Str\u00f8mmas hop-on hop-off-busser og b\u00e5ter s\u00e5 lenge Stockholm Card er gyldig.<\/p>\n\n<\/div>\n\t\t<\/div>\n\n<div class=\"wp-block-ub-content-toggle-accordion\" style=\"border-color: #f1f1f1; \" id=\"ub-content-toggle-panel-block-\">\n\t\t\t<div class=\"wp-block-ub-content-toggle-accordion-title-wrap\" style=\"background-color: #f1f1f1;\" aria-controls=\"ub-content-toggle-panel-2-871686f8-cae5-4039-98b7-be1fa0773e1d\" tabindex=\"0\">\n\t\t\t<p class=\"wp-block-ub-content-toggle-accordion-title ub-content-toggle-title-871686f8-cae5-4039-98b7-be1fa0773e1d\" style=\"color: #000000; \">Hvor kan jeg kj\u00f8pe Stockholm Card?<\/p>\n\t\t\t<div class=\"wp-block-ub-content-toggle-accordion-toggle-wrap right\" style=\"color: #000000;\"><span class=\"wp-block-ub-content-toggle-accordion-state-indicator wp-block-ub-chevron-down\"><\/span><\/div>\n\t\t<\/div>\n\t\t\t<div role=\"region\" aria-expanded=\"false\" class=\"wp-block-ub-content-toggle-accordion-content-wrap ub-hide\" id=\"ub-content-toggle-panel-2-871686f8-cae5-4039-98b7-be1fa0773e1d\">\n\n<p>Stockholm-kortet er tilgjengelig p\u00e5 den offisielle nettsiden til Go City: <a href=\"https:\/\/prf.hn\/l\/BJ8AYJ3\" target=\"_blank\" rel=\"noopener nofollow sponsored\" title=\"\">gocity.com<\/a>.<\/p>\n\n<\/div>\n\t\t<\/div>\n\n<div class=\"wp-block-ub-content-toggle-accordion\" style=\"border-color: #f1f1f1; \" id=\"ub-content-toggle-panel-block-\">\n\t\t\t<div class=\"wp-block-ub-content-toggle-accordion-title-wrap\" style=\"background-color: #f1f1f1;\" aria-controls=\"ub-content-toggle-panel-3-871686f8-cae5-4039-98b7-be1fa0773e1d\" tabindex=\"0\">\n\t\t\t<p class=\"wp-block-ub-content-toggle-accordion-title ub-content-toggle-title-871686f8-cae5-4039-98b7-be1fa0773e1d\" style=\"color: #000000; \">N\u00e5r b\u00f8r jeg kj\u00f8pe Stockholm Card?<\/p>\n\t\t\t<div class=\"wp-block-ub-content-toggle-accordion-toggle-wrap right\" style=\"color: #000000;\"><span class=\"wp-block-ub-content-toggle-accordion-state-indicator wp-block-ub-chevron-down\"><\/span><\/div>\n\t\t<\/div>\n\t\t\t<div role=\"region\" aria-expanded=\"false\" class=\"wp-block-ub-content-toggle-accordion-content-wrap ub-hide\" id=\"ub-content-toggle-panel-3-871686f8-cae5-4039-98b7-be1fa0773e1d\">\n\n<p>Du kan kj\u00f8pe Stockholmskortet opptil 12 m\u00e5neder f\u00f8r du skal reise. Du kan ogs\u00e5 kj\u00f8pe kortet spontant p\u00e5 nettet hvis du allerede er i Stockholm.<\/p>\n\n<\/div>\n\t\t<\/div>\n\n<div class=\"wp-block-ub-content-toggle-accordion\" style=\"border-color: #f1f1f1; \" id=\"ub-content-toggle-panel-block-\">\n\t\t\t<div class=\"wp-block-ub-content-toggle-accordion-title-wrap\" style=\"background-color: #f1f1f1;\" aria-controls=\"ub-content-toggle-panel-4-871686f8-cae5-4039-98b7-be1fa0773e1d\" tabindex=\"0\">\n\t\t\t<p class=\"wp-block-ub-content-toggle-accordion-title ub-content-toggle-title-871686f8-cae5-4039-98b7-be1fa0773e1d\" style=\"color: #000000; \">Hva er forskjellen mellom Stockholm Card og Stockholm Pass?<\/p>\n\t\t\t<div class=\"wp-block-ub-content-toggle-accordion-toggle-wrap right\" style=\"color: #000000;\"><span class=\"wp-block-ub-content-toggle-accordion-state-indicator wp-block-ub-chevron-down\"><\/span><\/div>\n\t\t<\/div>\n\t\t\t<div role=\"region\" aria-expanded=\"false\" class=\"wp-block-ub-content-toggle-accordion-content-wrap ub-hide\" id=\"ub-content-toggle-panel-4-871686f8-cae5-4039-98b7-be1fa0773e1d\">\n\n<p>Det er ingen forskjell: Stockholm Card = Stockholm Pass.<\/p>\n\n<\/div>\n\t\t<\/div>\n\n<div class=\"wp-block-ub-content-toggle-accordion\" style=\"border-color: #f1f1f1; \" id=\"ub-content-toggle-panel-block-\">\n\t\t\t<div class=\"wp-block-ub-content-toggle-accordion-title-wrap\" style=\"background-color: #f1f1f1;\" aria-controls=\"ub-content-toggle-panel-5-871686f8-cae5-4039-98b7-be1fa0773e1d\" tabindex=\"0\">\n\t\t\t<p class=\"wp-block-ub-content-toggle-accordion-title ub-content-toggle-title-871686f8-cae5-4039-98b7-be1fa0773e1d\" style=\"color: #000000; \">Finnes det et Stockholm Card for barn?<\/p>\n\t\t\t<div class=\"wp-block-ub-content-toggle-accordion-toggle-wrap right\" style=\"color: #000000;\"><span class=\"wp-block-ub-content-toggle-accordion-state-indicator wp-block-ub-chevron-down\"><\/span><\/div>\n\t\t<\/div>\n\t\t\t<div role=\"region\" aria-expanded=\"false\" class=\"wp-block-ub-content-toggle-accordion-content-wrap ub-hide\" id=\"ub-content-toggle-panel-5-871686f8-cae5-4039-98b7-be1fa0773e1d\">\n\n<p>Ja, det finnes et rabattert Stockholm Card for barn mellom 6 og 15 \u00e5r. Yngre barn trenger ikke eget kort, da de fleste attraksjoner er gratis for dem uansett.<\/p>\n\n<\/div>\n\t\t<\/div>\n\n<div class=\"wp-block-ub-content-toggle-accordion\" style=\"border-color: #f1f1f1; \" id=\"ub-content-toggle-panel-block-\">\n\t\t\t<div class=\"wp-block-ub-content-toggle-accordion-title-wrap\" style=\"background-color: #f1f1f1;\" aria-controls=\"ub-content-toggle-panel-6-871686f8-cae5-4039-98b7-be1fa0773e1d\" tabindex=\"0\">\n\t\t\t<p class=\"wp-block-ub-content-toggle-accordion-title ub-content-toggle-title-871686f8-cae5-4039-98b7-be1fa0773e1d\" style=\"color: #000000; \">Kan kj\u00f8pet heves kostnadsfritt?<\/p>\n\t\t\t<div class=\"wp-block-ub-content-toggle-accordion-toggle-wrap right\" style=\"color: #000000;\"><span class=\"wp-block-ub-content-toggle-accordion-state-indicator wp-block-ub-chevron-down\"><\/span><\/div>\n\t\t<\/div>\n\t\t\t<div role=\"region\" aria-expanded=\"false\" class=\"wp-block-ub-content-toggle-accordion-content-wrap ub-hide\" id=\"ub-content-toggle-panel-6-871686f8-cae5-4039-98b7-be1fa0773e1d\">\n\n<p>Ja, kj\u00f8pet av Stockholmskortet kan kanselleres kostnadsfritt hos Go City innen 30 dager fra kj\u00f8psdatoen. Dette gjelder imidlertid bare hvis du enn\u00e5 ikke har aktivert City Card.<\/p>\n\n<\/div>\n\t\t<\/div>\n\n<div class=\"wp-block-ub-content-toggle-accordion\" style=\"border-color: #f1f1f1; \" id=\"ub-content-toggle-panel-block-\">\n\t\t\t<div class=\"wp-block-ub-content-toggle-accordion-title-wrap\" style=\"background-color: #f1f1f1;\" aria-controls=\"ub-content-toggle-panel-7-871686f8-cae5-4039-98b7-be1fa0773e1d\" tabindex=\"0\">\n\t\t\t<p class=\"wp-block-ub-content-toggle-accordion-title ub-content-toggle-title-871686f8-cae5-4039-98b7-be1fa0773e1d\" style=\"color: #000000; \">Hvordan kontakter jeg Go City kundeservice?<\/p>\n\t\t\t<div class=\"wp-block-ub-content-toggle-accordion-toggle-wrap right\" style=\"color: #000000;\"><span class=\"wp-block-ub-content-toggle-accordion-state-indicator wp-block-ub-chevron-down\"><\/span><\/div>\n\t\t<\/div>\n\t\t\t<div role=\"region\" aria-expanded=\"false\" class=\"wp-block-ub-content-toggle-accordion-content-wrap ub-hide\" id=\"ub-content-toggle-panel-7-871686f8-cae5-4039-98b7-be1fa0773e1d\">\n\n<p>P\u00e5 neste side av Go City finner du kontaktskjema og telefonnummer: <a href=\"https:\/\/prf.hn\/l\/EJAmYJ0\" target=\"_blank\" rel=\"noopener nofollow sponsored\" title=\"\">Vanlige sp\u00f8rsm\u00e5l og kontakt<\/a><\/p>\n\n<\/div>\n\t\t<\/div>\n\n<div class=\"wp-block-ub-content-toggle-accordion\" style=\"border-color: #f1f1f1; \" id=\"ub-content-toggle-panel-block-\">\n\t\t\t<div class=\"wp-block-ub-content-toggle-accordion-title-wrap\" style=\"background-color: #f1f1f1;\" aria-controls=\"ub-content-toggle-panel-8-871686f8-cae5-4039-98b7-be1fa0773e1d\" tabindex=\"0\">\n\t\t\t<p class=\"wp-block-ub-content-toggle-accordion-title ub-content-toggle-title-871686f8-cae5-4039-98b7-be1fa0773e1d\" style=\"color: #000000; \">Gir Stockholm Card rask tilgang?<\/p>\n\t\t\t<div class=\"wp-block-ub-content-toggle-accordion-toggle-wrap right\" style=\"color: #000000;\"><span class=\"wp-block-ub-content-toggle-accordion-state-indicator wp-block-ub-chevron-down\"><\/span><\/div>\n\t\t<\/div>\n\t\t\t<div role=\"region\" aria-expanded=\"false\" class=\"wp-block-ub-content-toggle-accordion-content-wrap ub-hide\" id=\"ub-content-toggle-panel-8-871686f8-cae5-4039-98b7-be1fa0773e1d\">\n\n<p>Nei, det er ingen fast track-tilgang for Stockholm Card-innehavere.<\/p>\n\n<\/div>\n\t\t<\/div>\n\n<div class=\"wp-block-ub-content-toggle-accordion\" style=\"border-color: #f1f1f1; \" id=\"ub-content-toggle-panel-block-\">\n\t\t\t<div class=\"wp-block-ub-content-toggle-accordion-title-wrap\" style=\"background-color: #f1f1f1;\" aria-controls=\"ub-content-toggle-panel-9-871686f8-cae5-4039-98b7-be1fa0773e1d\" tabindex=\"0\">\n\t\t\t<p class=\"wp-block-ub-content-toggle-accordion-title ub-content-toggle-title-871686f8-cae5-4039-98b7-be1fa0773e1d\" style=\"color: #000000; \">M\u00e5 attraksjonene bestilles?<\/p>\n\t\t\t<div class=\"wp-block-ub-content-toggle-accordion-toggle-wrap right\" style=\"color: #000000;\"><span class=\"wp-block-ub-content-toggle-accordion-state-indicator wp-block-ub-chevron-down\"><\/span><\/div>\n\t\t<\/div>\n\t\t\t<div role=\"region\" aria-expanded=\"false\" class=\"wp-block-ub-content-toggle-accordion-content-wrap ub-hide\" id=\"ub-content-toggle-panel-9-871686f8-cae5-4039-98b7-be1fa0773e1d\">\n\n<p>Nei, de fleste attraksjoner trenger ikke \u00e5 bestilles. Det er bare noen f\u00e5 unntak. <a href=\"https:\/\/prf.hn\/l\/kVBwDDv\" target=\"_blank\" rel=\"noopener nofollow sponsored\" title=\"\">Du finner dem her.<\/a> De fleste b\u00e5tturer m\u00e5 imidlertid bestilles p\u00e5 stedet i en Str\u00f8mma-kiosk.<\/p>\n\n<\/div>\n\t\t<\/div>\n<\/div>","protected":false},"excerpt":{"rendered":"","protected":false},"author":1,"featured_media":0,"parent":0,"menu_order":0,"comment_status":"closed","ping_status":"closed","template":"","meta":{"footnotes":""},"class_list":["post-83","page","type-page","status-publish"],"aioseo_notices":[],"featured_image_src":null,"_links":{"self":[{"href":"https:\/\/www.stockholm-card.com\/nb\/wp-json\/wp\/v2\/pages\/83","targetHints":{"allow":["GET"]}}],"collection":[{"href":"https:\/\/www.stockholm-card.com\/nb\/wp-json\/wp\/v2\/pages"}],"about":[{"href":"https:\/\/www.stockholm-card.com\/nb\/wp-json\/wp\/v2\/types\/page"}],"author":[{"embeddable":true,"href":"https:\/\/www.stockholm-card.com\/nb\/wp-json\/wp\/v2\/users\/1"}],"replies":[{"embeddable":true,"href":"https:\/\/www.stockholm-card.com\/nb\/wp-json\/wp\/v2\/comments?post=83"}],"version-history":[{"count":11,"href":"https:\/\/www.stockholm-card.com\/nb\/wp-json\/wp\/v2\/pages\/83\/revisions"}],"predecessor-version":[{"id":463,"href":"https:\/\/www.stockholm-card.com\/nb\/wp-json\/wp\/v2\/pages\/83\/revisions\/463"}],"wp:attachment":[{"href":"https:\/\/www.stockholm-card.com\/nb\/wp-json\/wp\/v2\/media?parent=83"}],"curies":[{"name":"wp","href":"https:\/\/api.w.org\/{rel}","templated":true}]}}