{"id":322,"date":"2025-03-28T13:45:40","date_gmt":"2025-03-28T12:45:40","guid":{"rendered":"https:\/\/www.stockholm-card.com\/cookie-richtlinie\/"},"modified":"2025-03-28T13:45:40","modified_gmt":"2025-03-28T12:45:40","slug":"polityka-cookies","status":"publish","type":"page","link":"https:\/\/www.stockholm-card.com\/pl\/cookie-richtlinie\/","title":{"rendered":"Polityka dotycz\u0105ca plik\u00f3w cookie"},"content":{"rendered":"<p>W niniejszej polityce dotycz\u0105cej plik\u00f3w cookie chcieliby\u015bmy wyja\u015bni\u0107, czym s\u0105 pliki cookie i technologie podobne do plik\u00f3w cookie, w jaki spos\u00f3b my i inni dostawcy us\u0142ug wykorzystujemy je na tej stronie internetowej, jakie informacje gromadz\u0105, jak d\u0142ugo i do jakich cel\u00f3w je wykorzystujemy.<\/p><h2>Spis tre\u015bci<\/h2><ul><li><a href=\"#controller-of-the-website\">Osoba odpowiedzialna za stron\u0119 internetow\u0105<\/a><\/li><li><a href=\"#diff-to-privacy-policy\">Dodatek do polityki ochrony danych<\/a><\/li><li><a href=\"#cookie-technology\">Czym s\u0105 pliki cookie i podobne technologie?<\/a><\/li><li><a href=\"#legal-basis\">Jaka jest podstawa prawna ustawiania\/odczytywania plik\u00f3w cookie?<\/a><\/li><li><a href=\"#rights-of-visitor\">Jakie prawa ma odwiedzaj\u0105cy witryn\u0119?<\/a><\/li><li><a href=\"#manage-cookies\">Jak zarz\u0105dza\u0107 plikami cookie w przegl\u0105darce?<\/a><\/li><li><a href=\"#types-of-cookies\">Jakie s\u0105 rodzaje plik\u00f3w cookie?<\/a><\/li><li><a href=\"#cookies-origin\">Kto mo\u017ce ustawia\u0107 pliki cookie na tej stronie?<\/a><\/li><li><a href=\"#list-of-services\">Jakie pliki cookie s\u0105 u\u017cywane na tej stronie?<\/a><\/li><\/ul><h2 id=\"controller-of-the-website\">Osoba odpowiedzialna za stron\u0119 internetow\u0105<\/h2><ul><li><strong>Dostawca: <\/strong>Stockholm Card, Niemcy<\/li><li><strong>E-mail: <\/strong><a target=\"_blank\" href=\"mailto:patrick@101places.de\">patrick@101places.de<\/a><\/li><\/ul><h2 id=\"diff-to-privacy-policy\">Dodatek do polityki ochrony danych<\/h2><p>Niniejsza Polityka dotycz\u0105ca plik\u00f3w cookie stanowi uzupe\u0142nienie <a href=\"https:\/\/www.stockholm-card.com\/pl\/privacy\/\" target=\"_blank\">Polityki prywatno\u015bci<\/a> tej witryny. Polityka plik\u00f3w cookie okre\u015bla, w jaki spos\u00f3b witryna wykorzystuje pliki cookie i jakie dane gromadzi za ich pomoc\u0105, podczas gdy polityka prywatno\u015bci zapewnia bardziej kompleksowy przegl\u0105d wszystkich dzia\u0142a\u0144 zwi\u0105zanych z przetwarzaniem danych w witrynie i poza ni\u0105.<\/p><h2 id=\"cookie-technology\">Czym s\u0105 pliki cookie i podobne technologie?<\/h2><p>Pliki cookie to ma\u0142e jednostki informacji, podobne do plik\u00f3w tekstowych, kt\u00f3re mog\u0105 by\u0107 przechowywane i odczytywane na urz\u0105dzeniu ko\u0144cowym. S\u0142u\u017c\u0105 one r\u00f3\u017cnym celom, w tym utrzymaniu podstawowych funkcji strony internetowej, bezpiecze\u0144stwu i ochronie danych, zapewnieniu opcjonalnych funkcji strony internetowej, gromadzeniu danych statystycznych dotycz\u0105cych przep\u0142yyw\u00f3w odwiedzaj\u0105cych i dostarczaniu system\u00f3w marketingowych. Praktyczne przyk\u0142ady tego, co mo\u017ce by\u0107 przechowywane w plikach cookie, to przechowywanie statusu logowania na kontach u\u017cytkownik\u00f3w, zawarto\u015b\u0107 koszyk\u00f3w zakupowych na platformach handlu elektronicznego lub identyfikator u\u017cytkownika do \u015bledzenia zachowa\u0144 na stronie internetowej.<br \/><br \/>Informacje te mog\u0105 by\u0107 technicznie przechowywane na r\u00f3\u017cne sposoby. Najbardziej znanymi przyk\u0142adami s\u0105 pliki cookie HTTP i technologie podobne do plik\u00f3w cookie, takie jak przechowywanie lokalne, przechowywanie sesji lub IndexedDB. Ka\u017cdy rodzaj przechowywania ma inne cechy, kt\u00f3re okre\u015blaj\u0105 techniczn\u0105 obs\u0142ug\u0119, dost\u0119pno\u015b\u0107 i upowa\u017cnione osoby odpowiedzialne za dost\u0119p do informacji. Wszystkie te rodzaje przechowywania s\u0105 og\u00f3lnie podsumowane pod terminem \"pliki cookie\" i dlatego s\u0105 r\u00f3wnie\u017c okre\u015blane jako takie w niniejszej polityce dotycz\u0105cej plik\u00f3w cookie.<\/p><h2 id=\"legal-basis\">Jaka jest podstawa prawna ustawiania\/odczytywania plik\u00f3w cookie?<\/h2><p>Ustawianie i odczytywanie plik\u00f3w cookie jest dozwolone w Unii Europejskiej (UE) i Europejskim Obszarze Gospodarczym (EOG) zgodnie z \u00a7 173 Prawo telekomunikacyjne tylko wtedy, gdy u\u017cytkownik wyrazi\u0142 na to zgod\u0119 na podstawie wyczerpuj\u0105cych informacji o celach przetwarzania. Operator witryny mo\u017ce r\u00f3wnie\u017c ustawi\u0107 pliki cookie, je\u015bli s\u0105 one absolutnie niezb\u0119dne do zapewnienia u\u017cytkownikowi wyra\u017anie \u017c\u0105danej us\u0142ugi, np. podstawowej zawarto\u015bci tej witryny lub innych \u015bci\u015ble niezb\u0119dnych plik\u00f3w cookie dla podstawowych funkcji witryny, kt\u00f3re s\u0105 wy\u015bwietlane u\u017cytkownikowi bez jego zgody.<\/p><h2 id=\"rights-of-visitor\">Jakie prawa ma odwiedzaj\u0105cy witryn\u0119?<\/h2><p>Us\u0142ugi i ich pliki cookie mog\u0105 by\u0107 ustawiane i odczytywane na podstawie prawnej zgody u\u017cytkownika lub uzasadnionego interesu. Gdy u\u017cytkownik odwiedzi\u0142 t\u0119 witryn\u0119 po raz pierwszy, zosta\u0142 poproszony o wyra\u017cenie zgody i mia\u0142 mo\u017cliwo\u015b\u0107 sprzeciwienia si\u0119 korzystaniu z niekt\u00f3rych us\u0142ug. Wyja\u015bnili\u015bmy, kt\u00f3ra podstawa prawna jest u\u017cywana dla danej us\u0142ugi w naszym dialogu dotycz\u0105cym zgody.<br \/><br \/>U\u017cytkownik ma prawo do przegl\u0105dania historii swoich wybor\u00f3w, zmiany ustawie\u0144 prywatno\u015bci, wyra\u017cenia sprzeciwu wobec korzystania z us\u0142ug i wycofania zgody w dowolnym momencie. Poni\u017cej znajduj\u0105 si\u0119 sposoby korzystania z tych praw:<br \/><ul><li><a  href=\"#consent-change\" role=\"button\" id=\"rcb-sc-link-change\" data-success-message=\"\" class=\"rcb-sc-link rcb-sc-link-change\">Zmie\u0144 ustawienia prywatno\u015bci<\/a><\/li><li><a  href=\"#consent-history\" role=\"button\" id=\"rcb-sc-link-history\" data-success-message=\"\" class=\"rcb-sc-link rcb-sc-link-history\">Historia ustawie\u0144 prywatno\u015bci<\/a><\/li><li><a  href=\"#consent-revoke\" role=\"button\" id=\"rcb-sc-link-revoke\" data-success-message=\"Pomy\u015blnie cofn\u0105\u0142e\u015b zgod\u0119 na us\u0142ugi z ich plikami cookie i przetwarzanie danych osobowych. Strona zostanie teraz prze\u0142adowana!\" class=\"rcb-sc-link rcb-sc-link-revoke\">Cofnij zgod\u0119<\/a><\/li><\/ul><\/p><h2 id=\"manage-cookies\">Jak zarz\u0105dza\u0107 plikami cookie w przegl\u0105darce?<\/h2><p><ul><li><strong>Jak usun\u0105\u0107 pliki cookie w przegl\u0105darce?<\/strong> Aby usun\u0105\u0107 pliki cookie z urz\u0105dzenia, mo\u017cna usun\u0105\u0107 dane przegl\u0105darki w ustawieniach przegl\u0105darki. Spowoduje to usuni\u0119cie wszystkich plik\u00f3w cookie ze wszystkich odwiedzanych witryn, w tym zapisanych danych logowania i ustawie\u0144 witryny. W niekt\u00f3rych przegl\u0105darkach mo\u017cna usun\u0105\u0107 tylko pliki cookie i podobne dane bez usuwania ca\u0142ej historii przegl\u0105dania.<\/li><li><strong>Jak kontrolowa\u0107 pliki cookie w przegl\u0105darce?<\/strong> Je\u015bli chcesz mie\u0107 bardziej precyzyjn\u0105 kontrol\u0119 nad plikami cookie niekt\u00f3rych witryn internetowych, przejd\u017a do ustawie\u0144 prywatno\u015bci i plik\u00f3w cookie w przegl\u0105darce. Tutaj mo\u017cesz dostosowa\u0107 ustawienia dotycz\u0105ce korzystania z plik\u00f3w cookie na poszczeg\u00f3lnych stronach internetowych.<\/li><li><strong>Jak zablokowa\u0107 pliki cookie w przegl\u0105darce:<\/strong> W wi\u0119kszo\u015bci nowoczesnych przegl\u0105darek mo\u017cna okre\u015bli\u0107 w ustawieniach, \u017ce \u017cadne pliki cookie nie b\u0119d\u0105 przechowywane na urz\u0105dzeniu. Zablokowanie plik\u00f3w cookie mo\u017ce jednak spowodowa\u0107, \u017ce niekt\u00f3re us\u0142ugi i funkcje nie b\u0119d\u0105 dzia\u0142a\u0107 prawid\u0142owo, np. logowanie jako u\u017cytkownik. Istniej\u0105 r\u00f3wnie\u017c rozszerzenia dla wielu przegl\u0105darek, kt\u00f3re mog\u0105 blokowa\u0107 ustawienia plik\u00f3w cookie na stronach internetowych.<\/li><li><strong>Jak zarz\u0105dza\u0107 plikami cookie na tej stronie:<\/strong> Aby dostosowa\u0107 swoje preferencje dotycz\u0105ce plik\u00f3w cookie w tej witrynie, mo\u017cna zmieni\u0107 ustawienia w dowolnym momencie, klikaj\u0105c \u0142\u0105cze w sekcji \"Prawa odwiedzaj\u0105cych witryn\u0119\".<\/li><\/li><\/ul><p>Wi\u0119cej informacji na temat obs\u0142ugi plik\u00f3w cookie mo\u017cna znale\u017a\u0107 na stronie <a href=\"https:\/\/devowl.io\/de\/rcb\/cookie-handhabung\/\" target=\"_blank\">devowl.io\/en\/rcb\/cookie-handling\/<\/a>.<\/p><\/p><h2 id=\"types-of-cookies\">Jakie s\u0105 rodzaje plik\u00f3w cookie?<\/h2><p><ul><li><strong>Niezb\u0119dne pliki cookie<\/strong> s\u0105 niezb\u0119dne dla podstawowej funkcjonalno\u015bci strony internetowej i umo\u017cliwiaj\u0105 takie funkcje, jak przechowywanie danych logowania lub dost\u0119p do bezpiecznych obszar\u00f3w strony internetowej. Obejmuj\u0105 one na przyk\u0142ad zabezpieczaj\u0105ce pliki cookie, kt\u00f3re mog\u0105 zidentyfikowa\u0107 bota, kt\u00f3ry nie jest po\u017c\u0105dany na stronie internetowej, poprzez przechowywanie klucza uwierzytelniaj\u0105cego w pliku cookie.<\/li><li><strong>Funkcjonalne pliki cookie<\/strong> Poprawa do\u015bwiadczenia u\u017cytkownika poprzez przechowywanie informacji i preferencji, takich jak ustawienia j\u0119zykowe lub ustawienia wygl\u0105du strony internetowej, aby umo\u017cliwi\u0107 spersonalizowane wy\u015bwietlanie. Obejmuje to na przyk\u0142ad preferencyjne pliki cookie, kt\u00f3re przechowuj\u0105 preferowan\u0105 przez u\u017cytkownika jako\u015b\u0107 wideo na stronie internetowej.<\/li><li><strong>Statystyczne pliki cookie<\/strong> gromadzenie danych dotycz\u0105cych korzystania ze strony internetowej w celu uzyskania wgl\u0105du w zachowanie u\u017cytkownik\u00f3w i optymalizacj\u0119 dzia\u0142ania strony internetowej. Obejmuje to na przyk\u0142ad losowo przypisany identyfikator u\u017cytkownika, kt\u00f3ry mo\u017ce by\u0107 wykorzystany do okre\u015blenia, czy u\u017cytkownik odwiedzi\u0142 podstron\u0119 witryny.<\/li><li><strong>Marketingowe pliki cookie<\/strong> s\u0105 wykorzystywane do \u015bledzenia zachowa\u0144 u\u017cytkownik\u00f3w na r\u00f3\u017cnych stronach internetowych oraz do wy\u015bwietlania spersonalizowanych reklam opartych na zainteresowaniach i zachowaniach u\u017cytkownik\u00f3w podczas przegl\u0105dania. Obejmuje to na przyk\u0142ad reklamowe pliki cookie, kt\u00f3re przechowuj\u0105 interakcj\u0119 z reklam\u0105 na stronie internetowej i przekazuj\u0105 j\u0105 reklamodawcom, lub system czatu do zadawania pyta\u0144 przed zakupem i obs\u0142ug\u0105 klienta.<\/li><\/li><\/ul><\/p><h2 id=\"cookies-origin\">Kto mo\u017ce ustawia\u0107 pliki cookie na tej stronie?<\/h2><p>W tej witrynie zar\u00f3wno operator witryny, jak i us\u0142ugi stron trzecich u\u017cywane w tej witrynie mog\u0105 ustawia\u0107 pliki cookie i uzyskiwa\u0107 dost\u0119p do ich zawarto\u015bci. Rozr\u00f3\u017cnia si\u0119 pliki cookie pierwszej i trzeciej strony w odniesieniu do tego, kto mo\u017ce uzyska\u0107 dost\u0119p do plik\u00f3w cookie i ich zawarto\u015bci. W\u0142asne pliki cookie s\u0105 tworzone przez odwiedzan\u0105 stron\u0119 internetow\u0105 i mog\u0105 by\u0107 odczytywane wy\u0142\u0105cznie przez operatora strony internetowej i zintegrowane us\u0142ugi stron trzecich na tej stronie. Pliki cookie stron trzecich s\u0105 zwykle ustawiane przez us\u0142ugi stron trzecich w innych domenach, mog\u0105 by\u0107 odczytywane na wszystkich stronach internetowych, na kt\u00f3rych osadzona jest us\u0142uga kontroluj\u0105ca domen\u0119 i s\u0105 wykorzystywane na przyk\u0142ad przez sieci reklamowe do \u015bledzenia zachowa\u0144 u\u017cytkownik\u00f3w na r\u00f3\u017cnych stronach internetowych i oferowania spersonalizowanych reklam.<\/p><h2 id=\"list-of-services\">Jakie pliki cookie s\u0105 u\u017cywane na tej stronie?<\/h2><script type=\"application\/json\">{\"search\":{\"placeholder\":\"Szukaj...\"},\"sort\":{\"sortAsc\":\"Sortuj kolumn\\u0119 rosn\\u0105co\",\"sortDesc\":\"Sortuj kolumn\\u0119 malej\\u0105co\"},\"pagination\":{\"previous\":\"Poprzedni\",\"next\":\"Nast\\u0119pny\",\"navigate\":\"Strona %1$d z %2$d\",\"page\":\"Strona %d\",\"showing\":\"Pokazywanie\",\"of\":\"z\",\"to\":\"do\",\"results\":\"wyniki\"},\"noRecordsFound\":\"Nie znaleziono pasuj\\u0105cych rekord\\u00f3w\"}<\/script><table  class=\"devowl-wp-react-cookie-banner-cookie-policy\"><thead><tr><th width=\"200px\" scope=\"col\">Kategoria<\/th><th width=\"400px\" scope=\"col\">Techniczna nazwa pliku cookie<\/th><th width=\"400px\" scope=\"col\">Techniczny host plik\u00f3w cookie<\/th><th width=\"400px\" scope=\"col\">Us\u0142uga<\/th><th width=\"250px\" scope=\"col\">Czas trwania<\/th><th width=\"200px\" scope=\"col\">Typ<\/th><th width=\"550px\" scope=\"col\">Cel<\/th><\/tr><\/thead><tbody><tr><td>Niezb\u0119dny<\/td><td>trp_language<\/td><td>www.stockholm-card.com<\/td><td>TranslatePress<\/td><td>30 dni<\/td><td>Plik cookie HTTP<\/td><td>-<\/td><\/tr><tr><td>Niezb\u0119dny<\/td><td>real_cookie_banner*<\/td><td>.stockholm-card.com<\/td><td>Baner z prawdziwymi ciasteczkami<\/td><td>365 dni<\/td><td>Plik cookie HTTP<\/td><td>Unikalny identyfikator zgody, ale nie osoby odwiedzaj\u0105cej witryn\u0119. Skr\u00f3t rewizyjny dla ustawie\u0144 baner\u00f3w plik\u00f3w cookie (teksty, kolory, funkcje, grupy us\u0142ug, us\u0142ugi, blokady tre\u015bci itp.) Identyfikatory us\u0142ug i grup us\u0142ug, na kt\u00f3re wyra\u017cono zgod\u0119.<\/td><\/tr><tr><td>Niezb\u0119dny<\/td><td>real_cookie_banner*-tcf<\/td><td>.stockholm-card.com<\/td><td>Baner z prawdziwymi ciasteczkami<\/td><td>365 dni<\/td><td>Plik cookie HTTP<\/td><td>Zgody gromadzone w ramach TCF i przechowywane w formacie TC String, w tym dostawcy TCF, cele, cele specjalne, funkcje i funkcje specjalne.<\/td><\/tr><tr><td>Niezb\u0119dny<\/td><td>real_cookie_banner*-gcm<\/td><td>.stockholm-card.com<\/td><td>Baner z prawdziwymi ciasteczkami<\/td><td>365 dni<\/td><td>Plik cookie HTTP<\/td><td>Zgody zebrane w trybie zgody Google dla r\u00f3\u017cnych typ\u00f3w (cel\u00f3w) zgody s\u0105 przechowywane dla wszystkich us\u0142ug zgodnych z trybem zgody Google.<\/td><\/tr><tr><td>Niezb\u0119dny<\/td><td>real_cookie_banner-test<\/td><td>.stockholm-card.com<\/td><td>Baner z prawdziwymi ciasteczkami<\/td><td>365 dni<\/td><td>Plik cookie HTTP<\/td><td>Plik cookie, kt\u00f3ry zosta\u0142 ustawiony w celu przetestowania funkcjonalno\u015bci plik\u00f3w cookie HTTP. Jest usuwany natychmiast po zako\u0144czeniu testu.<\/td><\/tr><tr><td>Niezb\u0119dny<\/td><td>real_cookie_banner*<\/td><td>https:\/\/www.stockholm-card.com<\/td><td>Baner z prawdziwymi ciasteczkami<\/td><td>-<\/td><td>Lokalne przechowywanie<\/td><td>Unikalny identyfikator zgody, ale nie osoby odwiedzaj\u0105cej witryn\u0119. Skr\u00f3t rewizyjny dla ustawie\u0144 baner\u00f3w plik\u00f3w cookie (teksty, kolory, funkcje, grupy us\u0142ug, us\u0142ugi, blokady tre\u015bci itp.) Identyfikatory us\u0142ug i grup us\u0142ug, na kt\u00f3re wyra\u017cono zgod\u0119. Przechowywane tylko do momentu udokumentowania zgody na serwerze witryny.<\/td><\/tr><tr><td>Niezb\u0119dny<\/td><td>real_cookie_banner*-tcf<\/td><td>https:\/\/www.stockholm-card.com<\/td><td>Baner z prawdziwymi ciasteczkami<\/td><td>-<\/td><td>Lokalne przechowywanie<\/td><td>Zgody gromadzone w ramach TCF s\u0105 przechowywane w formacie TC string, obejmuj\u0105cym dostawc\u00f3w TCF, cele, cele specjalne, funkcje i funkcje specjalne. Przechowywane tylko do momentu udokumentowania zgody na serwerze witryny.<\/td><\/tr><tr><td>Niezb\u0119dny<\/td><td>real_cookie_banner*-gcm<\/td><td>https:\/\/www.stockholm-card.com<\/td><td>Baner z prawdziwymi ciasteczkami<\/td><td>-<\/td><td>Lokalne przechowywanie<\/td><td>Zgody zarejestrowane w ramach Google Consent Mode s\u0105 przechowywane w typach zg\u00f3d (celach) dla wszystkich us\u0142ug zgodnych z Google Consent Mode. S\u0105 one przechowywane tylko do momentu udokumentowania zgody na serwerze witryny.<\/td><\/tr><tr><td>Niezb\u0119dny<\/td><td>real_cookie_banner-consent-queue*<\/td><td>https:\/\/www.stockholm-card.com<\/td><td>Baner z prawdziwymi ciasteczkami<\/td><td>-<\/td><td>Lokalne przechowywanie<\/td><td>Lokalne buforowanie wyboru w banerze plik\u00f3w cookie do czasu udokumentowania zgody serwera; dokumentacja jest pr\u00f3bowana okresowo lub podczas zmiany stron, je\u015bli serwer jest niedost\u0119pny lub przeci\u0105\u017cony.<\/td><\/tr><tr><td>Funkcjonalny<\/td><td>wpEmojiSettingsSupports<\/td><td>https:\/\/www.stockholm-card.com<\/td><td>Emoji WordPress<\/td><td>SESJA<\/td><td>Przechowywanie sesji<\/td><td>Znaczniki czasu i mo\u017cliwo\u015b\u0107 ustawienia emotikon\u00f3w<\/td><\/tr><tr><td>Marketing<\/td><td>visitor_id<\/td><td>.getyourguide.com<\/td><td>GetYourGuide<\/td><td>14 miesi\u0105ce<\/td><td>Plik cookie HTTP<\/td><td>Identyfikator u\u017cytkownika<\/td><\/tr><tr><td>Marketing<\/td><td>__ssid<\/td><td>.getyourguide.com<\/td><td>GetYourGuide<\/td><td>14 miesi\u0105ce<\/td><td>Plik cookie HTTP<\/td><td>Identyfikator u\u017cytkownika<\/td><\/tr><tr><td>Marketing<\/td><td>__cf_bm<\/td><td>.getyourguide.com<\/td><td>GetYourGuide<\/td><td>10 godziny<\/td><td>Plik cookie HTTP<\/td><td>Identyfikuje i redukuje zautomatyzowany ruch, aby chroni\u0107 witryn\u0119 przed z\u0142o\u015bliwymi botami.<\/td><\/tr><\/tbody><\/table><p>Polityka plik\u00f3w cookie zosta\u0142a ostatnio zaktualizowana w dniu 19. maja 2025 r.<\/p>","protected":false},"excerpt":{"rendered":"","protected":false},"author":1,"featured_media":0,"parent":0,"menu_order":0,"comment_status":"closed","ping_status":"closed","template":"","meta":{"footnotes":""},"class_list":["post-322","page","type-page","status-publish"],"aioseo_notices":[],"featured_image_src":null,"_links":{"self":[{"href":"https:\/\/www.stockholm-card.com\/pl\/wp-json\/wp\/v2\/pages\/322","targetHints":{"allow":["GET"]}}],"collection":[{"href":"https:\/\/www.stockholm-card.com\/pl\/wp-json\/wp\/v2\/pages"}],"about":[{"href":"https:\/\/www.stockholm-card.com\/pl\/wp-json\/wp\/v2\/types\/page"}],"author":[{"embeddable":true,"href":"https:\/\/www.stockholm-card.com\/pl\/wp-json\/wp\/v2\/users\/1"}],"replies":[{"embeddable":true,"href":"https:\/\/www.stockholm-card.com\/pl\/wp-json\/wp\/v2\/comments?post=322"}],"version-history":[{"count":0,"href":"https:\/\/www.stockholm-card.com\/pl\/wp-json\/wp\/v2\/pages\/322\/revisions"}],"wp:attachment":[{"href":"https:\/\/www.stockholm-card.com\/pl\/wp-json\/wp\/v2\/media?parent=322"}],"curies":[{"name":"wp","href":"https:\/\/api.w.org\/{rel}","templated":true}]}}