{"id":83,"date":"2024-02-01T13:53:20","date_gmt":"2024-02-01T12:53:20","guid":{"rendered":"https:\/\/www.stockholm-card.com\/?page_id=83"},"modified":"2026-02-17T10:24:41","modified_gmt":"2026-02-17T09:24:41","slug":"faq","status":"publish","type":"page","link":"https:\/\/www.stockholm-card.com\/pt\/faq\/","title":{"rendered":"Stockholm Card: Perguntas e respostas"},"content":{"rendered":"<div class=\"wp-block-ub-content-toggle wp-block-ub-content-toggle-block\" id=\"ub-content-toggle-block-871686f8-cae5-4039-98b7-be1fa0773e1d\" data-mobilecollapse=\"false\" data-desktopcollapse=\"true\" data-preventcollapse=\"false\" data-showonlyone=\"false\">\n<div class=\"wp-block-ub-content-toggle-accordion\" style=\"border-color: #f1f1f1; \" id=\"ub-content-toggle-panel-block-\">\n\t\t\t<div class=\"wp-block-ub-content-toggle-accordion-title-wrap\" style=\"background-color: #f1f1f1;\" aria-controls=\"ub-content-toggle-panel-0-871686f8-cae5-4039-98b7-be1fa0773e1d\" tabindex=\"0\">\n\t\t\t<p class=\"wp-block-ub-content-toggle-accordion-title ub-content-toggle-title-871686f8-cae5-4039-98b7-be1fa0773e1d\" style=\"color: #000000; \">Como funciona o Stockholm Card?<\/p>\n\t\t\t<div class=\"wp-block-ub-content-toggle-accordion-toggle-wrap right\" style=\"color: #000000;\"><span class=\"wp-block-ub-content-toggle-accordion-state-indicator wp-block-ub-chevron-down\"><\/span><\/div>\n\t\t<\/div>\n\t\t\t<div role=\"region\" aria-expanded=\"false\" class=\"wp-block-ub-content-toggle-accordion-content-wrap ub-hide\" id=\"ub-content-toggle-panel-0-871686f8-cae5-4039-98b7-be1fa0773e1d\">\n\n<p>O Stockholm Card \u00e9 um cart\u00e3o tur\u00edstico para a capital sueca. Os titulares deste cart\u00e3o t\u00eam entrada gratuita em mais de 65 museus e atrac\u00e7\u00f5es tur\u00edsticas. Com um per\u00edodo de validade de 1 a 5 dias, pode utilizar todos os servi\u00e7os que desejar. Pode tamb\u00e9m utilizar os autocarros hop-on hop-off e participar em numerosos passeios de barco. Compre o seu Stockholm Card online e descarregue-o diretamente para o seu telem\u00f3vel. O cart\u00e3o est\u00e1 pronto a ser utilizado imediatamente.<\/p>\n\n<\/div>\n\t\t<\/div>\n\n<div class=\"wp-block-ub-content-toggle-accordion\" style=\"border-color: #f1f1f1; \" id=\"ub-content-toggle-panel-block-\">\n\t\t\t<div class=\"wp-block-ub-content-toggle-accordion-title-wrap\" style=\"background-color: #f1f1f1;\" aria-controls=\"ub-content-toggle-panel-1-871686f8-cae5-4039-98b7-be1fa0773e1d\" tabindex=\"0\">\n\t\t\t<p class=\"wp-block-ub-content-toggle-accordion-title ub-content-toggle-title-871686f8-cae5-4039-98b7-be1fa0773e1d\" style=\"color: #000000; \">Os transportes p\u00fablicos est\u00e3o inclu\u00eddos no Stockholm Card?<\/p>\n\t\t\t<div class=\"wp-block-ub-content-toggle-accordion-toggle-wrap right\" style=\"color: #000000;\"><span class=\"wp-block-ub-content-toggle-accordion-state-indicator wp-block-ub-chevron-down\"><\/span><\/div>\n\t\t<\/div>\n\t\t\t<div role=\"region\" aria-expanded=\"false\" class=\"wp-block-ub-content-toggle-accordion-content-wrap ub-hide\" id=\"ub-content-toggle-panel-1-871686f8-cae5-4039-98b7-be1fa0773e1d\">\n\n<p>N\u00e3o, infelizmente os transportes p\u00fablicos n\u00e3o podem ser utilizados com o Stockholm Card. No entanto, pode utilizar os autocarros e barcos hop-on hop-off da Str\u00f8mma, desde que o seu Stockholm Card seja v\u00e1lido.<\/p>\n\n<\/div>\n\t\t<\/div>\n\n<div class=\"wp-block-ub-content-toggle-accordion\" style=\"border-color: #f1f1f1; \" id=\"ub-content-toggle-panel-block-\">\n\t\t\t<div class=\"wp-block-ub-content-toggle-accordion-title-wrap\" style=\"background-color: #f1f1f1;\" aria-controls=\"ub-content-toggle-panel-2-871686f8-cae5-4039-98b7-be1fa0773e1d\" tabindex=\"0\">\n\t\t\t<p class=\"wp-block-ub-content-toggle-accordion-title ub-content-toggle-title-871686f8-cae5-4039-98b7-be1fa0773e1d\" style=\"color: #000000; \">Onde posso comprar o Stockholm Card?<\/p>\n\t\t\t<div class=\"wp-block-ub-content-toggle-accordion-toggle-wrap right\" style=\"color: #000000;\"><span class=\"wp-block-ub-content-toggle-accordion-state-indicator wp-block-ub-chevron-down\"><\/span><\/div>\n\t\t<\/div>\n\t\t\t<div role=\"region\" aria-expanded=\"false\" class=\"wp-block-ub-content-toggle-accordion-content-wrap ub-hide\" id=\"ub-content-toggle-panel-2-871686f8-cae5-4039-98b7-be1fa0773e1d\">\n\n<p>O Stockholm Card est\u00e1 dispon\u00edvel no s\u00edtio Web oficial do Go City: <a href=\"https:\/\/prf.hn\/l\/BJ8AYJ3\" target=\"_blank\" rel=\"noopener nofollow sponsored\" title=\"\">gocity.com<\/a>.<\/p>\n\n<\/div>\n\t\t<\/div>\n\n<div class=\"wp-block-ub-content-toggle-accordion\" style=\"border-color: #f1f1f1; \" id=\"ub-content-toggle-panel-block-\">\n\t\t\t<div class=\"wp-block-ub-content-toggle-accordion-title-wrap\" style=\"background-color: #f1f1f1;\" aria-controls=\"ub-content-toggle-panel-3-871686f8-cae5-4039-98b7-be1fa0773e1d\" tabindex=\"0\">\n\t\t\t<p class=\"wp-block-ub-content-toggle-accordion-title ub-content-toggle-title-871686f8-cae5-4039-98b7-be1fa0773e1d\" style=\"color: #000000; \">Quando \u00e9 que devo comprar o Stockholm Card?<\/p>\n\t\t\t<div class=\"wp-block-ub-content-toggle-accordion-toggle-wrap right\" style=\"color: #000000;\"><span class=\"wp-block-ub-content-toggle-accordion-state-indicator wp-block-ub-chevron-down\"><\/span><\/div>\n\t\t<\/div>\n\t\t\t<div role=\"region\" aria-expanded=\"false\" class=\"wp-block-ub-content-toggle-accordion-content-wrap ub-hide\" id=\"ub-content-toggle-panel-3-871686f8-cae5-4039-98b7-be1fa0773e1d\">\n\n<p>Pode comprar o Stockholm Card at\u00e9 12 meses antes da sua viagem. Tamb\u00e9m pode comprar o cart\u00e3o espontaneamente em linha quando j\u00e1 se encontra em Estocolmo.<\/p>\n\n<\/div>\n\t\t<\/div>\n\n<div class=\"wp-block-ub-content-toggle-accordion\" style=\"border-color: #f1f1f1; \" id=\"ub-content-toggle-panel-block-\">\n\t\t\t<div class=\"wp-block-ub-content-toggle-accordion-title-wrap\" style=\"background-color: #f1f1f1;\" aria-controls=\"ub-content-toggle-panel-4-871686f8-cae5-4039-98b7-be1fa0773e1d\" tabindex=\"0\">\n\t\t\t<p class=\"wp-block-ub-content-toggle-accordion-title ub-content-toggle-title-871686f8-cae5-4039-98b7-be1fa0773e1d\" style=\"color: #000000; \">Qual \u00e9 a diferen\u00e7a entre o Stockholm Card e o Stockholm Pass?<\/p>\n\t\t\t<div class=\"wp-block-ub-content-toggle-accordion-toggle-wrap right\" style=\"color: #000000;\"><span class=\"wp-block-ub-content-toggle-accordion-state-indicator wp-block-ub-chevron-down\"><\/span><\/div>\n\t\t<\/div>\n\t\t\t<div role=\"region\" aria-expanded=\"false\" class=\"wp-block-ub-content-toggle-accordion-content-wrap ub-hide\" id=\"ub-content-toggle-panel-4-871686f8-cae5-4039-98b7-be1fa0773e1d\">\n\n<p>N\u00e3o h\u00e1 diferen\u00e7a: Stockholm Card = Stockholm Pass.<\/p>\n\n<\/div>\n\t\t<\/div>\n\n<div class=\"wp-block-ub-content-toggle-accordion\" style=\"border-color: #f1f1f1; \" id=\"ub-content-toggle-panel-block-\">\n\t\t\t<div class=\"wp-block-ub-content-toggle-accordion-title-wrap\" style=\"background-color: #f1f1f1;\" aria-controls=\"ub-content-toggle-panel-5-871686f8-cae5-4039-98b7-be1fa0773e1d\" tabindex=\"0\">\n\t\t\t<p class=\"wp-block-ub-content-toggle-accordion-title ub-content-toggle-title-871686f8-cae5-4039-98b7-be1fa0773e1d\" style=\"color: #000000; \">Existe um Stockholm Card para crian\u00e7as?<\/p>\n\t\t\t<div class=\"wp-block-ub-content-toggle-accordion-toggle-wrap right\" style=\"color: #000000;\"><span class=\"wp-block-ub-content-toggle-accordion-state-indicator wp-block-ub-chevron-down\"><\/span><\/div>\n\t\t<\/div>\n\t\t\t<div role=\"region\" aria-expanded=\"false\" class=\"wp-block-ub-content-toggle-accordion-content-wrap ub-hide\" id=\"ub-content-toggle-panel-5-871686f8-cae5-4039-98b7-be1fa0773e1d\">\n\n<p>Sim, existe um Stockholm Card com desconto para crian\u00e7as entre os 6 e os 15 anos. As crian\u00e7as mais novas n\u00e3o precisam de um cart\u00e3o pr\u00f3prio, uma vez que a maioria das atrac\u00e7\u00f5es \u00e9 gratuita para elas.<\/p>\n\n<\/div>\n\t\t<\/div>\n\n<div class=\"wp-block-ub-content-toggle-accordion\" style=\"border-color: #f1f1f1; \" id=\"ub-content-toggle-panel-block-\">\n\t\t\t<div class=\"wp-block-ub-content-toggle-accordion-title-wrap\" style=\"background-color: #f1f1f1;\" aria-controls=\"ub-content-toggle-panel-6-871686f8-cae5-4039-98b7-be1fa0773e1d\" tabindex=\"0\">\n\t\t\t<p class=\"wp-block-ub-content-toggle-accordion-title ub-content-toggle-title-871686f8-cae5-4039-98b7-be1fa0773e1d\" style=\"color: #000000; \">A compra pode ser cancelada sem custos?<\/p>\n\t\t\t<div class=\"wp-block-ub-content-toggle-accordion-toggle-wrap right\" style=\"color: #000000;\"><span class=\"wp-block-ub-content-toggle-accordion-state-indicator wp-block-ub-chevron-down\"><\/span><\/div>\n\t\t<\/div>\n\t\t\t<div role=\"region\" aria-expanded=\"false\" class=\"wp-block-ub-content-toggle-accordion-content-wrap ub-hide\" id=\"ub-content-toggle-panel-6-871686f8-cae5-4039-98b7-be1fa0773e1d\">\n\n<p>Sim, a compra do Stockholm Card pode ser anulada gratuitamente no Go City no prazo de 30 dias a contar da data da compra. No entanto, isto s\u00f3 se aplica se ainda n\u00e3o tiver ativado o seu City Card.<\/p>\n\n<\/div>\n\t\t<\/div>\n\n<div class=\"wp-block-ub-content-toggle-accordion\" style=\"border-color: #f1f1f1; \" id=\"ub-content-toggle-panel-block-\">\n\t\t\t<div class=\"wp-block-ub-content-toggle-accordion-title-wrap\" style=\"background-color: #f1f1f1;\" aria-controls=\"ub-content-toggle-panel-7-871686f8-cae5-4039-98b7-be1fa0773e1d\" tabindex=\"0\">\n\t\t\t<p class=\"wp-block-ub-content-toggle-accordion-title ub-content-toggle-title-871686f8-cae5-4039-98b7-be1fa0773e1d\" style=\"color: #000000; \">Como posso contactar o servi\u00e7o de apoio ao cliente do Go City?<\/p>\n\t\t\t<div class=\"wp-block-ub-content-toggle-accordion-toggle-wrap right\" style=\"color: #000000;\"><span class=\"wp-block-ub-content-toggle-accordion-state-indicator wp-block-ub-chevron-down\"><\/span><\/div>\n\t\t<\/div>\n\t\t\t<div role=\"region\" aria-expanded=\"false\" class=\"wp-block-ub-content-toggle-accordion-content-wrap ub-hide\" id=\"ub-content-toggle-panel-7-871686f8-cae5-4039-98b7-be1fa0773e1d\">\n\n<p>Na p\u00e1gina seguinte do Go City encontrar\u00e1 um formul\u00e1rio de contacto e n\u00fameros de telefone: <a href=\"https:\/\/prf.hn\/l\/EJAmYJ0\" target=\"_blank\" rel=\"noopener nofollow sponsored\" title=\"\">FAQ e contacto<\/a><\/p>\n\n<\/div>\n\t\t<\/div>\n\n<div class=\"wp-block-ub-content-toggle-accordion\" style=\"border-color: #f1f1f1; \" id=\"ub-content-toggle-panel-block-\">\n\t\t\t<div class=\"wp-block-ub-content-toggle-accordion-title-wrap\" style=\"background-color: #f1f1f1;\" aria-controls=\"ub-content-toggle-panel-8-871686f8-cae5-4039-98b7-be1fa0773e1d\" tabindex=\"0\">\n\t\t\t<p class=\"wp-block-ub-content-toggle-accordion-title ub-content-toggle-title-871686f8-cae5-4039-98b7-be1fa0773e1d\" style=\"color: #000000; \">O Stockholm Card permite um acesso r\u00e1pido?<\/p>\n\t\t\t<div class=\"wp-block-ub-content-toggle-accordion-toggle-wrap right\" style=\"color: #000000;\"><span class=\"wp-block-ub-content-toggle-accordion-state-indicator wp-block-ub-chevron-down\"><\/span><\/div>\n\t\t<\/div>\n\t\t\t<div role=\"region\" aria-expanded=\"false\" class=\"wp-block-ub-content-toggle-accordion-content-wrap ub-hide\" id=\"ub-content-toggle-panel-8-871686f8-cae5-4039-98b7-be1fa0773e1d\">\n\n<p>N\u00e3o, n\u00e3o existe acesso r\u00e1pido para os titulares do Stockholm Card.<\/p>\n\n<\/div>\n\t\t<\/div>\n\n<div class=\"wp-block-ub-content-toggle-accordion\" style=\"border-color: #f1f1f1; \" id=\"ub-content-toggle-panel-block-\">\n\t\t\t<div class=\"wp-block-ub-content-toggle-accordion-title-wrap\" style=\"background-color: #f1f1f1;\" aria-controls=\"ub-content-toggle-panel-9-871686f8-cae5-4039-98b7-be1fa0773e1d\" tabindex=\"0\">\n\t\t\t<p class=\"wp-block-ub-content-toggle-accordion-title ub-content-toggle-title-871686f8-cae5-4039-98b7-be1fa0773e1d\" style=\"color: #000000; \">As atrac\u00e7\u00f5es t\u00eam de ser reservadas?<\/p>\n\t\t\t<div class=\"wp-block-ub-content-toggle-accordion-toggle-wrap right\" style=\"color: #000000;\"><span class=\"wp-block-ub-content-toggle-accordion-state-indicator wp-block-ub-chevron-down\"><\/span><\/div>\n\t\t<\/div>\n\t\t\t<div role=\"region\" aria-expanded=\"false\" class=\"wp-block-ub-content-toggle-accordion-content-wrap ub-hide\" id=\"ub-content-toggle-panel-9-871686f8-cae5-4039-98b7-be1fa0773e1d\">\n\n<p>N\u00e3o, a maioria das atrac\u00e7\u00f5es n\u00e3o precisa de ser reservada. Existem apenas algumas excep\u00e7\u00f5es. <a href=\"https:\/\/prf.hn\/l\/kVBwDDv\" target=\"_blank\" rel=\"noopener nofollow sponsored\" title=\"\">Pode encontr\u00e1-los aqui.<\/a> No entanto, a maioria dos passeios de barco deve ser reservada no local, num quiosque Str\u00f8mma.<\/p>\n\n<\/div>\n\t\t<\/div>\n<\/div>","protected":false},"excerpt":{"rendered":"","protected":false},"author":1,"featured_media":0,"parent":0,"menu_order":0,"comment_status":"closed","ping_status":"closed","template":"","meta":{"footnotes":""},"class_list":["post-83","page","type-page","status-publish"],"aioseo_notices":[],"featured_image_src":null,"_links":{"self":[{"href":"https:\/\/www.stockholm-card.com\/pt\/wp-json\/wp\/v2\/pages\/83","targetHints":{"allow":["GET"]}}],"collection":[{"href":"https:\/\/www.stockholm-card.com\/pt\/wp-json\/wp\/v2\/pages"}],"about":[{"href":"https:\/\/www.stockholm-card.com\/pt\/wp-json\/wp\/v2\/types\/page"}],"author":[{"embeddable":true,"href":"https:\/\/www.stockholm-card.com\/pt\/wp-json\/wp\/v2\/users\/1"}],"replies":[{"embeddable":true,"href":"https:\/\/www.stockholm-card.com\/pt\/wp-json\/wp\/v2\/comments?post=83"}],"version-history":[{"count":11,"href":"https:\/\/www.stockholm-card.com\/pt\/wp-json\/wp\/v2\/pages\/83\/revisions"}],"predecessor-version":[{"id":463,"href":"https:\/\/www.stockholm-card.com\/pt\/wp-json\/wp\/v2\/pages\/83\/revisions\/463"}],"wp:attachment":[{"href":"https:\/\/www.stockholm-card.com\/pt\/wp-json\/wp\/v2\/media?parent=83"}],"curies":[{"name":"wp","href":"https:\/\/api.w.org\/{rel}","templated":true}]}}