{"id":322,"date":"2025-03-28T13:45:40","date_gmt":"2025-03-28T12:45:40","guid":{"rendered":"https:\/\/www.stockholm-card.com\/cookie-richtlinie\/"},"modified":"2025-03-28T13:45:40","modified_gmt":"2025-03-28T12:45:40","slug":"politica-privind-cookie-urile","status":"publish","type":"page","link":"https:\/\/www.stockholm-card.com\/ro\/cookie-richtlinie\/","title":{"rendered":"Politica privind cookie-urile"},"content":{"rendered":"<p>Prin aceast\u0103 politic\u0103 privind modulele cookie, dorim s\u0103 explic\u0103m ce sunt modulele cookie \u0219i tehnologiile de tip cookie, cum le utiliz\u0103m noi \u0219i al\u021bi furnizori de servicii pe acest site web, ce informa\u021bii colecteaz\u0103, pentru c\u00e2t timp \u0219i \u00een ce scopuri le utiliz\u0103m.<\/p><h2>Tabel de con\u021binut<\/h2><ul><li><a href=\"#controller-of-the-website\">Persoana responsabil\u0103 pentru site-ul web<\/a><\/li><li><a href=\"#diff-to-privacy-policy\">Suplimentarea politicii de protec\u021bie a datelor<\/a><\/li><li><a href=\"#cookie-technology\">Ce sunt modulele cookie \u0219i tehnologiile similare?<\/a><\/li><li><a href=\"#legal-basis\">Care este temeiul juridic pentru setarea\/citirea modulului cookie?<\/a><\/li><li><a href=\"#rights-of-visitor\">Ce drepturi sunt vizitatorul site-ului?<\/a><\/li><li><a href=\"#manage-cookies\">Cum pot gestiona modulele cookie \u00eentr-un browser?<\/a><\/li><li><a href=\"#types-of-cookies\">Ce tipuri de module cookie exist\u0103?<\/a><\/li><li><a href=\"#cookies-origin\">Cine poate seta modul cookie pe acest site?<\/a><\/li><li><a href=\"#list-of-services\">Ce module cookie sunt utilizate pe acest site?<\/a><\/li><\/ul><h2 id=\"controller-of-the-website\">Persoana responsabil\u0103 pentru site-ul web<\/h2><ul><li><strong>Furnizor: <\/strong>Stockholm Card, Germania<\/li><li><strong>Email: <\/strong><a target=\"_blank\" href=\"mailto:patrick@101places.de\">patrick@101places.de<\/a><\/li><\/ul><h2 id=\"diff-to-privacy-policy\">Suplimentarea politicii de protec\u021bie a datelor<\/h2><p>Aceast\u0103 politic\u0103 privind cookie-urile este o completare la {{Politica de confiden\u021bialitate}}Politica de confiden\u021bialitate{{\/privacyPolicy}} a acestui site web. Politica privind modulele cookie stabile\u0219te modul \u00een care un site web utilizeaz\u0103 modulele cookie \u0219i ce date colecteaz\u0103 cu ajutorul acestora, \u00een timp ce politica de confiden\u021bialitate ofer\u0103 o prezentare general\u0103 mai cuprinz\u0103toare a tuturor activit\u0103\u021bilor de prelucrare a datelor de pe site \u0219i nu numai.<\/p><h2 id=\"cookie-technology\">Ce sunt modulele cookie \u0219i tehnologiile similare?<\/h2><p>Modulele cookie sunt unit\u0103\u021bi mici de informa\u021bii, similare fi\u0219ierelor text, care pot fi stocate \u0219i citite pe dispozitivul final. Acestea au diverse scopuri, inclusiv men\u021binerea func\u021biilor de baz\u0103 ale site-ului, securitatea \u0219i protec\u021bia datelor, furnizarea de func\u021bii op\u021bionale ale site-ului, colectarea de date statistice privind fluxurile de vizitatori \u0219i furnizarea de sisteme de marketing. Exemple practice de elemente care pot fi stocate \u00een cookie-uri sunt stocarea statutului de autentificare \u00een conturile de utilizator, con\u021binutul co\u0219urilor de cump\u0103r\u0103turi \u00een platforma de comer\u021b electronic sau un ID de utilizator pentru urm\u0103rirea comportamentului pe site.<br \/><br \/>Din punctul de vedere tehnic, informa\u021biile pot fi stocate \u00een diverse moduri. Cele mai cunoscute exemple sunt cookie-urile HTTP \u0219i tehnologiile asem\u0103n\u0103toare cookie-urilor, cum ar fi stocarea local\u0103, stocarea \u00een sesiune sau IndexedDB. Fiecare tip de stocare sunt caracteristici diferite care determin\u0103 manipularea tehnic\u0103, accesibilitatea \u0219i persoanele autorizate responsabil pentru accesarea informa\u021biilor. Toate aceste tipuri de stocare sunt, \u00een general, rezumate sub termenul \"cookie-uri\" \u0219i, prin urmare, sunt denumite ca atare \u0219i \u00een prezenta politic\u0103 privind cookie-urile.<\/p><h2 id=\"legal-basis\">Care este temeiul juridic pentru setarea\/citirea modulului cookie?<\/h2><p>Setarea \u0219i citirea cookie-urilor este permis\u0103 numai \u00een Uniunea European\u0103 (UE) \u0219i \u00een Spa\u021biul Economic European (SEE), \u00een conformitate cu Articolul 4 Legea privind prelucrarea datelor cu caracter personal \u0219i protec\u021bia vie\u021bii private \u00een sectorul comunica\u021biilor electronice (Act on the Processing of Personal Data and the Protection of Privacy in the Electronic Communications Sector), dac\u0103 utilizatorul \u0219i-a dat consim\u021b\u0103m\u00e2ntul pe baza unor informa\u021bii complete privind scopurile prelucr\u0103rii. De asemenea, operatorul site-ului web poate seta module cookie dac\u0103 acestea sunt absolut necesare pentru a v\u0103 furniza, \u00een calitate de utilizator, serviciul solicitat \u00een mod expres, de exemplu con\u021binutul de baz\u0103 al acestui site web sau alte module cookie strict necesare pentru func\u021biile de baz\u0103 ale site-ului web care v\u0103 sunt afi\u0219ate f\u0103r\u0103 consim\u021b\u0103m\u00e2ntul dumneavoastr\u0103.<\/p><h2 id=\"rights-of-visitor\">Ce drepturi sunt vizitatorul site-ului?<\/h2><p>Serviciile \u0219i modulele cookie ale acestora pot fi setate \u0219i citite pe baza legal\u0103 a consim\u021b\u0103m\u00e2ntului dumneavoastr\u0103 sau a unui interes legitim. Atunci c\u00e2nd a\u021bi vizitat acest site pentru prima dat\u0103, vi s-a cerut consim\u021b\u0103m\u00e2ntul \u0219i a\u021bi avut posibilitatea de a v\u0103 opune utiliz\u0103rii anumitor servicii. Am explicat ce temei juridic este utilizat pentru fiecare serviciu \u00een dialogul nostru privind consim\u021b\u0103m\u00e2ntul.<br \/><br \/>Ave\u021bi dreptul s\u0103 vizualiza\u021bi istoricul deciziilor dvs., s\u0103 v\u0103 modifica\u021bi set\u0103rile de protec\u021bie a datelor, s\u0103 v\u0103 opune\u021bi utiliz\u0103rii serviciilor \u0219i s\u0103 v\u0103 retrage\u021bi consim\u021b\u0103m\u00e2ntul \u00een orice moment. Mai jos ve\u021bi g\u0103si modalit\u0103\u021bi de a v\u0103 exercita drepturile:<br \/><ul><li><a  href=\"#consent-change\" role=\"button\" id=\"rcb-sc-link-change\" data-success-message=\"\" class=\"rcb-sc-link rcb-sc-link-change\">Modifica\u021bi set\u0103rile de confiden\u021bialitate<\/a><\/li><li><a  href=\"#consent-history\" role=\"button\" id=\"rcb-sc-link-history\" data-success-message=\"\" class=\"rcb-sc-link rcb-sc-link-history\">Istoricul set\u0103rilor de confiden\u021bialitate<\/a><\/li><li><a  href=\"#consent-revoke\" role=\"button\" id=\"rcb-sc-link-revoke\" data-success-message=\"V-a\u021bi revocat cu succes consim\u021b\u0103m\u00e2ntul pentru serviciile cu cookie-urile lor \u0219i prelucrarea datelor cu caracter personal. Pagina va fi acum re\u00eenc\u0103rcat\u0103!\" class=\"rcb-sc-link rcb-sc-link-revoke\">Revocarea consim\u021b\u0103m\u00e2ntului<\/a><\/li><\/ul><\/p><h2 id=\"manage-cookies\">Cum pot gestiona modulele cookie \u00eentr-un browser?<\/h2><p><ul><li><strong>Cum s\u0103 elimina\u021bi modulele cookie din browser:<\/strong> Pentru a elimina modulele cookie de pe dispozitivul dvs, pute\u021bi \u0219terge datele browserului \u00een set\u0103rile browserului. Acest lucru va \u0219terge toate modulele cookie de pe toate site-urile pe care le-a\u021bi vizitat, posibil inclusiv datele de conectare salvate \u0219i set\u0103rile site-ului. \u00cen unele browsere, pute\u021bi \u0219terge doar modulele cookie \u0219i datele similare f\u0103r\u0103 a \u0219terge \u00eentregul istoric de navigare.<\/li><li><strong>Cum s\u0103 controla\u021bi modulele cookie \u00eentr-un browser:<\/strong> Dac\u0103 dori\u021bi s\u0103 ave\u021bi un control mai precis asupra modulului cookie de pe anumite site-uri web, accesa\u021bi set\u0103rile de confiden\u021bialitate \u0219i modul cookie din browserul dvs. Aici pute\u021bi ajusta set\u0103rile pentru utilizarea modullor cookie pe site-uri web individuale.<\/li><li><strong>Cum s\u0103 bloca\u021bi modulele cookie \u00eentr-un browser:<\/strong> Cu majoritatea browserelor moderne, pute\u021bi specifica \u00een set\u0103ri ca niciun cookie s\u0103 nu fie stocat pe dispozitivul dumneavoastr\u0103. Cu toate acestea, blocarea modullor cookie poate duce la nefunc\u021bionarea corespunz\u0103toare a anumitor servicii \u0219i func\u021bii, de exemplu, conectarea ca utilizator. Exist\u0103, de asemenea, extensii pentru multe browsere care pot bloca setarea modulelor cookie pe site-uri web.<\/li><li><strong>Cum s\u0103 gestiona\u021bi modulele cookie de pe acest site:<\/strong> Pentru a v\u0103 personaliza preferin\u021bele cu privire la modulul cookie de pe acest site, v\u0103 pute\u021bi modifica set\u0103rile \u00een orice moment f\u0103c\u00e2nd clic pe link-ul din sec\u021biunea \"Drepturile vizitatorilor site-ului\".<\/li><\/li><\/ul><p>Pute\u021bi g\u0103si mai multe informa\u021bii despre gestionarea modulului cookie la adresa <a href=\"https:\/\/devowl.io\/de\/rcb\/cookie-handhabung\/\" target=\"_blank\">devowl.io\/en\/rcb\/cookie-handling\/<\/a>.<\/p><\/p><h2 id=\"types-of-cookies\">Ce tipuri de module cookie exist\u0103?<\/h2><p><ul><li><strong>Cookie-uri esen\u021biale<\/strong> sunt esen\u021biale pentru func\u021bionalitatea de baz\u0103 a unui site web \u0219i permit func\u021bii precum stocarea informa\u021biilor de autentificare sau accesul la zonele securizate ale site-ului web. Acestea includ, de exemplu, modul cookie de securitate care poate identifica un robot care nu este dorit pe site-ul web prin stocarea unei chei de autentificare \u00eentr-un modul cookie.<\/li><li><strong>Modul cookie func\u021bional<\/strong> \u00eembun\u0103t\u0103\u021birea utilizatorului prin stocarea de informa\u021bii \u0219i preferin\u021be, cum ar fi set\u0103rile de limb\u0103 sau set\u0103rile pentru aspectul site-ului web, pentru a permite o afi\u0219are personalizat\u0103. Aceasta include, de exemplu, modul cookie de preferin\u021b\u0103, care stocheaz\u0103 calitatea video preferat\u0103 de utilizator pe un site web.<\/li><li><strong>Statistici Cookie-uri<\/strong> colectarea de date despre utilizarea unui site web pentru a ob\u021bine informa\u021bii despre comportamentul utilizatorilor \u0219i pentru a optimiza performan\u021ba site-ului web. Acestea includ, de exemplu, un ID de utilizator atribuit aleatoriu care poate fi utilizat pentru a determina dac\u0103 a\u021bi vizitat o subpagin\u0103 a site-ului.<\/li><li><strong>Cookie-uri de marketing<\/strong> sunt utilizate pentru a urm\u0103ri comportamentul utilizatorilor pe diferite site-uri web \u0219i pentru a afi\u0219a publicitate personalizat\u0103 bazat\u0103 pe interesele \u0219i comportamentul de navigare al utilizatorilor. Acestea includ, de exemplu, modul cookie de publicitate care stocheaz\u0103 interac\u021biunea cu o reclam\u0103 de pe site \u0219i o transmite agen\u021bilor de publicitate, sau un sistem de chat pentru \u00eentreb\u0103ri \u00eenainte de cump\u0103rare \u0219i asisten\u021b\u0103 pentru clien\u021bi.<\/li><\/li><\/ul><\/p><h2 id=\"cookies-origin\">Cine poate seta modul cookie pe acest site?<\/h2><p>Pe acest site, at\u00e2t operatorul site-ului, c\u00e2t \u0219i serviciile ter\u021bilor utilizate pe acest site pot seta modul cookie \u0219i accesa con\u021binutul acestora. Se face o distinc\u021bie \u00eentre modulele cookie de prim\u0103 parte \u0219i cele de ter\u021b\u0103 parte \u00een ceea ce prive\u0219te cine poate accesa care module cookie \u0219i con\u021binutul acestora. Modulele cookie de ter\u021b\u0103 parte sunt create de site-ul web vizitat \u0219i pot fi citite numai de operatorul site-ului web \u0219i de serviciile integrate ale ter\u021bilor pe acest site web. Cookie-urile ter\u021b\u0103 parte sunt de obicei create de servicii ter\u021be pe alte domenii, pot fi citite pe toate site-urile web pe care este integrat serviciul care controleaz\u0103 domeniul \u0219i sunt utilizate, de exemplu, de re\u021belele de publicitate pentru a urm\u0103ri comportamentul utilizatorilor pe diferite site-uri web \u0219i pentru a oferi publicitate personalizat\u0103.<\/p><h2 id=\"list-of-services\">Ce module cookie sunt utilizate pe acest site?<\/h2><script type=\"application\/json\">{\"search\":{\"placeholder\":\"C\\u0103utare...\"},\"sort\":{\"sortAsc\":\"Sorteaz\\u0103 coloana \\u00een ordine cresc\\u0103toare\",\"sortDesc\":\"Sorteaz\\u0103 coloana \\u00een ordine descresc\\u0103toare\"},\"pagination\":{\"previous\":\"Anterior\",\"next\":\"Urm\\u0103torul\",\"navigate\":\"Pagina %1$d din %2$d\",\"page\":\"Pagina %d\",\"showing\":\"Afi\\u0219are\",\"of\":\"din\",\"to\":\"la\",\"results\":\"rezultate\"},\"noRecordsFound\":\"Nu s-au g\\u0103sit \\u00eenregistr\\u0103ri corespunz\\u0103toare\"}<\/script><table  class=\"devowl-wp-react-cookie-banner-cookie-policy\"><thead><tr><th width=\"200px\" scope=\"col\">Categorie<\/th><th width=\"400px\" scope=\"col\">Denumirea tehnic\u0103 a cookie-ului<\/th><th width=\"400px\" scope=\"col\">Gazda tehnic\u0103 a cookie-urilor<\/th><th width=\"400px\" scope=\"col\">Serviciu<\/th><th width=\"250px\" scope=\"col\">Durat\u0103<\/th><th width=\"200px\" scope=\"col\">Sfat<\/th><th width=\"550px\" scope=\"col\">Scopul<\/th><\/tr><\/thead><tbody><tr><td>Esen\u021biale<\/td><td>trp_language<\/td><td>www.stockholm-card.com<\/td><td>TraducerePress<\/td><td>30 zile<\/td><td>Cookie HTTP<\/td><td>-<\/td><\/tr><tr><td>Esen\u021biale<\/td><td>real_cookie_banner*<\/td><td>.stockholm-card.com<\/td><td>Real Cookie Banner<\/td><td>365 zile<\/td><td>Cookie HTTP<\/td><td>Identificator unic pentru consim\u021b\u0103m\u00e2nt, dar nu \u0219i pentru vizitatorul site-ului. Hash de revizuire pentru set\u0103rile bannerului cookie (texte, culori, func\u021bii, grupuri de servicii, servicii, bloc\u0103ri de con\u021binut etc.). ID-uri pentru serviciile \u0219i grupurile de servicii consim\u021bite.<\/td><\/tr><tr><td>Esen\u021biale<\/td><td>real_cookie_banner*-tcf<\/td><td>.stockholm-card.com<\/td><td>Real Cookie Banner<\/td><td>365 zile<\/td><td>Cookie HTTP<\/td><td>Consim\u021b\u0103minte colectate ca parte a TCF \u0219i stocate \u00een formatul TC String, inclusiv furnizorii TCF, scopuri, scopuri speciale, func\u021bii \u0219i func\u021bii speciale.<\/td><\/tr><tr><td>Esen\u021biale<\/td><td>real_cookie_banner*-gcm<\/td><td>.stockholm-card.com<\/td><td>Real Cookie Banner<\/td><td>365 zile<\/td><td>Cookie HTTP<\/td><td>Consim\u021b\u0103mintele colectate \u00een Modul Consim\u021b\u0103m\u00e2nt Google pentru diferitele tipuri de consim\u021b\u0103m\u00e2nt (scopuri) sunt stocate pentru toate serviciile compatibile cu Modul Consim\u021b\u0103m\u00e2nt Google.<\/td><\/tr><tr><td>Esen\u021biale<\/td><td>real_cookie_banner-test<\/td><td>.stockholm-card.com<\/td><td>Real Cookie Banner<\/td><td>365 zile<\/td><td>Cookie HTTP<\/td><td>Cookie setat pentru a testa func\u021bionalitatea cookie-urilor HTTP. Este \u0219ters imediat dup\u0103 test.<\/td><\/tr><tr><td>Esen\u021biale<\/td><td>real_cookie_banner*<\/td><td>https:\/\/www.stockholm-card.com<\/td><td>Real Cookie Banner<\/td><td>-<\/td><td>Depozitare local\u0103<\/td><td>Identificator unic pentru consim\u021b\u0103m\u00e2nt, dar nu \u0219i pentru vizitatorul site-ului. Hash de revizuire pentru set\u0103rile bannerului cookie (texte, culori, func\u021bii, grupuri de servicii, servicii, bloc\u0103ri de con\u021binut etc.). ID-uri pentru serviciile \u0219i grupurile de servicii consim\u021bite. Stocate numai p\u00e2n\u0103 c\u00e2nd consim\u021b\u0103m\u00e2ntul este documentat pe serverul site-ului web.<\/td><\/tr><tr><td>Esen\u021biale<\/td><td>real_cookie_banner*-tcf<\/td><td>https:\/\/www.stockholm-card.com<\/td><td>Real Cookie Banner<\/td><td>-<\/td><td>Depozitare local\u0103<\/td><td>Consim\u021b\u0103mintele colectate ca parte a TCF sunt stocate \u00een format \u0219ir TC, inclusiv furnizorii TCF, scopurile, scopurile speciale, func\u021biile \u0219i func\u021biile speciale. Stocate numai p\u00e2n\u0103 c\u00e2nd consim\u021b\u0103m\u00e2ntul este documentat pe serverul site-ului web.<\/td><\/tr><tr><td>Esen\u021biale<\/td><td>real_cookie_banner*-gcm<\/td><td>https:\/\/www.stockholm-card.com<\/td><td>Real Cookie Banner<\/td><td>-<\/td><td>Depozitare local\u0103<\/td><td>Consim\u021b\u0103mintele \u00eenregistrate ca parte a modului Consim\u021b\u0103m\u00e2nt Google sunt stocate \u00een tipuri de consim\u021b\u0103m\u00e2nt (scopuri) pentru toate serviciile compatibile cu modul Consim\u021b\u0103m\u00e2nt Google. Acesta este stocat numai p\u00e2n\u0103 c\u00e2nd consim\u021b\u0103m\u00e2ntul este documentat pe serverul site-ului web.<\/td><\/tr><tr><td>Esen\u021biale<\/td><td>real_cookie_banner-consent-queue*<\/td><td>https:\/\/www.stockholm-card.com<\/td><td>Real Cookie Banner<\/td><td>-<\/td><td>Depozitare local\u0103<\/td><td>Memorarea local\u0103 a selec\u021biei \u00een bannerul cookie p\u00e2n\u0103 c\u00e2nd serverul documenteaz\u0103 consim\u021b\u0103m\u00e2ntul; se \u00eencearc\u0103 documentarea periodic\u0103 sau la schimbarea paginilor dac\u0103 serverul nu este disponibil sau este supra\u00eenc\u0103rcat.<\/td><\/tr><tr><td>Func\u021bionale<\/td><td>wpEmojiSettingsSupports<\/td><td>https:\/\/www.stockholm-card.com<\/td><td>WordPress Emojis<\/td><td>SESIUNE<\/td><td>Sesiune de stocare<\/td><td>Timestamps \u0219i dac\u0103 este posibil s\u0103 seta\u021bi emojis<\/td><\/tr><tr><td>Marketing<\/td><td>ID vizitator<\/td><td>.getyourguide.com<\/td><td>GetYourGuide<\/td><td>14 luni<\/td><td>Cookie HTTP<\/td><td>ID utilizator<\/td><\/tr><tr><td>Marketing<\/td><td>__ssid<\/td><td>.getyourguide.com<\/td><td>GetYourGuide<\/td><td>14 luni<\/td><td>Cookie HTTP<\/td><td>ID utilizator<\/td><\/tr><tr><td>Marketing<\/td><td>__cf_bm<\/td><td>.getyourguide.com<\/td><td>GetYourGuide<\/td><td>10 ore<\/td><td>Cookie HTTP<\/td><td>Identific\u0103 \u0219i reduce traficul automat pentru a proteja site-ul \u00eempotriva robo\u021bilor r\u0103u inten\u021biona\u021bi<\/td><\/tr><\/tbody><\/table><p>Politica privind modulele cookie a fost actualizat\u0103 ultima dat\u0103 la 19. mai 2025.<\/p>","protected":false},"excerpt":{"rendered":"","protected":false},"author":1,"featured_media":0,"parent":0,"menu_order":0,"comment_status":"closed","ping_status":"closed","template":"","meta":{"footnotes":""},"class_list":["post-322","page","type-page","status-publish"],"aioseo_notices":[],"featured_image_src":null,"_links":{"self":[{"href":"https:\/\/www.stockholm-card.com\/ro\/wp-json\/wp\/v2\/pages\/322","targetHints":{"allow":["GET"]}}],"collection":[{"href":"https:\/\/www.stockholm-card.com\/ro\/wp-json\/wp\/v2\/pages"}],"about":[{"href":"https:\/\/www.stockholm-card.com\/ro\/wp-json\/wp\/v2\/types\/page"}],"author":[{"embeddable":true,"href":"https:\/\/www.stockholm-card.com\/ro\/wp-json\/wp\/v2\/users\/1"}],"replies":[{"embeddable":true,"href":"https:\/\/www.stockholm-card.com\/ro\/wp-json\/wp\/v2\/comments?post=322"}],"version-history":[{"count":0,"href":"https:\/\/www.stockholm-card.com\/ro\/wp-json\/wp\/v2\/pages\/322\/revisions"}],"wp:attachment":[{"href":"https:\/\/www.stockholm-card.com\/ro\/wp-json\/wp\/v2\/media?parent=322"}],"curies":[{"name":"wp","href":"https:\/\/api.w.org\/{rel}","templated":true}]}}