{"id":103,"date":"2024-02-01T15:26:01","date_gmt":"2024-02-01T14:26:01","guid":{"rendered":"https:\/\/www.stockholm-card.com\/?page_id=103"},"modified":"2025-02-07T09:31:58","modified_gmt":"2025-02-07T08:31:58","slug":"imprint","status":"publish","type":"page","link":"https:\/\/www.stockholm-card.com\/sv\/imprint\/","title":{"rendered":"Juridisk information"},"content":{"rendered":"<p>Patrick K\u00fchne<br>Kolpingstr. 12<br>04416 Markkleeberg<\/p>\n\n\n\n<h2 class=\"wp-block-heading\">Kontakta oss<\/h2>\n\n\n\n<p>E-post: patrick@101places.de.de<\/p>\n\n\n\n<h2 class=\"wp-block-heading\">ID f\u00f6r f\u00f6rs\u00e4ljningsskatt<\/h2>\n\n\n\n<p>Identifikationsnummer f\u00f6r oms\u00e4ttningsskatt enligt \u00a7 27 a i lagen om oms\u00e4ttningsskatt:<br>DE251359457<\/p>\n\n\n\n<h2 class=\"wp-block-heading\">L\u00f6sning av konsumenttvister<\/h2>\n\n\n\n<p>Vi \u00e4r inte villiga eller skyldiga att delta i tvistl\u00f6sningsf\u00f6rfaranden inf\u00f6r en skiljen\u00e4mnd f\u00f6r konsumenter.<\/p>","protected":false},"excerpt":{"rendered":"<p>Patrick K\u00fchneKolpingstr. 1204416 Markkleeberg Kontakt E-post: patrick@101places.de.de Moms-ID Momsregistreringsnummer enligt \u00a7 27 a Umsatzsteuergesetz:DE251359457 Konsumenttvistl\u00f6sning Vi \u00e4r inte villiga eller skyldiga att delta i tvistl\u00f6sningsf\u00f6rfaranden inf\u00f6r en konsumentskiljedomstol.<\/p>","protected":false},"author":1,"featured_media":0,"parent":0,"menu_order":0,"comment_status":"closed","ping_status":"closed","template":"","meta":{"footnotes":""},"class_list":["post-103","page","type-page","status-publish"],"aioseo_notices":[],"featured_image_src":null,"_links":{"self":[{"href":"https:\/\/www.stockholm-card.com\/sv\/wp-json\/wp\/v2\/pages\/103","targetHints":{"allow":["GET"]}}],"collection":[{"href":"https:\/\/www.stockholm-card.com\/sv\/wp-json\/wp\/v2\/pages"}],"about":[{"href":"https:\/\/www.stockholm-card.com\/sv\/wp-json\/wp\/v2\/types\/page"}],"author":[{"embeddable":true,"href":"https:\/\/www.stockholm-card.com\/sv\/wp-json\/wp\/v2\/users\/1"}],"replies":[{"embeddable":true,"href":"https:\/\/www.stockholm-card.com\/sv\/wp-json\/wp\/v2\/comments?post=103"}],"version-history":[{"count":3,"href":"https:\/\/www.stockholm-card.com\/sv\/wp-json\/wp\/v2\/pages\/103\/revisions"}],"predecessor-version":[{"id":272,"href":"https:\/\/www.stockholm-card.com\/sv\/wp-json\/wp\/v2\/pages\/103\/revisions\/272"}],"wp:attachment":[{"href":"https:\/\/www.stockholm-card.com\/sv\/wp-json\/wp\/v2\/media?parent=103"}],"curies":[{"name":"wp","href":"https:\/\/api.w.org\/{rel}","templated":true}]}}