{"id":322,"date":"2025-03-28T13:45:40","date_gmt":"2025-03-28T12:45:40","guid":{"rendered":"https:\/\/www.stockholm-card.com\/cookie-richtlinie\/"},"modified":"2025-03-28T13:45:40","modified_gmt":"2025-03-28T12:45:40","slug":"cookiepolicy","status":"publish","type":"page","link":"https:\/\/www.stockholm-card.com\/sv\/cookie-richtlinie\/","title":{"rendered":"Policy f\u00f6r cookies"},"content":{"rendered":"<p>Med denna cookiepolicy vill vi klarg\u00f6ra hur cookies och cookierelaterade tekniker anv\u00e4nds, hur vi och andra tj\u00e4nsteleverant\u00f6rer \u00e4ndrar dem p\u00e5 denna webbplats, vilken information de samlar in, hur l\u00e4nge och i vilket syfte vi \u00e4ndrar dem.<\/p><h2>Inneh\u00e5llsf\u00f6rteckning<\/h2><ul><li><a href=\"#controller-of-the-website\">Person som \u00e4r ansvarig f\u00f6r webbplatsen<\/a><\/li><li><a href=\"#diff-to-privacy-policy\">Till dag till dag till dataskyddspolicyn<\/a><\/li><li><a href=\"#cookie-technology\">Vad \u00e4r cookies och liknande teknik?<\/a><\/li><li><a href=\"#legal-basis\">Vad \u00e4r r\u00e4tt anledning till att placera cookies i\/l\u00e4mna cookies?<\/a><\/li><li><a href=\"#rights-of-visitor\">Vilka r\u00e4ttigheter har webbplatsbes\u00f6karen?<\/a><\/li><li><a href=\"#manage-cookies\">Hur hanterar jag cookies i en webbl\u00e4sare?<\/a><\/li><li><a href=\"#types-of-cookies\">Vilka typer av cookies finns det?<\/a><\/li><li><a href=\"#cookies-origin\">Vem kan st\u00e4lla in cookies p\u00e5 den h\u00e4r webbplatsen?<\/a><\/li><li><a href=\"#list-of-services\">Anv\u00e4nder ni cookies p\u00e5 den h\u00e4r webbplatsen?<\/a><\/li><\/ul><h2 id=\"controller-of-the-website\">Person som \u00e4r ansvarig f\u00f6r webbplatsen<\/h2><ul><li><strong>Leverant\u00f6r: <\/strong>Stockholm Card, Tyskland<\/li><li><strong>E-post: <\/strong><a target=\"_blank\" href=\"mailto:patrick@101places.de\">patrick@101places.de<\/a><\/li><\/ul><h2 id=\"diff-to-privacy-policy\">Till dag till dag till dataskyddspolicyn<\/h2><p>Denna cookiepolicy \u00e4r ett komplement till {{PrivacyPolicy}}Privacy Policy{{\/privacyPolicy}} f\u00f6r denna webbplats. I cookiepolicyn kan en webbplats \u00e4ndra cookies och kan anv\u00e4nda dem tillsammans med integritetspolicyn, som ger en mer omfattande \u00f6versikt \u00f6ver alla databehandlingsaktiviteter p\u00e5 webbplatsen och dess tj\u00e4nster.<\/p><h2 id=\"cookie-technology\">Vad \u00e4r cookies och liknande teknik?<\/h2><p>Cookies \u00e4r sm\u00e5 informationsservrar som inneh\u00e5ller textfiler som kan lagras och l\u00e4sas p\u00e5 din dator. Det handlar om olika system, bland annat utl\u00e4mnande av grundl\u00e4ggande webbplatsfunktioner, lagring och datas\u00e4kerhet, manuell lagring av merv\u00e4rdesfunktioner p\u00e5 webbplatsen, insamling av statistiska uppgifter om anv\u00e4ndarfl\u00f6den och manuell lagring av marknadsf\u00f6ringssystemet. Ett praktiskt exempel p\u00e5 vad som kan lagras i cookies \u00e4r lagring av inloggningsstatus i anv\u00e4ndarkontot, som ing\u00e5r i e-handelsplattformens cookiebutik eller ett anv\u00e4ndar-ID f\u00f6r lagring av data p\u00e5 webbplatsen.<br \/><br \/>Information kan lagras separat p\u00e5 olika sidor. De vanligaste exemplen p\u00e5 detta \u00e4r HTTP-cookies och cookie-kopplade tekniker som lokal lagring, sessionslagring eller IndexedDB. Varje typ av lagring har sina egna egenskaper som bekr\u00e4ftar den tekniska hanteringen, tillg\u00e4ngligheten och den person som ansvarar f\u00f6r \u00e5tkomsten till informationen. Alla dessa typer av lagring samlas under begreppet \"cookies\" och \u00e5terfinns d\u00e4rf\u00f6r i denna cookiepolicy.<\/p><h2 id=\"legal-basis\">Vad \u00e4r r\u00e4tt anledning till att placera cookies i\/l\u00e4mna cookies?<\/h2><p>Placering och l\u00e4sning av cookies \u00e4r endast till\u00e5tet inom Europeiska unionen (EU) och Europeiska ekonomiska samarbetsomr\u00e5det (EES) i enlighet med 9 kap. 28 \u00a7 Lagen om elektronisk kommunikation (LEK) om en anv\u00e4ndare har gett sitt samtycke p\u00e5 grundval av omfattande information om syftet med behandlingen. Webbplatsoperat\u00f6ren kan ocks\u00e5 placera cookies om de \u00e4r absolut n\u00f6dv\u00e4ndiga f\u00f6r att ge dig som anv\u00e4ndare den uttryckligen beg\u00e4rda tj\u00e4nsten, t.ex. det grundl\u00e4ggande inneh\u00e5llet p\u00e5 denna webbplats eller andra strikt n\u00f6dv\u00e4ndiga cookies f\u00f6r grundl\u00e4ggande funktioner p\u00e5 webbplatsen som visas f\u00f6r dig utan ditt samtycke.<\/p><h2 id=\"rights-of-visitor\">Vilka r\u00e4ttigheter har webbplatsbes\u00f6karen?<\/h2><p>Dessa cookies kan st\u00e4llas in och l\u00e4sas p\u00e5 grundval av den r\u00e4ttsliga grunden f\u00f6r insamlingen eller ett ber\u00e4ttigat intresse. N\u00e4r du bes\u00f6ker denna webbplats f\u00f6r f\u00f6rsta g\u00e5ngen \u00e4r du skyldig att anv\u00e4nda denna tj\u00e4nst och har m\u00f6jlighet att v\u00e4lja bort att anv\u00e4nda denna tj\u00e4nst. Vi har gett dig en tydlig anledning till \u00e4ndringen i dialogen.<br \/><br \/>Du har f\u00e5tt r\u00e5det att titta p\u00e5 din dals historia, att \u00e4ndra dina sekreterartj\u00e4nster, att \u00e4ndra hur du anv\u00e4nder dem och att omkalibrera samlingen f\u00f6r att hj\u00e4lpa dig. Nu har du m\u00f6jlighet att \u00e4ndra p\u00e5 dessa r\u00e5d:<br \/><ul><li><a  href=\"#consent-change\" role=\"button\" id=\"rcb-sc-link-change\" data-success-message=\"\" class=\"rcb-sc-link rcb-sc-link-change\">\u00c4ndra sekretessinst\u00e4llningar<\/a><\/li><li><a  href=\"#consent-history\" role=\"button\" id=\"rcb-sc-link-history\" data-success-message=\"\" class=\"rcb-sc-link rcb-sc-link-history\">Historik \u00f6ver sekretessinst\u00e4llningar<\/a><\/li><li><a  href=\"#consent-revoke\" role=\"button\" id=\"rcb-sc-link-revoke\" data-success-message=\"Du har framg\u00e5ngsrikt \u00e5terkallat ditt samtycke f\u00f6r tj\u00e4nster med deras cookies och behandling av personuppgifter. Sidan kommer nu att laddas om!\" class=\"rcb-sc-link rcb-sc-link-revoke\">\u00c5terkalla samtycken<\/a><\/li><\/ul><\/p><h2 id=\"manage-cookies\">Hur hanterar jag cookies i en webbl\u00e4sare?<\/h2><p><ul><li><strong>S\u00e5 h\u00e4r tar du bort cookies i en webbl\u00e4sare:<\/strong> F\u00f6r att radera cookies fr\u00e5n din enhet kan du ta bort webbl\u00e4sardata fr\u00e5n installationen av din webbl\u00e4sare. Du kan radera alla cookies fr\u00e5n alla webbsidor du har bes\u00f6kt, eventuellt \u00e4ven sparade loggdata och inst\u00e4llningar f\u00f6r webbsidor. P\u00e5 vissa webbplatser kan du radera cookies och andra data fr\u00e5n din webbhistorik.<\/li><li><strong>S\u00e5 h\u00e4r st\u00e4ller du in cookies i en webbl\u00e4sare:<\/strong> Om du vill ha mer exakt kontroll \u00f6ver cookies p\u00e5 din webbplats kan du g\u00e5 till inst\u00e4llningarna f\u00f6r val och cookies i din webbl\u00e4sare. Du kan ocks\u00e5 anpassa inst\u00e4llningarna f\u00f6r anv\u00e4ndningen av cookies p\u00e5 enskilda webbplatser.<\/li><li><strong>Du kan ocks\u00e5 blockera cookies i en webbl\u00e4sare:<\/strong> I de flesta moderna webbl\u00e4sare kan du v\u00e4lja att blockera cookies p\u00e5 din enhet. Genom att blockera cookies kan du f\u00f6rhindra anv\u00e4ndningen av vissa tj\u00e4nster och funktioner, t.ex. att logga in som anv\u00e4ndare. Detta g\u00e4ller \u00e4ven vissa webbplatser som kan blockera installation av cookies p\u00e5 webbplatser.<\/li><li><strong>S\u00e5 h\u00e4r har du cookies p\u00e5 den h\u00e4r webbplatsen:<\/strong> Om du vill anpassa dina cookie-inst\u00e4llningar p\u00e5 den h\u00e4r webbplatsen kan du g\u00f6ra det genom att klicka p\u00e5 l\u00e4nken i avsnittet \"Webbplatsinst\u00e4llningar\".<\/li><\/li> <\/li>. <\/li> <\/li>..<\/ul><p>Mer information om hur vi anv\u00e4nder cookies finns p\u00e5 <a href=\"https:\/\/devowl.io\/de\/rcb\/cookie-handhabung\/\" target=\"_blank\">devowl.io\/sv\/rcb\/cookie-handling\/<\/a>.<\/p><\/p><h2 id=\"types-of-cookies\">Vilka typer av cookies finns det?<\/h2><p><ul><li><strong>Viktiga kakor<\/strong> \u00e4r n\u00f6dv\u00e4ndig f\u00f6r en webbplats grundl\u00e4ggande funktioner och valfria funktioner s\u00e5som lagring av inloggningsinformation eller \u00e5tkomst till s\u00e4kra omr\u00e5den p\u00e5 webbplatsen. Detta g\u00e4ller t.ex. s\u00e4kerhetscookies som kan identifiera en bot som inte finns p\u00e5 webbplatsen genom att lagra en autentiseringskod i en cookie.<\/li><li><strong>Funktionella cookies<\/strong> f\u00f6r att tillhandah\u00e5lla en viss grad av anpassning genom att lagra information och preferenser, t.ex. spr\u00e5kinst\u00e4llningar eller inst\u00e4llningar f\u00f6r slutet av webbplatsen, f\u00f6r att m\u00f6jligg\u00f6ra en personligt anpassad visning. Detta omfattar t.ex. preferenscookies som anv\u00e4nds f\u00f6r att \u00e4ndra videokvaliteten p\u00e5 en webbplats.<\/li><li><strong>Cookies f\u00f6r statistik<\/strong> samla in information om applikationen i en webbplan f\u00f6r att f\u00e5 insikt i applikationen och f\u00f6r att optimera webbplanens prestanda. Detta inkluderar t.ex. en \"slippery slope\" till applikations-ID som kan anv\u00e4ndas f\u00f6r att avg\u00f6ra om du har bes\u00f6kt en webbplats.<\/li><li><strong>Cookies f\u00f6r marknadsf\u00f6ring<\/strong> i syfte att lagra anv\u00e4ndarens kommentarer p\u00e5 v\u00e5r webbplats och i syfte att anpassa reklamationen utifr\u00e5n anv\u00e4ndarens intressen och surfbeteende. Detta omfattar t.ex. klagom\u00e5lscookies som m\u00f6jligg\u00f6r interaktion med en annons\u00f6r p\u00e5 webbplatsen och f\u00f6rser annons\u00f6ren med ett chattsystem f\u00f6r support och kundtj\u00e4nst.<\/li><\/li> <\/li>. <\/li> <\/li>..<\/ul><\/p><h2 id=\"cookies-origin\">Vem kan st\u00e4lla in cookies p\u00e5 den h\u00e4r webbplatsen?<\/h2><p>P\u00e5 denna webbplats kan b\u00e5de webbplatsoperat\u00f6ren och tredjepartsleverant\u00f6ren placera cookies p\u00e5 denna webbplats och f\u00e5 tillg\u00e5ng till deras inneh\u00e5ll. Du m\u00e5ste vara uppm\u00e4rksam p\u00e5 lagring och delning av cookies, eftersom detta g\u00e4ller f\u00f6r dem som har tillg\u00e5ng till cookies och deras inneh\u00e5ll. Tredjepartscookies skapas av webbplatsen i fr\u00e5ga och kan endast l\u00e4sas av webbplatsoperat\u00f6ren och den integrerade tredjepartstj\u00e4nsten p\u00e5 den webbplatsen. Tredjepartscookies, som skapas av tredjepartsleverant\u00f6ren av tj\u00e4nster p\u00e5 andra dom\u00e4ner, kan l\u00e4sas p\u00e5 alla webbplattformar d\u00e4r dom\u00e4nens tj\u00e4nsteleverant\u00f6r \u00e4r integrerad och anv\u00e4nds som exempel p\u00e5 anpassad reklam i syfte att spara anpassat inneh\u00e5ll p\u00e5 andra webbplattformar och tillhandah\u00e5lla personlig reklam.<\/p><h2 id=\"list-of-services\">Anv\u00e4nder ni cookies p\u00e5 den h\u00e4r webbplatsen?<\/h2><script type=\"application\/json\">{\"search\":{\"placeholder\":\"S\\u00f6k...\"},\"sort\":{\"sortAsc\":\"Sortera kolumnen stigande\",\"sortDesc\":\"Sortera kolumnen fallande\"},\"pagination\":{\"previous\":\"F\\u00f6reg\\u00e5ende\",\"next\":\"N\\u00e4sta\",\"navigate\":\"Sida %1$d av %2$d\",\"page\":\"Sidan %d\",\"showing\":\"Visar\",\"of\":\"av\",\"to\":\"till\",\"results\":\"resultat\"},\"noRecordsFound\":\"Inga matchande poster hittades\"}<\/script><table  class=\"devowl-wp-react-cookie-banner-cookie-policy\"><thead><tr><th width=\"200px\" scope=\"col\">Kategori<\/th><th width=\"400px\" scope=\"col\">Namn p\u00e5 teknisk cookie<\/th><th width=\"400px\" scope=\"col\">V\u00e4rd f\u00f6r teknisk cookie<\/th><th width=\"400px\" scope=\"col\">Tj\u00e4nst<\/th><th width=\"250px\" scope=\"col\">Varaktighet<\/th><th width=\"200px\" scope=\"col\">Typ<\/th><th width=\"550px\" scope=\"col\">Syfte<\/th><\/tr><\/thead><tbody><tr><td>V\u00e4sentlig<\/td><td>trp_language<\/td><td>www.stockholm-card.com<\/td><td>\u00d6vers\u00e4ttPress<\/td><td>30 dagar<\/td><td>HTTP-cookie<\/td><td>-<\/td><\/tr><tr><td>V\u00e4sentlig<\/td><td>real_cookie_banner*<\/td><td>.stockholmskort.com<\/td><td>Banner f\u00f6r k\u00f6ket<\/td><td>365 dagar<\/td><td>HTTP-cookie<\/td><td>Unik identifierare f\u00f6r samtycke, men inte f\u00f6r webbplatsbes\u00f6karen. Revisionshash f\u00f6r inst\u00e4llningar av cookiebanner (texter, f\u00e4rger, funktioner, tj\u00e4nstegrupper, tj\u00e4nster, inneh\u00e5llsblockerare etc.) ID:n f\u00f6r samtyckta tj\u00e4nster och tj\u00e4nstegrupper.<\/td><\/tr><tr><td>V\u00e4sentlig<\/td><td>real_cookie_banner*-tcf<\/td><td>.stockholmskort.com<\/td><td>Banner f\u00f6r k\u00f6ket<\/td><td>365 dagar<\/td><td>HTTP-cookie<\/td><td>Samtycken som samlas in som en del av TCF och lagras i TC String-format, inklusive TCF-leverant\u00f6rer, syften, s\u00e4rskilda syften, funktioner och s\u00e4rskilda funktioner.<\/td><\/tr><tr><td>V\u00e4sentlig<\/td><td>real_cookie_banner*-gcm<\/td><td>.stockholmskort.com<\/td><td>Banner f\u00f6r k\u00f6ket<\/td><td>365 dagar<\/td><td>HTTP-cookie<\/td><td>De samtycken som samlas in i Google Consent Mode f\u00f6r de olika samtyckestyperna (\u00e4ndam\u00e5len) lagras f\u00f6r alla tj\u00e4nster som \u00e4r kompatibla med Google Consent Mode.<\/td><\/tr><tr><td>V\u00e4sentlig<\/td><td>test av real_cookie_banner<\/td><td>.stockholmskort.com<\/td><td>Banner f\u00f6r k\u00f6ket<\/td><td>365 dagar<\/td><td>HTTP-cookie<\/td><td>Cookie som st\u00e4lldes in f\u00f6r att testa funktionaliteten hos HTTP-cookies. Raderas omedelbart efter testet.<\/td><\/tr><tr><td>V\u00e4sentlig<\/td><td>real_cookie_banner*<\/td><td>https:\/\/www.stockholm-card.com<\/td><td>Banner f\u00f6r k\u00f6ket<\/td><td>-<\/td><td>Lokal f\u00f6rvaring<\/td><td>Unik identifierare f\u00f6r samtycke, men inte f\u00f6r webbplatsbes\u00f6karen. Revisionshash f\u00f6r inst\u00e4llningar av cookiebanner (texter, f\u00e4rger, funktioner, tj\u00e4nstegrupper, tj\u00e4nster, inneh\u00e5llsblockerare etc.) ID f\u00f6r samtyckta tj\u00e4nster och tj\u00e4nstegrupper. Lagras endast tills samtycket har dokumenterats p\u00e5 webbplatsens server.<\/td><\/tr><tr><td>V\u00e4sentlig<\/td><td>real_cookie_banner*-tcf<\/td><td>https:\/\/www.stockholm-card.com<\/td><td>Banner f\u00f6r k\u00f6ket<\/td><td>-<\/td><td>Lokal f\u00f6rvaring<\/td><td>Samtycken som samlas in som en del av TCF lagras i TC-str\u00e4ngformat, inklusive TCF-leverant\u00f6rer, \u00e4ndam\u00e5l, s\u00e4rskilda \u00e4ndam\u00e5l, funktioner och s\u00e4rskilda funktioner. Lagras endast tills samtycket har dokumenterats p\u00e5 webbplatsens server.<\/td><\/tr><tr><td>V\u00e4sentlig<\/td><td>real_cookie_banner*-gcm<\/td><td>https:\/\/www.stockholm-card.com<\/td><td>Banner f\u00f6r k\u00f6ket<\/td><td>-<\/td><td>Lokal f\u00f6rvaring<\/td><td>Samtycken som registreras som en del av Google Consent Mode lagras i samtyckestyper (\u00e4ndam\u00e5l) f\u00f6r alla tj\u00e4nster som \u00e4r kompatibla med Google Consent Mode. Det lagras endast tills samtycket har dokumenterats p\u00e5 webbplatsservern.<\/td><\/tr><tr><td>V\u00e4sentlig<\/td><td>real_cookie_banner-consent-queue* (k\u00f6)<\/td><td>https:\/\/www.stockholm-card.com<\/td><td>Banner f\u00f6r k\u00f6ket<\/td><td>-<\/td><td>Lokal f\u00f6rvaring<\/td><td>Lokal cachelagring av valet i cookie-bannern tills servern dokumenterar samtycke; dokumentation f\u00f6rs\u00f6ker g\u00f6ras regelbundet eller vid sidbyte om servern inte \u00e4r tillg\u00e4nglig eller \u00e4r \u00f6verbelastad.<\/td><\/tr><tr><td>Funktionell<\/td><td>wpEmojiInst\u00e4llningarSt\u00f6d<\/td><td>https:\/\/www.stockholm-card.com<\/td><td>WordPress Emojis<\/td><td>SESSION<\/td><td>Session Lagring<\/td><td>Tidsst\u00e4mplar och om det \u00e4r m\u00f6jligt att st\u00e4lla in emojis<\/td><\/tr><tr><td>Marknadsf\u00f6ring<\/td><td>bes\u00f6kar_id<\/td><td>.getyourguide.com<\/td><td>F\u00e5 din guide<\/td><td>14 m\u00e5nader<\/td><td>HTTP-cookie<\/td><td>Anv\u00e4ndar-ID<\/td><\/tr><tr><td>Marknadsf\u00f6ring<\/td><td>__ssid<\/td><td>.getyourguide.com<\/td><td>F\u00e5 din guide<\/td><td>14 m\u00e5nader<\/td><td>HTTP-cookie<\/td><td>Anv\u00e4ndar-ID<\/td><\/tr><tr><td>Marknadsf\u00f6ring<\/td><td>__cf_bm<\/td><td>.getyourguide.com<\/td><td>F\u00e5 din guide<\/td><td>10 timmar<\/td><td>HTTP-cookie<\/td><td>Identifierar och minskar automatiserad trafik f\u00f6r att skydda webbplatsen fr\u00e5n skadliga robotar<\/td><\/tr><\/tbody><\/table><p>Cookiepolicyn uppdaterades senast den 19 maj 2025.<\/p>","protected":false},"excerpt":{"rendered":"","protected":false},"author":1,"featured_media":0,"parent":0,"menu_order":0,"comment_status":"closed","ping_status":"closed","template":"","meta":{"footnotes":""},"class_list":["post-322","page","type-page","status-publish"],"aioseo_notices":[],"featured_image_src":null,"_links":{"self":[{"href":"https:\/\/www.stockholm-card.com\/sv\/wp-json\/wp\/v2\/pages\/322","targetHints":{"allow":["GET"]}}],"collection":[{"href":"https:\/\/www.stockholm-card.com\/sv\/wp-json\/wp\/v2\/pages"}],"about":[{"href":"https:\/\/www.stockholm-card.com\/sv\/wp-json\/wp\/v2\/types\/page"}],"author":[{"embeddable":true,"href":"https:\/\/www.stockholm-card.com\/sv\/wp-json\/wp\/v2\/users\/1"}],"replies":[{"embeddable":true,"href":"https:\/\/www.stockholm-card.com\/sv\/wp-json\/wp\/v2\/comments?post=322"}],"version-history":[{"count":0,"href":"https:\/\/www.stockholm-card.com\/sv\/wp-json\/wp\/v2\/pages\/322\/revisions"}],"wp:attachment":[{"href":"https:\/\/www.stockholm-card.com\/sv\/wp-json\/wp\/v2\/media?parent=322"}],"curies":[{"name":"wp","href":"https:\/\/api.w.org\/{rel}","templated":true}]}}