{"id":103,"date":"2024-02-01T15:26:01","date_gmt":"2024-02-01T14:26:01","guid":{"rendered":"https:\/\/www.stockholm-card.com\/?page_id=103"},"modified":"2025-02-07T09:31:58","modified_gmt":"2025-02-07T08:31:58","slug":"baski","status":"publish","type":"page","link":"https:\/\/www.stockholm-card.com\/tr\/imprint\/","title":{"rendered":"Yasal Bildirim"},"content":{"rendered":"<p>Patrick K\u00fchne<br>Kolpingstr. 12<br>04416 Markkleeberg<\/p>\n\n\n\n<h2 class=\"wp-block-heading\">Temas etmek<\/h2>\n\n\n\n<p>E-posta: patrick@101places.de.de<\/p>\n\n\n\n<h2 class=\"wp-block-heading\">Sat\u0131\u015f vergisi kimli\u011fi<\/h2>\n\n\n\n<p>\u00a7 27 a sat\u0131\u015f vergisi yasas\u0131na g\u00f6re sat\u0131\u015f vergisi kimlik numaras\u0131:<br>DE251359457<\/p>\n\n\n\n<h2 class=\"wp-block-heading\">T\u00fcketici uyu\u015fmazl\u0131klar\u0131n\u0131n \u00e7\u00f6z\u00fcm\u00fc<\/h2>\n\n\n\n<p>Bir t\u00fcketici hakem heyeti nezdindeki uyu\u015fmazl\u0131k \u00e7\u00f6z\u00fcm i\u015flemlerine kat\u0131lmaya istekli veya y\u00fck\u00fcml\u00fc de\u011filiz.<\/p>","protected":false},"excerpt":{"rendered":"<p>Patrick K\u00fchneKolpingstr. 1204416 Markkleeberg \u0130leti\u015fim E-posta: patrick@101places.de.de KDV Kimli\u011fi Umsatzsteuergesetz \u00a7 27 a uyar\u0131nca KDV kimlik numaras\u0131: DE251359457 T\u00fcketici uyu\u015fmazl\u0131klar\u0131n\u0131n \u00e7\u00f6z\u00fcm\u00fc Bir t\u00fcketici hakem heyeti nezdinde uyu\u015fmazl\u0131k \u00e7\u00f6z\u00fcm\u00fc i\u015flemlerine kat\u0131lmaya istekli veya y\u00fck\u00fcml\u00fc de\u011filiz.<\/p>","protected":false},"author":1,"featured_media":0,"parent":0,"menu_order":0,"comment_status":"closed","ping_status":"closed","template":"","meta":{"footnotes":""},"class_list":["post-103","page","type-page","status-publish"],"aioseo_notices":[],"featured_image_src":null,"_links":{"self":[{"href":"https:\/\/www.stockholm-card.com\/tr\/wp-json\/wp\/v2\/pages\/103","targetHints":{"allow":["GET"]}}],"collection":[{"href":"https:\/\/www.stockholm-card.com\/tr\/wp-json\/wp\/v2\/pages"}],"about":[{"href":"https:\/\/www.stockholm-card.com\/tr\/wp-json\/wp\/v2\/types\/page"}],"author":[{"embeddable":true,"href":"https:\/\/www.stockholm-card.com\/tr\/wp-json\/wp\/v2\/users\/1"}],"replies":[{"embeddable":true,"href":"https:\/\/www.stockholm-card.com\/tr\/wp-json\/wp\/v2\/comments?post=103"}],"version-history":[{"count":3,"href":"https:\/\/www.stockholm-card.com\/tr\/wp-json\/wp\/v2\/pages\/103\/revisions"}],"predecessor-version":[{"id":272,"href":"https:\/\/www.stockholm-card.com\/tr\/wp-json\/wp\/v2\/pages\/103\/revisions\/272"}],"wp:attachment":[{"href":"https:\/\/www.stockholm-card.com\/tr\/wp-json\/wp\/v2\/media?parent=103"}],"curies":[{"name":"wp","href":"https:\/\/api.w.org\/{rel}","templated":true}]}}