{"id":83,"date":"2024-02-01T13:53:20","date_gmt":"2024-02-01T12:53:20","guid":{"rendered":"https:\/\/www.stockholm-card.com\/?page_id=83"},"modified":"2026-02-17T10:24:41","modified_gmt":"2026-02-17T09:24:41","slug":"faq","status":"publish","type":"page","link":"https:\/\/www.stockholm-card.com\/tr\/faq\/","title":{"rendered":"Stockholm Card: Sorular ve Yan\u0131tlar"},"content":{"rendered":"<div class=\"wp-block-ub-content-toggle wp-block-ub-content-toggle-block\" id=\"ub-content-toggle-block-871686f8-cae5-4039-98b7-be1fa0773e1d\" data-mobilecollapse=\"false\" data-desktopcollapse=\"true\" data-preventcollapse=\"false\" data-showonlyone=\"false\">\n<div class=\"wp-block-ub-content-toggle-accordion\" style=\"border-color: #f1f1f1; \" id=\"ub-content-toggle-panel-block-\">\n\t\t\t<div class=\"wp-block-ub-content-toggle-accordion-title-wrap\" style=\"background-color: #f1f1f1;\" aria-controls=\"ub-content-toggle-panel-0-871686f8-cae5-4039-98b7-be1fa0773e1d\" tabindex=\"0\">\n\t\t\t<p class=\"wp-block-ub-content-toggle-accordion-title ub-content-toggle-title-871686f8-cae5-4039-98b7-be1fa0773e1d\" style=\"color: #000000; \">Stockholm Card nas\u0131l \u00e7al\u0131\u015f\u0131r?<\/p>\n\t\t\t<div class=\"wp-block-ub-content-toggle-accordion-toggle-wrap right\" style=\"color: #000000;\"><span class=\"wp-block-ub-content-toggle-accordion-state-indicator wp-block-ub-chevron-down\"><\/span><\/div>\n\t\t<\/div>\n\t\t\t<div role=\"region\" aria-expanded=\"false\" class=\"wp-block-ub-content-toggle-accordion-content-wrap ub-hide\" id=\"ub-content-toggle-panel-0-871686f8-cae5-4039-98b7-be1fa0773e1d\">\n\n<p>Stockholm Card, \u0130sve\u00e7'in ba\u015fkenti i\u00e7in bir turist kart\u0131d\u0131r. Bu karta sahip olanlar 65'ten fazla m\u00fcze ve turistik yere \u00fccretsiz giri\u015f hakk\u0131na sahiptir. Ge\u00e7erlilik s\u00fcresi 1 ila 5 g\u00fcn aras\u0131nda de\u011fi\u015fen bu kartla istedi\u011finiz kadar hizmetten yararlanabilirsiniz. Ayr\u0131ca hop-on hop-off otob\u00fcslerini kullanabilir ve \u00e7ok say\u0131da tekne turuna kat\u0131labilirsiniz. Stockholm Kart\u0131n\u0131z\u0131 online olarak sat\u0131n al\u0131n ve do\u011frudan cep telefonunuza indirin. Kart hemen kullan\u0131ma haz\u0131rd\u0131r.<\/p>\n\n<\/div>\n\t\t<\/div>\n\n<div class=\"wp-block-ub-content-toggle-accordion\" style=\"border-color: #f1f1f1; \" id=\"ub-content-toggle-panel-block-\">\n\t\t\t<div class=\"wp-block-ub-content-toggle-accordion-title-wrap\" style=\"background-color: #f1f1f1;\" aria-controls=\"ub-content-toggle-panel-1-871686f8-cae5-4039-98b7-be1fa0773e1d\" tabindex=\"0\">\n\t\t\t<p class=\"wp-block-ub-content-toggle-accordion-title ub-content-toggle-title-871686f8-cae5-4039-98b7-be1fa0773e1d\" style=\"color: #000000; \">Toplu ta\u015f\u0131ma Stockholm Card'a dahil mi?<\/p>\n\t\t\t<div class=\"wp-block-ub-content-toggle-accordion-toggle-wrap right\" style=\"color: #000000;\"><span class=\"wp-block-ub-content-toggle-accordion-state-indicator wp-block-ub-chevron-down\"><\/span><\/div>\n\t\t<\/div>\n\t\t\t<div role=\"region\" aria-expanded=\"false\" class=\"wp-block-ub-content-toggle-accordion-content-wrap ub-hide\" id=\"ub-content-toggle-panel-1-871686f8-cae5-4039-98b7-be1fa0773e1d\">\n\n<p>Hay\u0131r, ne yaz\u0131k ki Stockholm Card ile toplu ta\u015f\u0131ma kullan\u0131lamaz. Ancak, Stockholm Kart\u0131n\u0131z ge\u00e7erli oldu\u011fu s\u00fcrece Str\u00f8mma'n\u0131n hop-on hop-off otob\u00fcslerini ve teknelerini kullanabilirsiniz.<\/p>\n\n<\/div>\n\t\t<\/div>\n\n<div class=\"wp-block-ub-content-toggle-accordion\" style=\"border-color: #f1f1f1; \" id=\"ub-content-toggle-panel-block-\">\n\t\t\t<div class=\"wp-block-ub-content-toggle-accordion-title-wrap\" style=\"background-color: #f1f1f1;\" aria-controls=\"ub-content-toggle-panel-2-871686f8-cae5-4039-98b7-be1fa0773e1d\" tabindex=\"0\">\n\t\t\t<p class=\"wp-block-ub-content-toggle-accordion-title ub-content-toggle-title-871686f8-cae5-4039-98b7-be1fa0773e1d\" style=\"color: #000000; \">Stockholm Card'\u0131 nereden sat\u0131n alabilirim?<\/p>\n\t\t\t<div class=\"wp-block-ub-content-toggle-accordion-toggle-wrap right\" style=\"color: #000000;\"><span class=\"wp-block-ub-content-toggle-accordion-state-indicator wp-block-ub-chevron-down\"><\/span><\/div>\n\t\t<\/div>\n\t\t\t<div role=\"region\" aria-expanded=\"false\" class=\"wp-block-ub-content-toggle-accordion-content-wrap ub-hide\" id=\"ub-content-toggle-panel-2-871686f8-cae5-4039-98b7-be1fa0773e1d\">\n\n<p>Stockholm Card'a Go City'nin resmi web sitesinden ula\u015fabilirsiniz: <a href=\"https:\/\/prf.hn\/l\/eOaN03m\" target=\"_blank\" rel=\"noopener nofollow sponsored\" title=\"\">gocity.com<\/a>.<\/p>\n\n<\/div>\n\t\t<\/div>\n\n<div class=\"wp-block-ub-content-toggle-accordion\" style=\"border-color: #f1f1f1; \" id=\"ub-content-toggle-panel-block-\">\n\t\t\t<div class=\"wp-block-ub-content-toggle-accordion-title-wrap\" style=\"background-color: #f1f1f1;\" aria-controls=\"ub-content-toggle-panel-3-871686f8-cae5-4039-98b7-be1fa0773e1d\" tabindex=\"0\">\n\t\t\t<p class=\"wp-block-ub-content-toggle-accordion-title ub-content-toggle-title-871686f8-cae5-4039-98b7-be1fa0773e1d\" style=\"color: #000000; \">Stockholm Card'\u0131 ne zaman sat\u0131n almal\u0131y\u0131m?<\/p>\n\t\t\t<div class=\"wp-block-ub-content-toggle-accordion-toggle-wrap right\" style=\"color: #000000;\"><span class=\"wp-block-ub-content-toggle-accordion-state-indicator wp-block-ub-chevron-down\"><\/span><\/div>\n\t\t<\/div>\n\t\t\t<div role=\"region\" aria-expanded=\"false\" class=\"wp-block-ub-content-toggle-accordion-content-wrap ub-hide\" id=\"ub-content-toggle-panel-3-871686f8-cae5-4039-98b7-be1fa0773e1d\">\n\n<p>Stockholm Card'\u0131 seyahatinizden 12 ay \u00f6ncesine kadar sat\u0131n alabilirsiniz. Stockholm'deyseniz kart\u0131 kendili\u011finden online olarak da sat\u0131n alabilirsiniz.<\/p>\n\n<\/div>\n\t\t<\/div>\n\n<div class=\"wp-block-ub-content-toggle-accordion\" style=\"border-color: #f1f1f1; \" id=\"ub-content-toggle-panel-block-\">\n\t\t\t<div class=\"wp-block-ub-content-toggle-accordion-title-wrap\" style=\"background-color: #f1f1f1;\" aria-controls=\"ub-content-toggle-panel-4-871686f8-cae5-4039-98b7-be1fa0773e1d\" tabindex=\"0\">\n\t\t\t<p class=\"wp-block-ub-content-toggle-accordion-title ub-content-toggle-title-871686f8-cae5-4039-98b7-be1fa0773e1d\" style=\"color: #000000; \">Stockholm Card ile Stockholm Pass aras\u0131ndaki fark nedir?<\/p>\n\t\t\t<div class=\"wp-block-ub-content-toggle-accordion-toggle-wrap right\" style=\"color: #000000;\"><span class=\"wp-block-ub-content-toggle-accordion-state-indicator wp-block-ub-chevron-down\"><\/span><\/div>\n\t\t<\/div>\n\t\t\t<div role=\"region\" aria-expanded=\"false\" class=\"wp-block-ub-content-toggle-accordion-content-wrap ub-hide\" id=\"ub-content-toggle-panel-4-871686f8-cae5-4039-98b7-be1fa0773e1d\">\n\n<p>Hi\u00e7bir fark yoktur: Stockholm Card = Stockholm Pass.<\/p>\n\n<\/div>\n\t\t<\/div>\n\n<div class=\"wp-block-ub-content-toggle-accordion\" style=\"border-color: #f1f1f1; \" id=\"ub-content-toggle-panel-block-\">\n\t\t\t<div class=\"wp-block-ub-content-toggle-accordion-title-wrap\" style=\"background-color: #f1f1f1;\" aria-controls=\"ub-content-toggle-panel-5-871686f8-cae5-4039-98b7-be1fa0773e1d\" tabindex=\"0\">\n\t\t\t<p class=\"wp-block-ub-content-toggle-accordion-title ub-content-toggle-title-871686f8-cae5-4039-98b7-be1fa0773e1d\" style=\"color: #000000; \">\u00c7ocuklar i\u00e7in Stockholm Card var m\u0131?<\/p>\n\t\t\t<div class=\"wp-block-ub-content-toggle-accordion-toggle-wrap right\" style=\"color: #000000;\"><span class=\"wp-block-ub-content-toggle-accordion-state-indicator wp-block-ub-chevron-down\"><\/span><\/div>\n\t\t<\/div>\n\t\t\t<div role=\"region\" aria-expanded=\"false\" class=\"wp-block-ub-content-toggle-accordion-content-wrap ub-hide\" id=\"ub-content-toggle-panel-5-871686f8-cae5-4039-98b7-be1fa0773e1d\">\n\n<p>Evet, 6-15 ya\u015f aras\u0131 \u00e7ocuklar i\u00e7in indirimli bir Stockholm Kart\u0131 bulunmaktad\u0131r. Daha k\u00fc\u00e7\u00fck \u00e7ocuklar\u0131n kendi kartlar\u0131na ihtiyac\u0131 yoktur, \u00e7\u00fcnk\u00fc \u00e7o\u011fu atraksiyon zaten onlar i\u00e7in \u00fccretsizdir.<\/p>\n\n<\/div>\n\t\t<\/div>\n\n<div class=\"wp-block-ub-content-toggle-accordion\" style=\"border-color: #f1f1f1; \" id=\"ub-content-toggle-panel-block-\">\n\t\t\t<div class=\"wp-block-ub-content-toggle-accordion-title-wrap\" style=\"background-color: #f1f1f1;\" aria-controls=\"ub-content-toggle-panel-6-871686f8-cae5-4039-98b7-be1fa0773e1d\" tabindex=\"0\">\n\t\t\t<p class=\"wp-block-ub-content-toggle-accordion-title ub-content-toggle-title-871686f8-cae5-4039-98b7-be1fa0773e1d\" style=\"color: #000000; \">Sat\u0131n alma i\u015flemi \u00fccretsiz olarak iptal edilebilir mi?<\/p>\n\t\t\t<div class=\"wp-block-ub-content-toggle-accordion-toggle-wrap right\" style=\"color: #000000;\"><span class=\"wp-block-ub-content-toggle-accordion-state-indicator wp-block-ub-chevron-down\"><\/span><\/div>\n\t\t<\/div>\n\t\t\t<div role=\"region\" aria-expanded=\"false\" class=\"wp-block-ub-content-toggle-accordion-content-wrap ub-hide\" id=\"ub-content-toggle-panel-6-871686f8-cae5-4039-98b7-be1fa0773e1d\">\n\n<p>Evet, Stockholm Card sat\u0131n alma i\u015flemi, sat\u0131n alma tarihinden itibaren 30 g\u00fcn i\u00e7inde Go City'de \u00fccretsiz olarak iptal edilebilir. Ancak, bu yaln\u0131zca \u015eehir Kart\u0131n\u0131z\u0131 hen\u00fcz etkinle\u015ftirmediyseniz ge\u00e7erlidir.<\/p>\n\n<\/div>\n\t\t<\/div>\n\n<div class=\"wp-block-ub-content-toggle-accordion\" style=\"border-color: #f1f1f1; \" id=\"ub-content-toggle-panel-block-\">\n\t\t\t<div class=\"wp-block-ub-content-toggle-accordion-title-wrap\" style=\"background-color: #f1f1f1;\" aria-controls=\"ub-content-toggle-panel-7-871686f8-cae5-4039-98b7-be1fa0773e1d\" tabindex=\"0\">\n\t\t\t<p class=\"wp-block-ub-content-toggle-accordion-title ub-content-toggle-title-871686f8-cae5-4039-98b7-be1fa0773e1d\" style=\"color: #000000; \">Go City m\u00fc\u015fteri hizmetlerine nas\u0131l ula\u015fabilirim?<\/p>\n\t\t\t<div class=\"wp-block-ub-content-toggle-accordion-toggle-wrap right\" style=\"color: #000000;\"><span class=\"wp-block-ub-content-toggle-accordion-state-indicator wp-block-ub-chevron-down\"><\/span><\/div>\n\t\t<\/div>\n\t\t\t<div role=\"region\" aria-expanded=\"false\" class=\"wp-block-ub-content-toggle-accordion-content-wrap ub-hide\" id=\"ub-content-toggle-panel-7-871686f8-cae5-4039-98b7-be1fa0773e1d\">\n\n<p>Go City'nin bir sonraki sayfas\u0131nda bir ileti\u015fim formu ve telefon numaralar\u0131 bulacaks\u0131n\u0131z: <a href=\"https:\/\/prf.hn\/l\/9OpQ3BD\" target=\"_blank\" rel=\"noopener nofollow sponsored\" title=\"\">SSS &amp; \u0130leti\u015fim<\/a><\/p>\n\n<\/div>\n\t\t<\/div>\n\n<div class=\"wp-block-ub-content-toggle-accordion\" style=\"border-color: #f1f1f1; \" id=\"ub-content-toggle-panel-block-\">\n\t\t\t<div class=\"wp-block-ub-content-toggle-accordion-title-wrap\" style=\"background-color: #f1f1f1;\" aria-controls=\"ub-content-toggle-panel-8-871686f8-cae5-4039-98b7-be1fa0773e1d\" tabindex=\"0\">\n\t\t\t<p class=\"wp-block-ub-content-toggle-accordion-title ub-content-toggle-title-871686f8-cae5-4039-98b7-be1fa0773e1d\" style=\"color: #000000; \">Stockholm Card h\u0131zl\u0131 eri\u015fim sa\u011fl\u0131yor mu?<\/p>\n\t\t\t<div class=\"wp-block-ub-content-toggle-accordion-toggle-wrap right\" style=\"color: #000000;\"><span class=\"wp-block-ub-content-toggle-accordion-state-indicator wp-block-ub-chevron-down\"><\/span><\/div>\n\t\t<\/div>\n\t\t\t<div role=\"region\" aria-expanded=\"false\" class=\"wp-block-ub-content-toggle-accordion-content-wrap ub-hide\" id=\"ub-content-toggle-panel-8-871686f8-cae5-4039-98b7-be1fa0773e1d\">\n\n<p>Hay\u0131r, Stockholm Card sahipleri i\u00e7in h\u0131zl\u0131 ge\u00e7i\u015f imkan\u0131 bulunmamaktad\u0131r.<\/p>\n\n<\/div>\n\t\t<\/div>\n\n<div class=\"wp-block-ub-content-toggle-accordion\" style=\"border-color: #f1f1f1; \" id=\"ub-content-toggle-panel-block-\">\n\t\t\t<div class=\"wp-block-ub-content-toggle-accordion-title-wrap\" style=\"background-color: #f1f1f1;\" aria-controls=\"ub-content-toggle-panel-9-871686f8-cae5-4039-98b7-be1fa0773e1d\" tabindex=\"0\">\n\t\t\t<p class=\"wp-block-ub-content-toggle-accordion-title ub-content-toggle-title-871686f8-cae5-4039-98b7-be1fa0773e1d\" style=\"color: #000000; \">Atraksiyonlar i\u00e7in rezervasyon yapt\u0131rmak gerekiyor mu?<\/p>\n\t\t\t<div class=\"wp-block-ub-content-toggle-accordion-toggle-wrap right\" style=\"color: #000000;\"><span class=\"wp-block-ub-content-toggle-accordion-state-indicator wp-block-ub-chevron-down\"><\/span><\/div>\n\t\t<\/div>\n\t\t\t<div role=\"region\" aria-expanded=\"false\" class=\"wp-block-ub-content-toggle-accordion-content-wrap ub-hide\" id=\"ub-content-toggle-panel-9-871686f8-cae5-4039-98b7-be1fa0773e1d\">\n\n<p>Hay\u0131r, \u00e7o\u011fu atraksiyon i\u00e7in rezervasyon yap\u0131lmas\u0131 gerekmemektedir. Sadece birka\u00e7 istisna vard\u0131r. <a href=\"https:\/\/prf.hn\/l\/eOoAZGm\" target=\"_blank\" rel=\"noopener nofollow sponsored\" title=\"\">Onlar\u0131 burada bulabilirsiniz.<\/a> Ancak, \u00e7o\u011fu tekne turu i\u00e7in Str\u00f8mma b\u00fcfesinden rezervasyon yap\u0131lmas\u0131 gerekmektedir.<\/p>\n\n<\/div>\n\t\t<\/div>\n<\/div>","protected":false},"excerpt":{"rendered":"","protected":false},"author":1,"featured_media":0,"parent":0,"menu_order":0,"comment_status":"closed","ping_status":"closed","template":"","meta":{"footnotes":""},"class_list":["post-83","page","type-page","status-publish"],"aioseo_notices":[],"featured_image_src":null,"_links":{"self":[{"href":"https:\/\/www.stockholm-card.com\/tr\/wp-json\/wp\/v2\/pages\/83","targetHints":{"allow":["GET"]}}],"collection":[{"href":"https:\/\/www.stockholm-card.com\/tr\/wp-json\/wp\/v2\/pages"}],"about":[{"href":"https:\/\/www.stockholm-card.com\/tr\/wp-json\/wp\/v2\/types\/page"}],"author":[{"embeddable":true,"href":"https:\/\/www.stockholm-card.com\/tr\/wp-json\/wp\/v2\/users\/1"}],"replies":[{"embeddable":true,"href":"https:\/\/www.stockholm-card.com\/tr\/wp-json\/wp\/v2\/comments?post=83"}],"version-history":[{"count":11,"href":"https:\/\/www.stockholm-card.com\/tr\/wp-json\/wp\/v2\/pages\/83\/revisions"}],"predecessor-version":[{"id":463,"href":"https:\/\/www.stockholm-card.com\/tr\/wp-json\/wp\/v2\/pages\/83\/revisions\/463"}],"wp:attachment":[{"href":"https:\/\/www.stockholm-card.com\/tr\/wp-json\/wp\/v2\/media?parent=83"}],"curies":[{"name":"wp","href":"https:\/\/api.w.org\/{rel}","templated":true}]}}