{"id":83,"date":"2024-02-01T13:53:20","date_gmt":"2024-02-01T12:53:20","guid":{"rendered":"https:\/\/www.stockholm-card.com\/?page_id=83"},"modified":"2026-02-17T10:24:41","modified_gmt":"2026-02-17T09:24:41","slug":"faq","status":"publish","type":"page","link":"https:\/\/www.stockholm-card.com\/pl\/faq\/","title":{"rendered":"Karta Sztokholmska: pytania i odpowiedzi"},"content":{"rendered":"<div class=\"wp-block-ub-content-toggle wp-block-ub-content-toggle-block\" id=\"ub-content-toggle-block-871686f8-cae5-4039-98b7-be1fa0773e1d\" data-mobilecollapse=\"false\" data-desktopcollapse=\"true\" data-preventcollapse=\"false\" data-showonlyone=\"false\">\n<div class=\"wp-block-ub-content-toggle-accordion\" style=\"border-color: #f1f1f1; \" id=\"ub-content-toggle-panel-block-\">\n\t\t\t<div class=\"wp-block-ub-content-toggle-accordion-title-wrap\" style=\"background-color: #f1f1f1;\" aria-controls=\"ub-content-toggle-panel-0-871686f8-cae5-4039-98b7-be1fa0773e1d\" tabindex=\"0\">\n\t\t\t<p class=\"wp-block-ub-content-toggle-accordion-title ub-content-toggle-title-871686f8-cae5-4039-98b7-be1fa0773e1d\" style=\"color: #000000; \">Jak dzia\u0142a karta sztokholmska?<\/p>\n\t\t\t<div class=\"wp-block-ub-content-toggle-accordion-toggle-wrap right\" style=\"color: #000000;\"><span class=\"wp-block-ub-content-toggle-accordion-state-indicator wp-block-ub-chevron-down\"><\/span><\/div>\n\t\t<\/div>\n\t\t\t<div role=\"region\" aria-expanded=\"false\" class=\"wp-block-ub-content-toggle-accordion-content-wrap ub-hide\" id=\"ub-content-toggle-panel-0-871686f8-cae5-4039-98b7-be1fa0773e1d\">\n\n<p>Stockholm Card to karta turystyczna dla stolicy Szwecji. Posiadacze tej karty maj\u0105 bezp\u0142atny wst\u0119p do ponad 65 muze\u00f3w i zabytk\u00f3w. Z okresem wa\u017cno\u015bci od 1 do 5 dni mo\u017cna korzysta\u0107 z dowolnej liczby us\u0142ug. Mo\u017cesz r\u00f3wnie\u017c korzysta\u0107 z autobus\u00f3w hop-on hop-off i bra\u0107 udzia\u0142 w licznych wycieczkach statkiem. Kup kart\u0119 Stockholm Card online i pobierz j\u0105 bezpo\u015brednio na sw\u00f3j telefon kom\u00f3rkowy. Karta jest natychmiast gotowa do u\u017cycia.<\/p>\n\n<\/div>\n\t\t<\/div>\n\n<div class=\"wp-block-ub-content-toggle-accordion\" style=\"border-color: #f1f1f1; \" id=\"ub-content-toggle-panel-block-\">\n\t\t\t<div class=\"wp-block-ub-content-toggle-accordion-title-wrap\" style=\"background-color: #f1f1f1;\" aria-controls=\"ub-content-toggle-panel-1-871686f8-cae5-4039-98b7-be1fa0773e1d\" tabindex=\"0\">\n\t\t\t<p class=\"wp-block-ub-content-toggle-accordion-title ub-content-toggle-title-871686f8-cae5-4039-98b7-be1fa0773e1d\" style=\"color: #000000; \">Czy karta Stockholm Card obejmuje transport publiczny?<\/p>\n\t\t\t<div class=\"wp-block-ub-content-toggle-accordion-toggle-wrap right\" style=\"color: #000000;\"><span class=\"wp-block-ub-content-toggle-accordion-state-indicator wp-block-ub-chevron-down\"><\/span><\/div>\n\t\t<\/div>\n\t\t\t<div role=\"region\" aria-expanded=\"false\" class=\"wp-block-ub-content-toggle-accordion-content-wrap ub-hide\" id=\"ub-content-toggle-panel-1-871686f8-cae5-4039-98b7-be1fa0773e1d\">\n\n<p>Nie, niestety z kart\u0105 Stockholm Card nie mo\u017cna korzysta\u0107 z transportu publicznego. Mo\u017cesz jednak korzysta\u0107 z autobus\u00f3w i \u0142odzi typu hop-on hop-off Str\u00f8mma, o ile Twoja karta Stockholm Card jest wa\u017cna.<\/p>\n\n<\/div>\n\t\t<\/div>\n\n<div class=\"wp-block-ub-content-toggle-accordion\" style=\"border-color: #f1f1f1; \" id=\"ub-content-toggle-panel-block-\">\n\t\t\t<div class=\"wp-block-ub-content-toggle-accordion-title-wrap\" style=\"background-color: #f1f1f1;\" aria-controls=\"ub-content-toggle-panel-2-871686f8-cae5-4039-98b7-be1fa0773e1d\" tabindex=\"0\">\n\t\t\t<p class=\"wp-block-ub-content-toggle-accordion-title ub-content-toggle-title-871686f8-cae5-4039-98b7-be1fa0773e1d\" style=\"color: #000000; \">Gdzie mog\u0119 kupi\u0107 kart\u0119 Stockholm Card?<\/p>\n\t\t\t<div class=\"wp-block-ub-content-toggle-accordion-toggle-wrap right\" style=\"color: #000000;\"><span class=\"wp-block-ub-content-toggle-accordion-state-indicator wp-block-ub-chevron-down\"><\/span><\/div>\n\t\t<\/div>\n\t\t\t<div role=\"region\" aria-expanded=\"false\" class=\"wp-block-ub-content-toggle-accordion-content-wrap ub-hide\" id=\"ub-content-toggle-panel-2-871686f8-cae5-4039-98b7-be1fa0773e1d\">\n\n<p>Karta Stockholm Card jest dost\u0119pna na oficjalnej stronie internetowej Go City: <a href=\"https:\/\/prf.hn\/l\/eOaN03m\" target=\"_blank\" rel=\"noopener nofollow sponsored\" title=\"\">gocity.com<\/a>.<\/p>\n\n<\/div>\n\t\t<\/div>\n\n<div class=\"wp-block-ub-content-toggle-accordion\" style=\"border-color: #f1f1f1; \" id=\"ub-content-toggle-panel-block-\">\n\t\t\t<div class=\"wp-block-ub-content-toggle-accordion-title-wrap\" style=\"background-color: #f1f1f1;\" aria-controls=\"ub-content-toggle-panel-3-871686f8-cae5-4039-98b7-be1fa0773e1d\" tabindex=\"0\">\n\t\t\t<p class=\"wp-block-ub-content-toggle-accordion-title ub-content-toggle-title-871686f8-cae5-4039-98b7-be1fa0773e1d\" style=\"color: #000000; \">Kiedy nale\u017cy kupi\u0107 kart\u0119 Stockholm Card?<\/p>\n\t\t\t<div class=\"wp-block-ub-content-toggle-accordion-toggle-wrap right\" style=\"color: #000000;\"><span class=\"wp-block-ub-content-toggle-accordion-state-indicator wp-block-ub-chevron-down\"><\/span><\/div>\n\t\t<\/div>\n\t\t\t<div role=\"region\" aria-expanded=\"false\" class=\"wp-block-ub-content-toggle-accordion-content-wrap ub-hide\" id=\"ub-content-toggle-panel-3-871686f8-cae5-4039-98b7-be1fa0773e1d\">\n\n<p>Kart\u0119 Stockholm Card mo\u017cna kupi\u0107 do 12 miesi\u0119cy przed podr\u00f3\u017c\u0105. Kart\u0119 mo\u017cna r\u00f3wnie\u017c kupi\u0107 spontanicznie online, b\u0119d\u0105c ju\u017c w Sztokholmie.<\/p>\n\n<\/div>\n\t\t<\/div>\n\n<div class=\"wp-block-ub-content-toggle-accordion\" style=\"border-color: #f1f1f1; \" id=\"ub-content-toggle-panel-block-\">\n\t\t\t<div class=\"wp-block-ub-content-toggle-accordion-title-wrap\" style=\"background-color: #f1f1f1;\" aria-controls=\"ub-content-toggle-panel-4-871686f8-cae5-4039-98b7-be1fa0773e1d\" tabindex=\"0\">\n\t\t\t<p class=\"wp-block-ub-content-toggle-accordion-title ub-content-toggle-title-871686f8-cae5-4039-98b7-be1fa0773e1d\" style=\"color: #000000; \">Jaka jest r\u00f3\u017cnica mi\u0119dzy kart\u0105 sztokholmsk\u0105 a Stockholm Pass?<\/p>\n\t\t\t<div class=\"wp-block-ub-content-toggle-accordion-toggle-wrap right\" style=\"color: #000000;\"><span class=\"wp-block-ub-content-toggle-accordion-state-indicator wp-block-ub-chevron-down\"><\/span><\/div>\n\t\t<\/div>\n\t\t\t<div role=\"region\" aria-expanded=\"false\" class=\"wp-block-ub-content-toggle-accordion-content-wrap ub-hide\" id=\"ub-content-toggle-panel-4-871686f8-cae5-4039-98b7-be1fa0773e1d\">\n\n<p>Nie ma r\u00f3\u017cnicy: karta sztokholmska = Stockholm Pass.<\/p>\n\n<\/div>\n\t\t<\/div>\n\n<div class=\"wp-block-ub-content-toggle-accordion\" style=\"border-color: #f1f1f1; \" id=\"ub-content-toggle-panel-block-\">\n\t\t\t<div class=\"wp-block-ub-content-toggle-accordion-title-wrap\" style=\"background-color: #f1f1f1;\" aria-controls=\"ub-content-toggle-panel-5-871686f8-cae5-4039-98b7-be1fa0773e1d\" tabindex=\"0\">\n\t\t\t<p class=\"wp-block-ub-content-toggle-accordion-title ub-content-toggle-title-871686f8-cae5-4039-98b7-be1fa0773e1d\" style=\"color: #000000; \">Czy istnieje karta sztokholmska dla dzieci?<\/p>\n\t\t\t<div class=\"wp-block-ub-content-toggle-accordion-toggle-wrap right\" style=\"color: #000000;\"><span class=\"wp-block-ub-content-toggle-accordion-state-indicator wp-block-ub-chevron-down\"><\/span><\/div>\n\t\t<\/div>\n\t\t\t<div role=\"region\" aria-expanded=\"false\" class=\"wp-block-ub-content-toggle-accordion-content-wrap ub-hide\" id=\"ub-content-toggle-panel-5-871686f8-cae5-4039-98b7-be1fa0773e1d\">\n\n<p>Tak, istnieje zni\u017ckowa karta Stockholm Card dla dzieci w wieku od 6 do 15 lat. M\u0142odsze dzieci nie potrzebuj\u0105 w\u0142asnej karty, poniewa\u017c wi\u0119kszo\u015b\u0107 atrakcji i tak jest dla nich bezp\u0142atna.<\/p>\n\n<\/div>\n\t\t<\/div>\n\n<div class=\"wp-block-ub-content-toggle-accordion\" style=\"border-color: #f1f1f1; \" id=\"ub-content-toggle-panel-block-\">\n\t\t\t<div class=\"wp-block-ub-content-toggle-accordion-title-wrap\" style=\"background-color: #f1f1f1;\" aria-controls=\"ub-content-toggle-panel-6-871686f8-cae5-4039-98b7-be1fa0773e1d\" tabindex=\"0\">\n\t\t\t<p class=\"wp-block-ub-content-toggle-accordion-title ub-content-toggle-title-871686f8-cae5-4039-98b7-be1fa0773e1d\" style=\"color: #000000; \">Czy mo\u017cna bezp\u0142atnie anulowa\u0107 zakup?<\/p>\n\t\t\t<div class=\"wp-block-ub-content-toggle-accordion-toggle-wrap right\" style=\"color: #000000;\"><span class=\"wp-block-ub-content-toggle-accordion-state-indicator wp-block-ub-chevron-down\"><\/span><\/div>\n\t\t<\/div>\n\t\t\t<div role=\"region\" aria-expanded=\"false\" class=\"wp-block-ub-content-toggle-accordion-content-wrap ub-hide\" id=\"ub-content-toggle-panel-6-871686f8-cae5-4039-98b7-be1fa0773e1d\">\n\n<p>Tak, zakup karty Stockholm Card mo\u017cna anulowa\u0107 bezp\u0142atnie na stronie Go City w ci\u0105gu 30 dni od daty zakupu. Dotyczy to jednak tylko sytuacji, gdy karta miejska nie zosta\u0142a jeszcze aktywowana.<\/p>\n\n<\/div>\n\t\t<\/div>\n\n<div class=\"wp-block-ub-content-toggle-accordion\" style=\"border-color: #f1f1f1; \" id=\"ub-content-toggle-panel-block-\">\n\t\t\t<div class=\"wp-block-ub-content-toggle-accordion-title-wrap\" style=\"background-color: #f1f1f1;\" aria-controls=\"ub-content-toggle-panel-7-871686f8-cae5-4039-98b7-be1fa0773e1d\" tabindex=\"0\">\n\t\t\t<p class=\"wp-block-ub-content-toggle-accordion-title ub-content-toggle-title-871686f8-cae5-4039-98b7-be1fa0773e1d\" style=\"color: #000000; \">Jak mog\u0119 skontaktowa\u0107 si\u0119 z obs\u0142ug\u0105 klienta Go City?<\/p>\n\t\t\t<div class=\"wp-block-ub-content-toggle-accordion-toggle-wrap right\" style=\"color: #000000;\"><span class=\"wp-block-ub-content-toggle-accordion-state-indicator wp-block-ub-chevron-down\"><\/span><\/div>\n\t\t<\/div>\n\t\t\t<div role=\"region\" aria-expanded=\"false\" class=\"wp-block-ub-content-toggle-accordion-content-wrap ub-hide\" id=\"ub-content-toggle-panel-7-871686f8-cae5-4039-98b7-be1fa0773e1d\">\n\n<p>Na nast\u0119pnej stronie Go City znajduje si\u0119 formularz kontaktowy i numery telefon\u00f3w: <a href=\"https:\/\/prf.hn\/l\/9OpQ3BD\" target=\"_blank\" rel=\"noopener nofollow sponsored\" title=\"\">FAQ i kontakt<\/a><\/p>\n\n<\/div>\n\t\t<\/div>\n\n<div class=\"wp-block-ub-content-toggle-accordion\" style=\"border-color: #f1f1f1; \" id=\"ub-content-toggle-panel-block-\">\n\t\t\t<div class=\"wp-block-ub-content-toggle-accordion-title-wrap\" style=\"background-color: #f1f1f1;\" aria-controls=\"ub-content-toggle-panel-8-871686f8-cae5-4039-98b7-be1fa0773e1d\" tabindex=\"0\">\n\t\t\t<p class=\"wp-block-ub-content-toggle-accordion-title ub-content-toggle-title-871686f8-cae5-4039-98b7-be1fa0773e1d\" style=\"color: #000000; \">Czy Stockholm Card umo\u017cliwia szybki dost\u0119p?<\/p>\n\t\t\t<div class=\"wp-block-ub-content-toggle-accordion-toggle-wrap right\" style=\"color: #000000;\"><span class=\"wp-block-ub-content-toggle-accordion-state-indicator wp-block-ub-chevron-down\"><\/span><\/div>\n\t\t<\/div>\n\t\t\t<div role=\"region\" aria-expanded=\"false\" class=\"wp-block-ub-content-toggle-accordion-content-wrap ub-hide\" id=\"ub-content-toggle-panel-8-871686f8-cae5-4039-98b7-be1fa0773e1d\">\n\n<p>Nie, posiadacze Stockholm Card nie maj\u0105 dost\u0119pu do szybkiej \u015bcie\u017cki.<\/p>\n\n<\/div>\n\t\t<\/div>\n\n<div class=\"wp-block-ub-content-toggle-accordion\" style=\"border-color: #f1f1f1; \" id=\"ub-content-toggle-panel-block-\">\n\t\t\t<div class=\"wp-block-ub-content-toggle-accordion-title-wrap\" style=\"background-color: #f1f1f1;\" aria-controls=\"ub-content-toggle-panel-9-871686f8-cae5-4039-98b7-be1fa0773e1d\" tabindex=\"0\">\n\t\t\t<p class=\"wp-block-ub-content-toggle-accordion-title ub-content-toggle-title-871686f8-cae5-4039-98b7-be1fa0773e1d\" style=\"color: #000000; \">Czy atrakcje musz\u0105 by\u0107 zarezerwowane?<\/p>\n\t\t\t<div class=\"wp-block-ub-content-toggle-accordion-toggle-wrap right\" style=\"color: #000000;\"><span class=\"wp-block-ub-content-toggle-accordion-state-indicator wp-block-ub-chevron-down\"><\/span><\/div>\n\t\t<\/div>\n\t\t\t<div role=\"region\" aria-expanded=\"false\" class=\"wp-block-ub-content-toggle-accordion-content-wrap ub-hide\" id=\"ub-content-toggle-panel-9-871686f8-cae5-4039-98b7-be1fa0773e1d\">\n\n<p>Nie, wi\u0119kszo\u015b\u0107 atrakcji nie wymaga rezerwacji. Jest tylko kilka wyj\u0105tk\u00f3w. <a href=\"https:\/\/prf.hn\/l\/eOoAZGm\" target=\"_blank\" rel=\"noopener nofollow sponsored\" title=\"\">Mo\u017cna je znale\u017a\u0107 tutaj.<\/a> Wi\u0119kszo\u015b\u0107 wycieczek \u0142odzi\u0105 nale\u017cy jednak zarezerwowa\u0107 na miejscu w kiosku Str\u00f8mma.<\/p>\n\n<\/div>\n\t\t<\/div>\n<\/div>","protected":false},"excerpt":{"rendered":"","protected":false},"author":1,"featured_media":0,"parent":0,"menu_order":0,"comment_status":"closed","ping_status":"closed","template":"","meta":{"footnotes":""},"class_list":["post-83","page","type-page","status-publish"],"aioseo_notices":[],"featured_image_src":null,"_links":{"self":[{"href":"https:\/\/www.stockholm-card.com\/pl\/wp-json\/wp\/v2\/pages\/83","targetHints":{"allow":["GET"]}}],"collection":[{"href":"https:\/\/www.stockholm-card.com\/pl\/wp-json\/wp\/v2\/pages"}],"about":[{"href":"https:\/\/www.stockholm-card.com\/pl\/wp-json\/wp\/v2\/types\/page"}],"author":[{"embeddable":true,"href":"https:\/\/www.stockholm-card.com\/pl\/wp-json\/wp\/v2\/users\/1"}],"replies":[{"embeddable":true,"href":"https:\/\/www.stockholm-card.com\/pl\/wp-json\/wp\/v2\/comments?post=83"}],"version-history":[{"count":11,"href":"https:\/\/www.stockholm-card.com\/pl\/wp-json\/wp\/v2\/pages\/83\/revisions"}],"predecessor-version":[{"id":463,"href":"https:\/\/www.stockholm-card.com\/pl\/wp-json\/wp\/v2\/pages\/83\/revisions\/463"}],"wp:attachment":[{"href":"https:\/\/www.stockholm-card.com\/pl\/wp-json\/wp\/v2\/media?parent=83"}],"curies":[{"name":"wp","href":"https:\/\/api.w.org\/{rel}","templated":true}]}}